{"id":94,"date":"2010-03-30T06:47:53","date_gmt":"2010-03-30T05:47:53","guid":{"rendered":"http:\/\/web02.webadmin1.net\/~cu-qzp3so\/?page_id=94"},"modified":"2018-08-22T20:24:27","modified_gmt":"2018-08-22T19:24:27","slug":"torbjorn-wenell-wenells","status":"publish","type":"page","link":"https:\/\/www.projektakademien.se\/pa\/ledamoter\/torbjorn-wenell-wenells\/","title":{"rendered":"Wenell, Torbj\u00f6rn"},"content":{"rendered":"<table border=\"0\" cellspacing=\"0\" cellpadding=\"0\">\n<tbody>\n<tr>\n<td align=\"left\" valign=\"top\" width=\"300\">\n<h3>Torbj\u00f6rn Wenell<\/h3>\n<p>Stockholm<\/p>\n<p><strong>Telefon <\/strong>08-545 465 00<\/p>\n<p><strong>Mobil <\/strong>070-55 11 001<\/p>\n<p><strong>E-post <\/strong>torbjorn.wenell@gmail.com<\/p>\n<p><strong>Akademiens sekreterare 1994-2009<\/strong><\/td>\n<td align=\"right\" valign=\"top\" width=\"300\"><a href=\"http:\/\/www.projektakademien.se\/pa\/wp-content\/uploads\/2010\/03\/wenell4.jpg\"><img loading=\"lazy\" class=\"alignright size-full wp-image-115\" title=\"wenell\" src=\"http:\/\/www.projektakademien.se\/pa\/wp-content\/uploads\/2010\/03\/wenell4.jpg\" alt=\"\" width=\"130\" height=\"130\" \/><\/a><\/td>\n<\/tr>\n<tr>\n<td colspan=\"2\" width=\"600\" height=\"20\"><\/td>\n<\/tr>\n<\/tbody>\n<\/table>\n<p><strong>Bakgrund <\/strong>Torbj\u00f6rn Wenell har arbetat med att utveckla projektformen och dess praktiska till\u00e4mpning sedan b\u00f6rjan p\u00e5 1960-talet. Han b\u00f6rjade som konsult 1965 och startade 1967 konsultf\u00f6retaget Wenell Management AB. I sin g\u00e4rning som konsult och utbildare arbetar Torbj\u00f6rn med alla typer av projekt inom de flesta branscher och har ansvarat f\u00f6r utbildning av mer \u00e4n 150 000 personer. Han tog 1967 initiativet till f\u00f6reningen Svenskt ProjektForum och medverkade 1994 vid starten av Svenska ProjektAkademien d\u00e4r han sedan dess \u00e4r ledamot. Under ett flertal \u00e5r var han knuten till Link\u00f6pings Universitet. Torbj\u00f6rn har publicerat ett stort antal b\u00f6cker och skrifter om projekt och projektledning; den senaste \u00e4r \u201dProjektledarskap\u201d (2014).<\/p>\n<p><strong>Inriktning <\/strong>Torbj\u00f6rn arbetar numera fr\u00e4mst som r\u00e5dgivare i f\u00f6retag och organisationer och som mentor f\u00f6r best\u00e4llare och projektledare.<\/p>\n<p><strong>Speciella intressen<\/strong> \u00d6ka den grundl\u00e4ggande insikten om hur projekt ska n\u00e5 sina effektm\u00e5l. Medverka till att utveckla v\u00e4l fungerande projektkulturer. R\u00e5dgivare och handledare vid start och omstart av projekt.<\/p>\n","protected":false},"excerpt":{"rendered":"<p>Torbj\u00f6rn Wenell Stockholm Telefon 08-545 465 00 Mobil 070-55 11 001 E-post torbjorn.wenell@gmail.com Akademiens sekreterare 1994-2009 Bakgrund Torbj\u00f6rn Wenell har arbetat med att utveckla projektformen och dess praktiska till\u00e4mpning sedan b\u00f6rjan p\u00e5 1960-talet. Han b\u00f6rjade som konsult 1965 och startade 1967 konsultf\u00f6retaget Wenell Management AB. I sin g\u00e4rning som konsult och utbildare arbetar Torbj\u00f6rn med [&hellip;]<\/p>\n","protected":false},"author":1,"featured_media":0,"parent":88,"menu_order":0,"comment_status":"open","ping_status":"open","template":"","meta":{"ngg_post_thumbnail":0},"categories":[1],"tags":[],"_links":{"self":[{"href":"https:\/\/www.projektakademien.se\/pa\/wp-json\/wp\/v2\/pages\/94"}],"collection":[{"href":"https:\/\/www.projektakademien.se\/pa\/wp-json\/wp\/v2\/pages"}],"about":[{"href":"https:\/\/www.projektakademien.se\/pa\/wp-json\/wp\/v2\/types\/page"}],"author":[{"embeddable":true,"href":"https:\/\/www.projektakademien.se\/pa\/wp-json\/wp\/v2\/users\/1"}],"replies":[{"embeddable":true,"href":"https:\/\/www.projektakademien.se\/pa\/wp-json\/wp\/v2\/comments?post=94"}],"version-history":[{"count":25,"href":"https:\/\/www.projektakademien.se\/pa\/wp-json\/wp\/v2\/pages\/94\/revisions"}],"predecessor-version":[{"id":3455,"href":"https:\/\/www.projektakademien.se\/pa\/wp-json\/wp\/v2\/pages\/94\/revisions\/3455"}],"up":[{"embeddable":true,"href":"https:\/\/www.projektakademien.se\/pa\/wp-json\/wp\/v2\/pages\/88"}],"wp:attachment":[{"href":"https:\/\/www.projektakademien.se\/pa\/wp-json\/wp\/v2\/media?parent=94"}],"wp:term":[{"taxonomy":"category","embeddable":true,"href":"https:\/\/www.projektakademien.se\/pa\/wp-json\/wp\/v2\/categories?post=94"},{"taxonomy":"post_tag","embeddable":true,"href":"https:\/\/www.projektakademien.se\/pa\/wp-json\/wp\/v2\/tags?post=94"}],"curies":[{"name":"wp","href":"https:\/\/api.w.org\/{rel}","templated":true}]}}