{"id":91,"date":"2010-03-30T06:41:58","date_gmt":"2010-03-30T05:41:58","guid":{"rendered":"http:\/\/web02.webadmin1.net\/~cu-qzp3so\/?page_id=91"},"modified":"2025-04-01T10:02:10","modified_gmt":"2025-04-01T09:02:10","slug":"utmarkelser","status":"publish","type":"page","link":"https:\/\/www.projektakademien.se\/pa\/utmarkelser\/","title":{"rendered":"Utm\u00e4rkelser"},"content":{"rendered":"<p>Akademien delar \u00e5rligen ut utm\u00e4rkelsen \u00c5rets Projektledare samt ett pris till \u00e5rets b\u00e4sta uppsats p\u00e5 bachelor- eller masterniv\u00e5 (C\/D) som belyser fr\u00e5gor av relevans f\u00f6r projekt, projektledning och projektbaserade verksamheter. Projektakademiens ledam\u00f6ter samlas varje \u00e5r f\u00f6r \u00f6verl\u00e4ggningar vid h\u00f6gtidssammankomsten i november\/december, \u00e5rsm\u00f6te i mars\/april, h\u00f6stupptakt i september och ev ytterligare n\u00e5got eller n\u00e5gra seminarier under \u00e5ret.&nbsp;<\/p>\n","protected":false},"excerpt":{"rendered":"<p>Akademien delar \u00e5rligen ut utm\u00e4rkelsen \u00c5rets Projektledare samt ett pris till \u00e5rets b\u00e4sta uppsats p\u00e5 bachelor- eller masterniv\u00e5 (C\/D) som belyser fr\u00e5gor av relevans f\u00f6r projekt, projektledning och projektbaserade verksamheter. Projektakademiens ledam\u00f6ter samlas varje \u00e5r f\u00f6r \u00f6verl\u00e4ggningar vid h\u00f6gtidssammankomsten i november\/december, \u00e5rsm\u00f6te i mars\/april, h\u00f6stupptakt i september och ev ytterligare n\u00e5got eller n\u00e5gra seminarier under [&hellip;]<\/p>\n","protected":false},"author":1,"featured_media":4245,"parent":0,"menu_order":2,"comment_status":"closed","ping_status":"open","template":"","meta":{"ngg_post_thumbnail":0},"categories":[1],"tags":[],"_links":{"self":[{"href":"https:\/\/www.projektakademien.se\/pa\/wp-json\/wp\/v2\/pages\/91"}],"collection":[{"href":"https:\/\/www.projektakademien.se\/pa\/wp-json\/wp\/v2\/pages"}],"about":[{"href":"https:\/\/www.projektakademien.se\/pa\/wp-json\/wp\/v2\/types\/page"}],"author":[{"embeddable":true,"href":"https:\/\/www.projektakademien.se\/pa\/wp-json\/wp\/v2\/users\/1"}],"replies":[{"embeddable":true,"href":"https:\/\/www.projektakademien.se\/pa\/wp-json\/wp\/v2\/comments?post=91"}],"version-history":[{"count":27,"href":"https:\/\/www.projektakademien.se\/pa\/wp-json\/wp\/v2\/pages\/91\/revisions"}],"predecessor-version":[{"id":7158,"href":"https:\/\/www.projektakademien.se\/pa\/wp-json\/wp\/v2\/pages\/91\/revisions\/7158"}],"wp:featuredmedia":[{"embeddable":true,"href":"https:\/\/www.projektakademien.se\/pa\/wp-json\/wp\/v2\/media\/4245"}],"wp:attachment":[{"href":"https:\/\/www.projektakademien.se\/pa\/wp-json\/wp\/v2\/media?parent=91"}],"wp:term":[{"taxonomy":"category","embeddable":true,"href":"https:\/\/www.projektakademien.se\/pa\/wp-json\/wp\/v2\/categories?post=91"},{"taxonomy":"post_tag","embeddable":true,"href":"https:\/\/www.projektakademien.se\/pa\/wp-json\/wp\/v2\/tags?post=91"}],"curies":[{"name":"wp","href":"https:\/\/api.w.org\/{rel}","templated":true}]}}