{"id":77,"date":"2010-03-29T19:39:17","date_gmt":"2010-03-29T18:39:17","guid":{"rendered":"http:\/\/web02.webadmin1.net\/~cu-qzp3so\/?page_id=77"},"modified":"2026-01-27T11:43:50","modified_gmt":"2026-01-27T10:43:50","slug":"bakgrund","status":"publish","type":"page","link":"https:\/\/www.projektakademien.se\/pa\/om-oss\/bakgrund\/","title":{"rendered":"Historik"},"content":{"rendered":"<p>Dagens verksamhet i Svenska ProjektAkademien \u00e4r i m\u00e5ngt och mycket fokuserad kring det ursprungliga behovet av kunskapsutveckling och forskning kring projektledning. Utm\u00e4rkelsen \u00c5rets Projektledare r\u00f6ner \u00e5rligen stor uppm\u00e4rksamhet, liksom priset f\u00f6r b\u00e4sta examensarbete bland universitetsstuderande. Akademien har \u00e4ven har varit starkt p\u00e5drivande av forskningen inom projektomr\u00e5det, inte minst genom de \u00e5terkommande forskardagarna och den tidigare verksamheten inom n\u00e4tverket Svenska Projekt.<\/p>\n<p>1968 bildades i Sverige en av de f\u00f6rsta intressef\u00f6reningarna f\u00f6r projektledare i v\u00e4rlden. F\u00f6reningen fick namnet <em>N\u00e4tplan<\/em> vilket v\u00e4l beskriver den d\u00e5tida inriktningen &#8211; dvs samverkan kring och utveckling av planeringsverktyg. I takt med den starka utvecklingen av projektf\u00e4ltet mot en mer generell och multidisciplin\u00e4r f\u00f6reteelse \u00e4ndrades f\u00f6reningens namn fr\u00e5n N\u00e4tplan till <em>Projektplan<\/em> f\u00f6r att numera heta <em>Svenskt Projektforum<\/em>.<\/p>\n<p>Trots Svenskt Projektforums arbete med att vidareutveckla projektledning och projektmetodik s\u00e5 fanns det i b\u00f6rjan av 1990-talet behov av nya, kompletterande, insatser. Man upplevde att f\u00f6rm\u00e5gan att genomf\u00f6ra effektiva projekt saknades i ledningarna f\u00f6r n\u00e4ringsliv och offentlig f\u00f6rvaltning. Inte heller forskningen inom projektomr\u00e5det hade kommit ig\u00e5ng, i praktiken saknades den helt. Samtidigt utvecklades den svenska ekonomin snabbt i riktning mot ett allt st\u00f6rre inslag av projektarbete och projektintensiva organisationsformer.<\/p>\n<p><img loading=\"lazy\" class=\"size-medium wp-image-3449 aligncenter\" src=\"http:\/\/www.projektakademien.se\/pa\/wp-content\/uploads\/2018\/08\/SPAK-instiftande-19940927_Sida_1-212x300.jpg\" alt=\"\" width=\"212\" height=\"300\" srcset=\"https:\/\/www.projektakademien.se\/pa\/wp-content\/uploads\/2018\/08\/SPAK-instiftande-19940927_Sida_1-212x300.jpg 212w, https:\/\/www.projektakademien.se\/pa\/wp-content\/uploads\/2018\/08\/SPAK-instiftande-19940927_Sida_1-768x1086.jpg 768w, https:\/\/www.projektakademien.se\/pa\/wp-content\/uploads\/2018\/08\/SPAK-instiftande-19940927_Sida_1-724x1024.jpg 724w, https:\/\/www.projektakademien.se\/pa\/wp-content\/uploads\/2018\/08\/SPAK-instiftande-19940927_Sida_1.jpg 819w\" sizes=\"(max-width: 212px) 100vw, 212px\" \/><\/p>\n<p>I avsikt att aktivt initiera och st\u00f6dja vetenskaplig forskning och utveckling av projektkunskap och kompetens bildades i september 1994 Svenska ProjektAkademien, v\u00e4rldens f\u00f6rsta projektakademi. Det konstituerande m\u00f6tet h\u00f6lls den 30 november 1994 och det f\u00f6rsta \u00e5rsm\u00f6tet den 15 mars 1995.<\/p>\n<p>Till Akademiens f\u00f6rsta styrelse (tidigare ben\u00e4mnt som H\u00f6gsta Beslutande Organ) valdes Jan Odhnoff, Kungliga Tekniska H\u00f6gskolan (ordf\u00f6rande), Catarina Meland, Ericsson (vice ordf\u00f6rande), Torbj\u00f6rn Wenell, Wenell Management (sekreterare), Olle Broman, Svensk K\u00e4rnbr\u00e4nslehantering (skattm\u00e4stare) samt G\u00f6ran Richert, Volvo Personvagnar (skattm\u00e4stare).<\/p>\n<p>Inriktningen var att akademien skulle best\u00e5 av 31 handplockade ledam\u00f6ter, en tredjedel av vardera ledande projektforskare, f\u00f6retagsrepresentanter i form av projektkontorschefer och framst\u00e5ende projektledare samt aktiva konsulter inom omr\u00e5det.<\/p>\n<p>Att det konstituerande m\u00f6tet h\u00f6lls den 30 november var ingen tillf\u00e4llighet. I de f\u00f6rberedande diskussionerna besl\u00f6ts att l\u00e5ta n\u00e5gon av Sveriges internationellt k\u00e4nda uppfinnare och projektledare bli \u201dfadder\u201d f\u00f6r Akademien. Valet f\u00f6ll p\u00e5 Gustaf Dahl\u00e9n, vars f\u00f6delsedag var just den 30 november. I och med valet av fyrens uppfinnare som ledstj\u00e4rna besl\u00f6ts att Akademiens logotyp skulle baseras p\u00e5 symbolen f\u00f6r fyrar p\u00e5 de gamla sj\u00f6korten.<\/p>\n<p>F\u00f6rutom att fr\u00e4mja utvecklingen inom projektomr\u00e5det fokuserades verksamheten initialt p\u00e5<\/p>\n<ul>\n<li>Certifiering av projektledare inom Sverige<\/li>\n<li>Kvalitetsbed\u00f6mning av projektledningsutbildning<\/li>\n<li>Att utse \u201d\u00c5rets projektledare\u201d<\/li>\n<li>Utgivandet av Svenskt projektlexikon<\/li>\n<\/ul>\n<p>Akademien var med och initierade certifieringsverksamheten i Sverige men samarbetet med Svenskt Projektforum har inneburit att det varit naturligt att den senare f\u00f6reningen har tagit \u00f6ver ansvaret f\u00f6r den aktiva certifieringsverksamheten samt nomenklatur- och standardiseringsfr\u00e5gor.<\/p>\n<p><strong>Akademiens ordf\u00f6rande har varit<\/strong><\/p>\n<p>2022-: Tomas Gustavsson, Universitetslektor, Karlstads Universitet, Karlstad<\/p>\n<p>2014-2022: Anna Nilsson-Ehle, Direkt\u00f6r, G\u00f6teborg<\/p>\n<p>2004-2014: Anders S\u00f6derholm, Professor, Mittuniversitetet, Sundsvall<\/p>\n<p>2000-2004: Rolf A Lundin, Professor, Internationella Handelsh\u00f6gskolan i J\u00f6nk\u00f6ping, J\u00f6nk\u00f6ping<\/p>\n<p>1994-2000: Jan Odhnoff, Professor, Kungl Tekniska H\u00f6gskolan, Stockholm (Akademiens hedersordf\u00f6rande)<\/p>\n<p><strong>Akademiens sekreterare har varit<\/strong><\/p>\n<p>2022-: Per Zachrisson, Projektledare, Ericsson, Stockholm<\/p>\n<p>2021-2022: Tomas Gustavsson, Universitetslektor, Karlstad<\/p>\n<p>2017-2021: Eva Lindgren, Senior Director, Astra Zeneca, G\u00f6teborg<\/p>\n<p>2014-2017: Marie Reinicke, F\u00f6rvaltningsledare, \u00d6sterg\u00f6tlands L\u00e4ns Landsting, Link\u00f6ping<\/p>\n<p>2012-2014: John-Olof Hermanson, Direkt\u00f6r, Vanaheim AB, G\u00e4vle<\/p>\n<p>2009-2012: Ulla-Britt Westerberg, Global Project Manager, AstraZeneca, M\u00f6lndal<\/p>\n<p>1994-2009: Torbj\u00f6rn Wenell, Direkt\u00f6r, Projektkultur Torbj\u00f6rn Wenell AB, Stockholm<\/p>\n","protected":false},"excerpt":{"rendered":"<p>Dagens verksamhet i Svenska ProjektAkademien \u00e4r i m\u00e5ngt och mycket fokuserad kring det ursprungliga behovet av kunskapsutveckling och forskning kring projektledning. Utm\u00e4rkelsen \u00c5rets Projektledare r\u00f6ner \u00e5rligen stor uppm\u00e4rksamhet, liksom priset f\u00f6r b\u00e4sta examensarbete bland universitetsstuderande. Akademien har \u00e4ven har varit starkt p\u00e5drivande av forskningen inom projektomr\u00e5det, inte minst genom de \u00e5terkommande forskardagarna och den tidigare [&hellip;]<\/p>\n","protected":false},"author":1,"featured_media":0,"parent":3239,"menu_order":2,"comment_status":"closed","ping_status":"open","template":"","meta":{"ngg_post_thumbnail":0},"categories":[1],"tags":[],"_links":{"self":[{"href":"https:\/\/www.projektakademien.se\/pa\/wp-json\/wp\/v2\/pages\/77"}],"collection":[{"href":"https:\/\/www.projektakademien.se\/pa\/wp-json\/wp\/v2\/pages"}],"about":[{"href":"https:\/\/www.projektakademien.se\/pa\/wp-json\/wp\/v2\/types\/page"}],"author":[{"embeddable":true,"href":"https:\/\/www.projektakademien.se\/pa\/wp-json\/wp\/v2\/users\/1"}],"replies":[{"embeddable":true,"href":"https:\/\/www.projektakademien.se\/pa\/wp-json\/wp\/v2\/comments?post=77"}],"version-history":[{"count":47,"href":"https:\/\/www.projektakademien.se\/pa\/wp-json\/wp\/v2\/pages\/77\/revisions"}],"predecessor-version":[{"id":7407,"href":"https:\/\/www.projektakademien.se\/pa\/wp-json\/wp\/v2\/pages\/77\/revisions\/7407"}],"up":[{"embeddable":true,"href":"https:\/\/www.projektakademien.se\/pa\/wp-json\/wp\/v2\/pages\/3239"}],"wp:attachment":[{"href":"https:\/\/www.projektakademien.se\/pa\/wp-json\/wp\/v2\/media?parent=77"}],"wp:term":[{"taxonomy":"category","embeddable":true,"href":"https:\/\/www.projektakademien.se\/pa\/wp-json\/wp\/v2\/categories?post=77"},{"taxonomy":"post_tag","embeddable":true,"href":"https:\/\/www.projektakademien.se\/pa\/wp-json\/wp\/v2\/tags?post=77"}],"curies":[{"name":"wp","href":"https:\/\/api.w.org\/{rel}","templated":true}]}}