{"id":7254,"date":"2025-06-01T17:14:31","date_gmt":"2025-06-01T16:14:31","guid":{"rendered":"https:\/\/www.projektakademien.se\/pa\/?page_id=7254"},"modified":"2025-06-01T17:14:32","modified_gmt":"2025-06-01T16:14:32","slug":"therese-brusberg","status":"publish","type":"page","link":"https:\/\/www.projektakademien.se\/pa\/therese-brusberg\/","title":{"rendered":"Therese Brusberg"},"content":{"rendered":"\n<div class=\"wp-block-columns\">\n<div class=\"wp-block-column\">\n<p>Therese Brusberg \u00e4r chef f\u00f6r aff\u00e4rsomr\u00e5det Destinationsutveckling p\u00e5 G\u00f6teborg &amp; Co som \u00e4r ett kommunalt bolag inom G\u00f6teborgs Stad.<\/p>\n\n\n\n<p>G\u00f6teborg &amp; Co arbetar f\u00f6r att f\u00e5 fler att uppt\u00e4cka och v\u00e4lja G\u00f6teborg. Det g\u00f6rs genom att i bred samverkan leda och driva utvecklingen av G\u00f6teborg som h\u00e5llbar destination s\u00e5 att alla som lever och verkar h\u00e4r gynnas av en v\u00e4xande bes\u00f6ksn\u00e4ring.<\/p>\n\n\n\n<p>Therese har bred erfarenhet av projektledning och utvecklingsarbete inom turism, bes\u00f6ksn\u00e4ring, evenemang, upplevelser och kommunikation. Uppdraget att leda arbetet med G\u00f6teborgs 400-\u00e5rsjubileum, under drygt tio \u00e5rs tid, har skapat m\u00e5nga best\u00e5ende v\u00e4rden f\u00f6r G\u00f6teborg och ett v\u00e4rdefullt l\u00e4rande om kraften i samverkan mot gemensamma m\u00e5l.<\/p>\n<\/div>\n\n\n\n<div class=\"wp-block-column\">\n<figure class=\"wp-block-image size-large\"><a href=\"https:\/\/www.projektakademien.se\/pa\/wp-content\/uploads\/2025\/06\/Therese-Brusberg-6.jpg\"><img loading=\"lazy\" width=\"327\" height=\"286\" src=\"https:\/\/www.projektakademien.se\/pa\/wp-content\/uploads\/2025\/06\/Therese-Brusberg-6.jpg\" alt=\"\" class=\"wp-image-7257\" srcset=\"https:\/\/www.projektakademien.se\/pa\/wp-content\/uploads\/2025\/06\/Therese-Brusberg-6.jpg 327w, https:\/\/www.projektakademien.se\/pa\/wp-content\/uploads\/2025\/06\/Therese-Brusberg-6-300x262.jpg 300w\" sizes=\"(max-width: 327px) 100vw, 327px\" \/><\/a><\/figure>\n<\/div>\n<\/div>\n\n\n\n<p><\/p>\n","protected":false},"excerpt":{"rendered":"<p>Therese Brusberg \u00e4r chef f\u00f6r aff\u00e4rsomr\u00e5det Destinationsutveckling p\u00e5 G\u00f6teborg &amp; Co som \u00e4r ett kommunalt bolag inom G\u00f6teborgs Stad. G\u00f6teborg &amp; Co arbetar f\u00f6r att f\u00e5 fler att uppt\u00e4cka och v\u00e4lja G\u00f6teborg. Det g\u00f6rs genom att i bred samverkan leda och driva utvecklingen av G\u00f6teborg som h\u00e5llbar destination s\u00e5 att alla som lever och verkar [&hellip;]<\/p>\n","protected":false},"author":11,"featured_media":0,"parent":0,"menu_order":0,"comment_status":"closed","ping_status":"closed","template":"","meta":{"ngg_post_thumbnail":0},"categories":[],"tags":[],"_links":{"self":[{"href":"https:\/\/www.projektakademien.se\/pa\/wp-json\/wp\/v2\/pages\/7254"}],"collection":[{"href":"https:\/\/www.projektakademien.se\/pa\/wp-json\/wp\/v2\/pages"}],"about":[{"href":"https:\/\/www.projektakademien.se\/pa\/wp-json\/wp\/v2\/types\/page"}],"author":[{"embeddable":true,"href":"https:\/\/www.projektakademien.se\/pa\/wp-json\/wp\/v2\/users\/11"}],"replies":[{"embeddable":true,"href":"https:\/\/www.projektakademien.se\/pa\/wp-json\/wp\/v2\/comments?post=7254"}],"version-history":[{"count":1,"href":"https:\/\/www.projektakademien.se\/pa\/wp-json\/wp\/v2\/pages\/7254\/revisions"}],"predecessor-version":[{"id":7260,"href":"https:\/\/www.projektakademien.se\/pa\/wp-json\/wp\/v2\/pages\/7254\/revisions\/7260"}],"wp:attachment":[{"href":"https:\/\/www.projektakademien.se\/pa\/wp-json\/wp\/v2\/media?parent=7254"}],"wp:term":[{"taxonomy":"category","embeddable":true,"href":"https:\/\/www.projektakademien.se\/pa\/wp-json\/wp\/v2\/categories?post=7254"},{"taxonomy":"post_tag","embeddable":true,"href":"https:\/\/www.projektakademien.se\/pa\/wp-json\/wp\/v2\/tags?post=7254"}],"curies":[{"name":"wp","href":"https:\/\/api.w.org\/{rel}","templated":true}]}}