{"id":7234,"date":"2025-04-28T11:53:11","date_gmt":"2025-04-28T10:53:11","guid":{"rendered":"https:\/\/www.projektakademien.se\/pa\/?page_id=7234"},"modified":"2025-04-28T11:53:12","modified_gmt":"2025-04-28T10:53:12","slug":"henrik-jutbring","status":"publish","type":"page","link":"https:\/\/www.projektakademien.se\/pa\/henrik-jutbring\/","title":{"rendered":"Henrik Jutbring"},"content":{"rendered":"\n<div class=\"wp-block-columns\">\n<div class=\"wp-block-column\">\n<p>Henrik Jutbring, ek. dr., \u00e4r evenemangschef p\u00e5 G\u00f6teborgs Stads arena- och evenemangsbolag Got Event och arbetar d\u00e4r med inneh\u00e5ll och kommersiella fr\u00e5gor kopplade till arenor som Ullevi, Scandinavium, Gamla Ullevi och Bravida.<\/p>\n\n\n\n<p><br>F\u00f6rutom evenemang har Henrik en bakgrund inom h\u00e5llbarhetsfr\u00e5gor, bl a genom arbete med G\u00f6teborgs Stads program f\u00f6r en j\u00e4mlik stad och med en avhandling om hur stora publika upplevelser kan anv\u00e4ndas f\u00f6r att kommunicera budskap som p\u00e5verkar beteenden.<\/p>\n\n\n\n<p><br>Henrik disputerade inom f\u00f6retagsekonomi p\u00e5 Handelsh\u00f6gskolan vid G\u00f6teborgs Universitet \u00e5r 2017.<\/p>\n<\/div>\n\n\n\n<div class=\"wp-block-column\">\n<figure class=\"wp-block-image size-large\"><a href=\"https:\/\/www.projektakademien.se\/pa\/wp-content\/uploads\/2025\/04\/HenrikJutbring.jpg\"><img loading=\"lazy\" width=\"466\" height=\"546\" src=\"https:\/\/www.projektakademien.se\/pa\/wp-content\/uploads\/2025\/04\/HenrikJutbring.jpg\" alt=\"\" class=\"wp-image-7236\" srcset=\"https:\/\/www.projektakademien.se\/pa\/wp-content\/uploads\/2025\/04\/HenrikJutbring.jpg 466w, https:\/\/www.projektakademien.se\/pa\/wp-content\/uploads\/2025\/04\/HenrikJutbring-256x300.jpg 256w\" sizes=\"(max-width: 466px) 100vw, 466px\" \/><\/a><figcaption>Got Event styrelsen<\/figcaption><\/figure>\n<\/div>\n<\/div>\n","protected":false},"excerpt":{"rendered":"<p>Henrik Jutbring, ek. dr., \u00e4r evenemangschef p\u00e5 G\u00f6teborgs Stads arena- och evenemangsbolag Got Event och arbetar d\u00e4r med inneh\u00e5ll och kommersiella fr\u00e5gor kopplade till arenor som Ullevi, Scandinavium, Gamla Ullevi och Bravida. F\u00f6rutom evenemang har Henrik en bakgrund inom h\u00e5llbarhetsfr\u00e5gor, bl a genom arbete med G\u00f6teborgs Stads program f\u00f6r en j\u00e4mlik stad och med en [&hellip;]<\/p>\n","protected":false},"author":11,"featured_media":0,"parent":0,"menu_order":0,"comment_status":"closed","ping_status":"closed","template":"","meta":{"ngg_post_thumbnail":0},"categories":[],"tags":[],"_links":{"self":[{"href":"https:\/\/www.projektakademien.se\/pa\/wp-json\/wp\/v2\/pages\/7234"}],"collection":[{"href":"https:\/\/www.projektakademien.se\/pa\/wp-json\/wp\/v2\/pages"}],"about":[{"href":"https:\/\/www.projektakademien.se\/pa\/wp-json\/wp\/v2\/types\/page"}],"author":[{"embeddable":true,"href":"https:\/\/www.projektakademien.se\/pa\/wp-json\/wp\/v2\/users\/11"}],"replies":[{"embeddable":true,"href":"https:\/\/www.projektakademien.se\/pa\/wp-json\/wp\/v2\/comments?post=7234"}],"version-history":[{"count":1,"href":"https:\/\/www.projektakademien.se\/pa\/wp-json\/wp\/v2\/pages\/7234\/revisions"}],"predecessor-version":[{"id":7238,"href":"https:\/\/www.projektakademien.se\/pa\/wp-json\/wp\/v2\/pages\/7234\/revisions\/7238"}],"wp:attachment":[{"href":"https:\/\/www.projektakademien.se\/pa\/wp-json\/wp\/v2\/media?parent=7234"}],"wp:term":[{"taxonomy":"category","embeddable":true,"href":"https:\/\/www.projektakademien.se\/pa\/wp-json\/wp\/v2\/categories?post=7234"},{"taxonomy":"post_tag","embeddable":true,"href":"https:\/\/www.projektakademien.se\/pa\/wp-json\/wp\/v2\/tags?post=7234"}],"curies":[{"name":"wp","href":"https:\/\/api.w.org\/{rel}","templated":true}]}}