{"id":7228,"date":"2025-04-28T11:51:53","date_gmt":"2025-04-28T10:51:53","guid":{"rendered":"https:\/\/www.projektakademien.se\/pa\/?page_id=7228"},"modified":"2025-04-28T11:51:54","modified_gmt":"2025-04-28T10:51:54","slug":"richard-wiedenkeller","status":"publish","type":"page","link":"https:\/\/www.projektakademien.se\/pa\/richard-wiedenkeller\/","title":{"rendered":"Richard Wiedenkeller"},"content":{"rendered":"\n<div class=\"wp-block-columns\">\n<div class=\"wp-block-column\">\n<p>Richard Wiedenkeller<br>Ericsson AB<br>Stockholm<br>Mobil 070-267 0484<br>E-post richard.wiedenkeller@ericsson.com<\/p>\n\n\n\n<p><strong>Bakgrund: <\/strong>Civilingenj\u00f6rsexamen inom elektronik fr\u00e5n KTH i Stockholm. Richard har arbetat i olika f\u00f6retag med produktutveckling, h\u00e5rdvara och mjukvara. Senaste 25 \u00e5ren inom Ericsson som projektledare f\u00f6r medelstora till mycket stora globala projekt inom Ericsson, fr\u00e4mst produkter inom mobil n\u00e4tverksstuktur; som basbandsenheter och radiof\u00f6rst\u00e4rkare i basstationer.<br>Har f\u00f6rm\u00e5ga att hantera komplexa globala projekt och spelar g\u00e4rna musik, \u00e4ven p\u00e5 jobbet n\u00e4r det ska firas\u2026<br>\u00c4r med i assessment av design-projektledare inom Networks p\u00e5 Ericsson.<\/p>\n\n\n\n<p><strong>Inriktning<\/strong>: Projekt- och programledning av globala utvecklingsprojekt. Effektiv produktuveckling. Coaching av projektledare.<\/p>\n<\/div>\n\n\n\n<div class=\"wp-block-column\">\n<figure class=\"wp-block-image size-large\"><a href=\"https:\/\/www.projektakademien.se\/pa\/wp-content\/uploads\/2025\/04\/RichardWiedenkeller.jpg\"><img loading=\"lazy\" width=\"309\" height=\"450\" src=\"https:\/\/www.projektakademien.se\/pa\/wp-content\/uploads\/2025\/04\/RichardWiedenkeller.jpg\" alt=\"\" class=\"wp-image-7230\" srcset=\"https:\/\/www.projektakademien.se\/pa\/wp-content\/uploads\/2025\/04\/RichardWiedenkeller.jpg 309w, https:\/\/www.projektakademien.se\/pa\/wp-content\/uploads\/2025\/04\/RichardWiedenkeller-206x300.jpg 206w\" sizes=\"(max-width: 309px) 100vw, 309px\" \/><\/a><\/figure>\n<\/div>\n<\/div>\n","protected":false},"excerpt":{"rendered":"<p>Richard WiedenkellerEricsson ABStockholmMobil 070-267 0484E-post richard.wiedenkeller@ericsson.com Bakgrund: Civilingenj\u00f6rsexamen inom elektronik fr\u00e5n KTH i Stockholm. Richard har arbetat i olika f\u00f6retag med produktutveckling, h\u00e5rdvara och mjukvara. Senaste 25 \u00e5ren inom Ericsson som projektledare f\u00f6r medelstora till mycket stora globala projekt inom Ericsson, fr\u00e4mst produkter inom mobil n\u00e4tverksstuktur; som basbandsenheter och radiof\u00f6rst\u00e4rkare i basstationer.Har f\u00f6rm\u00e5ga att hantera [&hellip;]<\/p>\n","protected":false},"author":11,"featured_media":0,"parent":0,"menu_order":0,"comment_status":"closed","ping_status":"closed","template":"","meta":{"ngg_post_thumbnail":0},"categories":[],"tags":[],"_links":{"self":[{"href":"https:\/\/www.projektakademien.se\/pa\/wp-json\/wp\/v2\/pages\/7228"}],"collection":[{"href":"https:\/\/www.projektakademien.se\/pa\/wp-json\/wp\/v2\/pages"}],"about":[{"href":"https:\/\/www.projektakademien.se\/pa\/wp-json\/wp\/v2\/types\/page"}],"author":[{"embeddable":true,"href":"https:\/\/www.projektakademien.se\/pa\/wp-json\/wp\/v2\/users\/11"}],"replies":[{"embeddable":true,"href":"https:\/\/www.projektakademien.se\/pa\/wp-json\/wp\/v2\/comments?post=7228"}],"version-history":[{"count":1,"href":"https:\/\/www.projektakademien.se\/pa\/wp-json\/wp\/v2\/pages\/7228\/revisions"}],"predecessor-version":[{"id":7232,"href":"https:\/\/www.projektakademien.se\/pa\/wp-json\/wp\/v2\/pages\/7228\/revisions\/7232"}],"wp:attachment":[{"href":"https:\/\/www.projektakademien.se\/pa\/wp-json\/wp\/v2\/media?parent=7228"}],"wp:term":[{"taxonomy":"category","embeddable":true,"href":"https:\/\/www.projektakademien.se\/pa\/wp-json\/wp\/v2\/categories?post=7228"},{"taxonomy":"post_tag","embeddable":true,"href":"https:\/\/www.projektakademien.se\/pa\/wp-json\/wp\/v2\/tags?post=7228"}],"curies":[{"name":"wp","href":"https:\/\/api.w.org\/{rel}","templated":true}]}}