{"id":6758,"date":"2024-05-28T09:01:00","date_gmt":"2024-05-28T08:01:00","guid":{"rendered":"https:\/\/www.projektakademien.se\/pa\/?page_id=6758"},"modified":"2024-05-28T09:01:02","modified_gmt":"2024-05-28T08:01:02","slug":"christian-jensen","status":"publish","type":"page","link":"https:\/\/www.projektakademien.se\/pa\/christian-jensen\/","title":{"rendered":"Christian Jensen"},"content":{"rendered":"\n<div class=\"wp-block-columns\">\n<div class=\"wp-block-column\">\n<p>Christian \u00e4r universitetslektor och docent p\u00e5 f\u00f6retagsekonomiska institutionen vid Handelsh\u00f6gskolan p\u00e5 G\u00f6teborgs universitet.<\/p>\n\n\n\n<p><\/p>\n<\/div>\n\n\n\n<div class=\"wp-block-column\">\n<figure class=\"wp-block-image size-large\"><a href=\"https:\/\/www.projektakademien.se\/pa\/wp-content\/uploads\/2024\/05\/ChristianJensen.jpg\"><img loading=\"lazy\" width=\"200\" height=\"260\" src=\"https:\/\/www.projektakademien.se\/pa\/wp-content\/uploads\/2024\/05\/ChristianJensen.jpg\" alt=\"\" class=\"wp-image-6761\"\/><\/a><\/figure>\n<\/div>\n<\/div>\n\n\n\n<p><\/p>\n","protected":false},"excerpt":{"rendered":"<p>Christian \u00e4r universitetslektor och docent p\u00e5 f\u00f6retagsekonomiska institutionen vid Handelsh\u00f6gskolan p\u00e5 G\u00f6teborgs universitet.<\/p>\n","protected":false},"author":11,"featured_media":0,"parent":0,"menu_order":0,"comment_status":"closed","ping_status":"closed","template":"","meta":{"ngg_post_thumbnail":0},"categories":[],"tags":[],"_links":{"self":[{"href":"https:\/\/www.projektakademien.se\/pa\/wp-json\/wp\/v2\/pages\/6758"}],"collection":[{"href":"https:\/\/www.projektakademien.se\/pa\/wp-json\/wp\/v2\/pages"}],"about":[{"href":"https:\/\/www.projektakademien.se\/pa\/wp-json\/wp\/v2\/types\/page"}],"author":[{"embeddable":true,"href":"https:\/\/www.projektakademien.se\/pa\/wp-json\/wp\/v2\/users\/11"}],"replies":[{"embeddable":true,"href":"https:\/\/www.projektakademien.se\/pa\/wp-json\/wp\/v2\/comments?post=6758"}],"version-history":[{"count":1,"href":"https:\/\/www.projektakademien.se\/pa\/wp-json\/wp\/v2\/pages\/6758\/revisions"}],"predecessor-version":[{"id":6764,"href":"https:\/\/www.projektakademien.se\/pa\/wp-json\/wp\/v2\/pages\/6758\/revisions\/6764"}],"wp:attachment":[{"href":"https:\/\/www.projektakademien.se\/pa\/wp-json\/wp\/v2\/media?parent=6758"}],"wp:term":[{"taxonomy":"category","embeddable":true,"href":"https:\/\/www.projektakademien.se\/pa\/wp-json\/wp\/v2\/categories?post=6758"},{"taxonomy":"post_tag","embeddable":true,"href":"https:\/\/www.projektakademien.se\/pa\/wp-json\/wp\/v2\/tags?post=6758"}],"curies":[{"name":"wp","href":"https:\/\/api.w.org\/{rel}","templated":true}]}}