{"id":6749,"date":"2024-05-28T08:56:27","date_gmt":"2024-05-28T07:56:27","guid":{"rendered":"https:\/\/www.projektakademien.se\/pa\/?page_id=6749"},"modified":"2024-05-28T08:56:28","modified_gmt":"2024-05-28T07:56:28","slug":"johan-westman","status":"publish","type":"page","link":"https:\/\/www.projektakademien.se\/pa\/johan-westman\/","title":{"rendered":"Johan Westman"},"content":{"rendered":"\n<div class=\"wp-block-columns\">\n<div class=\"wp-block-column\">\n<p>Johan \u00e4r projektchef och vVD f\u00f6r Eurocon samt projektdirekt\u00f6r p\u00e5 Rejlers Sverige.<\/p>\n\n\n\n<p><\/p>\n<\/div>\n\n\n\n<div class=\"wp-block-column\">\n<figure class=\"wp-block-image size-large\"><a href=\"https:\/\/www.projektakademien.se\/pa\/wp-content\/uploads\/2024\/05\/JohanWestman.jpg\"><img loading=\"lazy\" width=\"220\" height=\"220\" src=\"https:\/\/www.projektakademien.se\/pa\/wp-content\/uploads\/2024\/05\/JohanWestman.jpg\" alt=\"\" class=\"wp-image-6752\" srcset=\"https:\/\/www.projektakademien.se\/pa\/wp-content\/uploads\/2024\/05\/JohanWestman.jpg 220w, https:\/\/www.projektakademien.se\/pa\/wp-content\/uploads\/2024\/05\/JohanWestman-150x150.jpg 150w\" sizes=\"(max-width: 220px) 100vw, 220px\" \/><\/a><\/figure>\n<\/div>\n<\/div>\n\n\n\n<p><\/p>\n","protected":false},"excerpt":{"rendered":"<p>Johan \u00e4r projektchef och vVD f\u00f6r Eurocon samt projektdirekt\u00f6r p\u00e5 Rejlers Sverige.<\/p>\n","protected":false},"author":11,"featured_media":0,"parent":0,"menu_order":0,"comment_status":"closed","ping_status":"closed","template":"","meta":{"ngg_post_thumbnail":0},"categories":[],"tags":[],"_links":{"self":[{"href":"https:\/\/www.projektakademien.se\/pa\/wp-json\/wp\/v2\/pages\/6749"}],"collection":[{"href":"https:\/\/www.projektakademien.se\/pa\/wp-json\/wp\/v2\/pages"}],"about":[{"href":"https:\/\/www.projektakademien.se\/pa\/wp-json\/wp\/v2\/types\/page"}],"author":[{"embeddable":true,"href":"https:\/\/www.projektakademien.se\/pa\/wp-json\/wp\/v2\/users\/11"}],"replies":[{"embeddable":true,"href":"https:\/\/www.projektakademien.se\/pa\/wp-json\/wp\/v2\/comments?post=6749"}],"version-history":[{"count":1,"href":"https:\/\/www.projektakademien.se\/pa\/wp-json\/wp\/v2\/pages\/6749\/revisions"}],"predecessor-version":[{"id":6755,"href":"https:\/\/www.projektakademien.se\/pa\/wp-json\/wp\/v2\/pages\/6749\/revisions\/6755"}],"wp:attachment":[{"href":"https:\/\/www.projektakademien.se\/pa\/wp-json\/wp\/v2\/media?parent=6749"}],"wp:term":[{"taxonomy":"category","embeddable":true,"href":"https:\/\/www.projektakademien.se\/pa\/wp-json\/wp\/v2\/categories?post=6749"},{"taxonomy":"post_tag","embeddable":true,"href":"https:\/\/www.projektakademien.se\/pa\/wp-json\/wp\/v2\/tags?post=6749"}],"curies":[{"name":"wp","href":"https:\/\/api.w.org\/{rel}","templated":true}]}}