{"id":6740,"date":"2024-05-28T08:21:31","date_gmt":"2024-05-28T07:21:31","guid":{"rendered":"https:\/\/www.projektakademien.se\/pa\/?page_id=6740"},"modified":"2024-05-28T08:21:51","modified_gmt":"2024-05-28T07:21:51","slug":"ksenia-onufrey","status":"publish","type":"page","link":"https:\/\/www.projektakademien.se\/pa\/ksenia-onufrey\/","title":{"rendered":"Ksenia Onufrey"},"content":{"rendered":"\n<div class=\"wp-block-columns\">\n<div class=\"wp-block-column\">\n<p>Ksenia \u00e4r universitetslektor p\u00e5 Chalmers Tekniska H\u00f6gskola (sedan 2021).<\/p>\n\n\n\n<p>Hon disputerade vid Link\u00f6pings universitet 2017 och har undervisat i projektledning sedan 2012.<\/p>\n\n\n\n<p><\/p>\n\n\n\n<p><\/p>\n<\/div>\n\n\n\n<div class=\"wp-block-column\">\n<figure class=\"wp-block-image size-large\"><a href=\"https:\/\/www.projektakademien.se\/pa\/wp-content\/uploads\/2024\/05\/KseniaOnufrey.jpg\"><img loading=\"lazy\" width=\"443\" height=\"591\" src=\"https:\/\/www.projektakademien.se\/pa\/wp-content\/uploads\/2024\/05\/KseniaOnufrey.jpg\" alt=\"\" class=\"wp-image-6743\" srcset=\"https:\/\/www.projektakademien.se\/pa\/wp-content\/uploads\/2024\/05\/KseniaOnufrey.jpg 443w, https:\/\/www.projektakademien.se\/pa\/wp-content\/uploads\/2024\/05\/KseniaOnufrey-225x300.jpg 225w\" sizes=\"(max-width: 443px) 100vw, 443px\" \/><\/a><\/figure>\n<\/div>\n<\/div>\n\n\n\n<p><\/p>\n","protected":false},"excerpt":{"rendered":"<p>Ksenia \u00e4r universitetslektor p\u00e5 Chalmers Tekniska H\u00f6gskola (sedan 2021). Hon disputerade vid Link\u00f6pings universitet 2017 och har undervisat i projektledning sedan 2012.<\/p>\n","protected":false},"author":11,"featured_media":0,"parent":0,"menu_order":0,"comment_status":"closed","ping_status":"closed","template":"","meta":{"ngg_post_thumbnail":0},"categories":[],"tags":[],"_links":{"self":[{"href":"https:\/\/www.projektakademien.se\/pa\/wp-json\/wp\/v2\/pages\/6740"}],"collection":[{"href":"https:\/\/www.projektakademien.se\/pa\/wp-json\/wp\/v2\/pages"}],"about":[{"href":"https:\/\/www.projektakademien.se\/pa\/wp-json\/wp\/v2\/types\/page"}],"author":[{"embeddable":true,"href":"https:\/\/www.projektakademien.se\/pa\/wp-json\/wp\/v2\/users\/11"}],"replies":[{"embeddable":true,"href":"https:\/\/www.projektakademien.se\/pa\/wp-json\/wp\/v2\/comments?post=6740"}],"version-history":[{"count":1,"href":"https:\/\/www.projektakademien.se\/pa\/wp-json\/wp\/v2\/pages\/6740\/revisions"}],"predecessor-version":[{"id":6746,"href":"https:\/\/www.projektakademien.se\/pa\/wp-json\/wp\/v2\/pages\/6740\/revisions\/6746"}],"wp:attachment":[{"href":"https:\/\/www.projektakademien.se\/pa\/wp-json\/wp\/v2\/media?parent=6740"}],"wp:term":[{"taxonomy":"category","embeddable":true,"href":"https:\/\/www.projektakademien.se\/pa\/wp-json\/wp\/v2\/categories?post=6740"},{"taxonomy":"post_tag","embeddable":true,"href":"https:\/\/www.projektakademien.se\/pa\/wp-json\/wp\/v2\/tags?post=6740"}],"curies":[{"name":"wp","href":"https:\/\/api.w.org\/{rel}","templated":true}]}}