{"id":669,"date":"2010-08-31T11:10:45","date_gmt":"2010-08-31T10:10:45","guid":{"rendered":"http:\/\/www.projektakademien.se\/pa\/?page_id=669"},"modified":"2024-10-14T11:25:06","modified_gmt":"2024-10-14T10:25:06","slug":"zika-viktorsson-annika","status":"publish","type":"page","link":"https:\/\/www.projektakademien.se\/pa\/ledamoter\/zika-viktorsson-annika\/","title":{"rendered":"Zika-Viktorsson, Annika"},"content":{"rendered":"<table border=\"0\" cellspacing=\"0\" cellpadding=\"0\">\n<tbody>\n<tr>\n<td align=\"left\" valign=\"top\" width=\"300\">\n<h3>Annika Zika-Viktorsson<\/h3>\n<p>Analytiker<br \/>\nVinnova<\/p>\n<p>Stockholm<\/p>\n<p><strong>Telefon <\/strong>08 &#8211; 473 3059<\/p>\n<p><strong>E-post <\/strong><a href=\"mailto:annika.zika-viktorsson@vinnova.se\">annika.zika-viktorsson@vinnova.se<\/a><\/td>\n<td align=\"right\" valign=\"top\" width=\"300\">&nbsp;&nbsp;<\/p>\n<p style=\"text-align: left;\"><a href=\"https:\/\/www.projektakademien.se\/pa\/wp-content\/uploads\/2024\/10\/Bild-Annika-Zika-Viktorsson.jpg\"><img loading=\"lazy\" class=\"alignnone size-medium wp-image-6843\" src=\"https:\/\/www.projektakademien.se\/pa\/wp-content\/uploads\/2024\/10\/Bild-Annika-Zika-Viktorsson-300x300.jpg\" alt=\"\" width=\"300\" height=\"300\" srcset=\"https:\/\/www.projektakademien.se\/pa\/wp-content\/uploads\/2024\/10\/Bild-Annika-Zika-Viktorsson-300x300.jpg 300w, https:\/\/www.projektakademien.se\/pa\/wp-content\/uploads\/2024\/10\/Bild-Annika-Zika-Viktorsson-150x150.jpg 150w, https:\/\/www.projektakademien.se\/pa\/wp-content\/uploads\/2024\/10\/Bild-Annika-Zika-Viktorsson-570x570.jpg 570w, https:\/\/www.projektakademien.se\/pa\/wp-content\/uploads\/2024\/10\/Bild-Annika-Zika-Viktorsson-380x380.jpg 380w, https:\/\/www.projektakademien.se\/pa\/wp-content\/uploads\/2024\/10\/Bild-Annika-Zika-Viktorsson-285x285.jpg 285w, https:\/\/www.projektakademien.se\/pa\/wp-content\/uploads\/2024\/10\/Bild-Annika-Zika-Viktorsson.jpg 648w\" sizes=\"(max-width: 300px) 100vw, 300px\" \/><\/a><\/p>\n<\/td>\n<\/tr>\n<tr>\n<td colspan=\"2\" width=\"600\" height=\"20\">&nbsp;<\/td>\n<\/tr>\n<\/tbody>\n<\/table>\n<p>Docent vid KTH och analytiker vid Vinnova, Avdelningen f\u00f6r innovationsledning. Beteendevetare med arbets- och organisationspsykologi som huvudinriktning.<\/p>\n<p>Har tidigare arbetat som enhetschef vid Vinnova samt utredare p\u00e5 fackf\u00f6rbundet Sif\/Unionens samh\u00e4llspolitiska enhet med ansvar f\u00f6r omr\u00e5det Arbetsorganisation och ledarskap. Dessf\u00f6rinnan som organisationsforskare p\u00e5 KTH och p\u00e5 Stockholms universitets psykologiska institution. Har forskat om projektorganiserat arbete och multiprojektmilj\u00f6er ur ett medarbetarperspektiv.<\/p>\n","protected":false},"excerpt":{"rendered":"<p>Annika Zika-Viktorsson Analytiker Vinnova Stockholm Telefon 08 &#8211; 473 3059 E-post annika.zika-viktorsson@vinnova.se &nbsp;&nbsp; &nbsp; Docent vid KTH och analytiker vid Vinnova, Avdelningen f\u00f6r innovationsledning. Beteendevetare med arbets- och organisationspsykologi som huvudinriktning. Har tidigare arbetat som enhetschef vid Vinnova samt utredare p\u00e5 fackf\u00f6rbundet Sif\/Unionens samh\u00e4llspolitiska enhet med ansvar f\u00f6r omr\u00e5det Arbetsorganisation och ledarskap. Dessf\u00f6rinnan som organisationsforskare [&hellip;]<\/p>\n","protected":false},"author":1,"featured_media":0,"parent":88,"menu_order":0,"comment_status":"open","ping_status":"open","template":"","meta":{"ngg_post_thumbnail":0},"categories":[1],"tags":[],"_links":{"self":[{"href":"https:\/\/www.projektakademien.se\/pa\/wp-json\/wp\/v2\/pages\/669"}],"collection":[{"href":"https:\/\/www.projektakademien.se\/pa\/wp-json\/wp\/v2\/pages"}],"about":[{"href":"https:\/\/www.projektakademien.se\/pa\/wp-json\/wp\/v2\/types\/page"}],"author":[{"embeddable":true,"href":"https:\/\/www.projektakademien.se\/pa\/wp-json\/wp\/v2\/users\/1"}],"replies":[{"embeddable":true,"href":"https:\/\/www.projektakademien.se\/pa\/wp-json\/wp\/v2\/comments?post=669"}],"version-history":[{"count":13,"href":"https:\/\/www.projektakademien.se\/pa\/wp-json\/wp\/v2\/pages\/669\/revisions"}],"predecessor-version":[{"id":6852,"href":"https:\/\/www.projektakademien.se\/pa\/wp-json\/wp\/v2\/pages\/669\/revisions\/6852"}],"up":[{"embeddable":true,"href":"https:\/\/www.projektakademien.se\/pa\/wp-json\/wp\/v2\/pages\/88"}],"wp:attachment":[{"href":"https:\/\/www.projektakademien.se\/pa\/wp-json\/wp\/v2\/media?parent=669"}],"wp:term":[{"taxonomy":"category","embeddable":true,"href":"https:\/\/www.projektakademien.se\/pa\/wp-json\/wp\/v2\/categories?post=669"},{"taxonomy":"post_tag","embeddable":true,"href":"https:\/\/www.projektakademien.se\/pa\/wp-json\/wp\/v2\/tags?post=669"}],"curies":[{"name":"wp","href":"https:\/\/api.w.org\/{rel}","templated":true}]}}