{"id":6395,"date":"2023-08-25T12:06:09","date_gmt":"2023-08-25T11:06:09","guid":{"rendered":"https:\/\/www.projektakademien.se\/pa\/?page_id=6395"},"modified":"2025-01-13T16:34:18","modified_gmt":"2025-01-13T15:34:18","slug":"solmaz-filiz-karabag","status":"publish","type":"page","link":"https:\/\/www.projektakademien.se\/pa\/solmaz-filiz-karabag\/","title":{"rendered":"Solmaz Filiz Karabag"},"content":{"rendered":"\n<div class=\"wp-block-columns\">\n<div class=\"wp-block-column\">\n<p><strong>Solmaz Filiz Karabag<\/strong>\u00a0\u00e4r professor i industriell organisation och strategi vid Link\u00f6pings universitet. Dr. Karabags forskning utforskar samspelet mellan teknik, organisation, industri, marknad och nationella ekonomiska dynamiker i utformningen av f\u00f6retags innovationskapacitet, f\u00f6rm\u00e5gor och strategier.<\/p>\n\n\n\n<p><br><strong>Telefon<\/strong>: 013-28 25 20<br><strong>Epost:<\/strong> solmaz.filiz.karabag@liu.se <\/p>\n<\/div>\n\n\n\n<div class=\"wp-block-column\">\n<figure class=\"wp-block-image size-large is-resized\"><a href=\"https:\/\/www.projektakademien.se\/pa\/wp-content\/uploads\/2025\/01\/SolmazFilizKarabag-1.jpg\"><img loading=\"lazy\" src=\"https:\/\/www.projektakademien.se\/pa\/wp-content\/uploads\/2025\/01\/SolmazFilizKarabag-1-985x1024.jpg\" alt=\"\" class=\"wp-image-6978\" width=\"377\" height=\"392\" srcset=\"https:\/\/www.projektakademien.se\/pa\/wp-content\/uploads\/2025\/01\/SolmazFilizKarabag-1-985x1024.jpg 985w, https:\/\/www.projektakademien.se\/pa\/wp-content\/uploads\/2025\/01\/SolmazFilizKarabag-1-288x300.jpg 288w, https:\/\/www.projektakademien.se\/pa\/wp-content\/uploads\/2025\/01\/SolmazFilizKarabag-1-768x799.jpg 768w, https:\/\/www.projektakademien.se\/pa\/wp-content\/uploads\/2025\/01\/SolmazFilizKarabag-1.jpg 1225w\" sizes=\"(max-width: 377px) 100vw, 377px\" \/><\/a><\/figure>\n<\/div>\n<\/div>\n\n\n\n<p>I sitt tidigare arbete fokuserade Dr. Karabag p\u00e5 utvecklingen av innovationsf\u00f6rm\u00e5gor hos f\u00f6retag i tillv\u00e4xtekonomier som Turkiet, Brasilien, Sydkorea och Kina, med s\u00e4rskild uppm\u00e4rksamhet p\u00e5 sektorer som fordon, stridsflygplan och hush\u00e5llsapparater. Hon unders\u00f6kte hur dessa faktorer bidrar till strategisk f\u00f6r\u00e4ndring och omvandling, samt hur f\u00f6retag i dessa tillv\u00e4xtekonomier har kunnat utveckla innovationsf\u00f6rm\u00e5gor och strategier som g\u00f6r det m\u00f6jligt f\u00f6r dem att konkurrera med f\u00f6retag fr\u00e5n etablerade industril\u00e4nder. Detta inkluderade analyser av hur dessa f\u00f6retag \u00f6vervinner strukturella hinder, st\u00e4rker sina teknologiska och organisatoriska resurser och anpassar sig till globala marknadskrav f\u00f6r att positionera sig som konkurrenskraftiga akt\u00f6rer p\u00e5 en internationell arena.<\/p>\n\n\n\n<p>Digitaliseringen och klimatf\u00f6r\u00e4ndringarna har skapat b\u00e5de utmaningar och m\u00f6jligheter f\u00f6r svenska f\u00f6retags konkurrenskraft och deras h\u00e5llbarhetsarbete. Baserat p\u00e5 insikterna fr\u00e5n sitt tidigare arbete fokuserar Dr. Karabags nuvarande forskning p\u00e5 digital och h\u00e5llbar aff\u00e4rstransformation, aff\u00e4rsmodeller samt teknisk och organisatorisk innovation. Hon utforskar hur f\u00f6retag kan integrera h\u00e5llbarhet i sina strategier f\u00f6r att m\u00f6ta globala krav, minska sin milj\u00f6p\u00e5verkan och samtidigt st\u00e4rka sin konkurrenskraft. Hennes forskning unders\u00f6ker s\u00e4rskilt hur f\u00f6retag balanserar h\u00e5llbarhetsm\u00e5l med ekonomiska och tekniska utmaningar, och hur omst\u00e4llningar till cirkul\u00e4ra aff\u00e4rsmodeller kan st\u00f6dja l\u00e5ngsiktig h\u00e5llbarhet.<\/p>\n\n\n\n<p>I samarbete med svenska f\u00f6retag inom tillverknings-, energi-, process- och turistsektorn studerar hon implementeringen av storskaliga digitaliserings- och h\u00e5llbarhetsprogram och deras potential att m\u00f6jligg\u00f6ra diversifiering och \u00f6kad resiliens f\u00f6r etablerade f\u00f6retag. Hennes forskning analyserar \u00e4ven hur f\u00f6retag kan anv\u00e4nda digital teknik och datadrivna l\u00f6sningar f\u00f6r att uppn\u00e5 sina h\u00e5llbarhetsm\u00e5l. P\u00e5 senare tid har hon unders\u00f6kt hur startups och stora f\u00f6retag kan samarbeta f\u00f6r att till\u00e4mpa transformative innovation och mission-orienterade policies som st\u00f6djer b\u00e5de h\u00e5llbarhet och ekonomisk tillv\u00e4xt.<\/p>\n\n\n\n<p><strong>Forskningsinriktning:<\/strong><\/p>\n\n\n\n<ul><li>Industriella f\u00f6retags strategiska ledningsprocesser<\/li><li>Faktorer som m\u00f6jligg\u00f6r eller hindrar strategisk transformation och program<\/li><li>Transformative innovationspolicys roll i f\u00f6retagstransformation<\/li><li>Investeringar i storskaliga program<\/li><li>Integrering av digital och h\u00e5llbarhetsm\u00e5l i f\u00f6retagsstrategier<\/li><\/ul>\n\n\n\n<p><strong>S\u00e4rskilda intressen:<\/strong><\/p>\n\n\n\n<ul><li>F\u00f6retagstransformation<\/li><li>Komplexa och storskaliga digitaliseringsprogram<\/li><li>Twin-strategitill\u00e4mpning&nbsp;(digitalisering och h\u00e5llbarhet)<\/li><li>H\u00e5llbarhetsstrategier och cirkul\u00e4ra aff\u00e4rsmodeller<\/li><li>Implementering av transformative innovation policies<\/li><li>Forskningsetik och universitets transformation<\/li><\/ul>\n","protected":false},"excerpt":{"rendered":"<p>Solmaz Filiz Karabag\u00a0\u00e4r professor i industriell organisation och strategi vid Link\u00f6pings universitet. Dr. Karabags forskning utforskar samspelet mellan teknik, organisation, industri, marknad och nationella ekonomiska dynamiker i utformningen av f\u00f6retags innovationskapacitet, f\u00f6rm\u00e5gor och strategier. Telefon: 013-28 25 20Epost: solmaz.filiz.karabag@liu.se I sitt tidigare arbete fokuserade Dr. Karabag p\u00e5 utvecklingen av innovationsf\u00f6rm\u00e5gor hos f\u00f6retag i tillv\u00e4xtekonomier som [&hellip;]<\/p>\n","protected":false},"author":11,"featured_media":0,"parent":0,"menu_order":0,"comment_status":"closed","ping_status":"closed","template":"","meta":{"ngg_post_thumbnail":0},"categories":[],"tags":[],"_links":{"self":[{"href":"https:\/\/www.projektakademien.se\/pa\/wp-json\/wp\/v2\/pages\/6395"}],"collection":[{"href":"https:\/\/www.projektakademien.se\/pa\/wp-json\/wp\/v2\/pages"}],"about":[{"href":"https:\/\/www.projektakademien.se\/pa\/wp-json\/wp\/v2\/types\/page"}],"author":[{"embeddable":true,"href":"https:\/\/www.projektakademien.se\/pa\/wp-json\/wp\/v2\/users\/11"}],"replies":[{"embeddable":true,"href":"https:\/\/www.projektakademien.se\/pa\/wp-json\/wp\/v2\/comments?post=6395"}],"version-history":[{"count":3,"href":"https:\/\/www.projektakademien.se\/pa\/wp-json\/wp\/v2\/pages\/6395\/revisions"}],"predecessor-version":[{"id":6981,"href":"https:\/\/www.projektakademien.se\/pa\/wp-json\/wp\/v2\/pages\/6395\/revisions\/6981"}],"wp:attachment":[{"href":"https:\/\/www.projektakademien.se\/pa\/wp-json\/wp\/v2\/media?parent=6395"}],"wp:term":[{"taxonomy":"category","embeddable":true,"href":"https:\/\/www.projektakademien.se\/pa\/wp-json\/wp\/v2\/categories?post=6395"},{"taxonomy":"post_tag","embeddable":true,"href":"https:\/\/www.projektakademien.se\/pa\/wp-json\/wp\/v2\/tags?post=6395"}],"curies":[{"name":"wp","href":"https:\/\/api.w.org\/{rel}","templated":true}]}}