{"id":5909,"date":"2022-11-01T09:02:55","date_gmt":"2022-11-01T08:02:55","guid":{"rendered":"https:\/\/www.projektakademien.se\/pa\/?page_id=5909"},"modified":"2022-11-01T09:05:49","modified_gmt":"2022-11-01T08:05:49","slug":"ingela-ekebro","status":"publish","type":"page","link":"https:\/\/www.projektakademien.se\/pa\/ingela-ekebro\/","title":{"rendered":"Ingela Ekebro"},"content":{"rendered":"\n<div class=\"wp-block-columns\">\n<div class=\"wp-block-column\">\n<p>VD Biometria, Uppsala<\/p>\n\n\n\n<p><strong>Mobil<\/strong>&nbsp;070 \u2013 662 52 39<\/p>\n\n\n\n<p><strong>E-post&nbsp;<\/strong><a href=\"mailto:ingela.ekebro@biometria.se\"><strong>ingela.ekebro@biometria.se<\/strong><\/a><\/p>\n\n\n\n<p><strong>\u00c5rets projektledare 2019<\/strong><\/p>\n\n\n\n<p><strong>Ledamot i Ingenj\u00f6rsvetenskapsakademien, avd VIII<\/strong><\/p>\n<\/div>\n\n\n\n<div class=\"wp-block-column\">\n<figure class=\"wp-block-image size-large\"><a href=\"https:\/\/www.projektakademien.se\/pa\/wp-content\/uploads\/2022\/11\/Ingela-Ekebro-Officeprofil.png\"><img loading=\"lazy\" width=\"768\" height=\"768\" src=\"https:\/\/www.projektakademien.se\/pa\/wp-content\/uploads\/2022\/11\/Ingela-Ekebro-Officeprofil.png\" alt=\"\" class=\"wp-image-5912\" srcset=\"https:\/\/www.projektakademien.se\/pa\/wp-content\/uploads\/2022\/11\/Ingela-Ekebro-Officeprofil.png 768w, https:\/\/www.projektakademien.se\/pa\/wp-content\/uploads\/2022\/11\/Ingela-Ekebro-Officeprofil-300x300.png 300w, https:\/\/www.projektakademien.se\/pa\/wp-content\/uploads\/2022\/11\/Ingela-Ekebro-Officeprofil-150x150.png 150w, https:\/\/www.projektakademien.se\/pa\/wp-content\/uploads\/2022\/11\/Ingela-Ekebro-Officeprofil-570x570.png 570w, https:\/\/www.projektakademien.se\/pa\/wp-content\/uploads\/2022\/11\/Ingela-Ekebro-Officeprofil-380x380.png 380w, https:\/\/www.projektakademien.se\/pa\/wp-content\/uploads\/2022\/11\/Ingela-Ekebro-Officeprofil-285x285.png 285w\" sizes=\"(max-width: 768px) 100vw, 768px\" \/><\/a><\/figure>\n<\/div>\n<\/div>\n\n\n\n<p><strong>Bakgrund<\/strong>&nbsp;Ingela Ekebro \u00e4r energiingenj\u00f6r i botten och har en l\u00e5ng tid arbetat f\u00f6r SCA med s\u00e5v\u00e4l energiprojekt, projektledning f\u00f6r inf\u00f6rande av ISO 9001, avdelningschef och produktionschef f\u00f6r SCAs massabruk i \u00d6strand. Fr\u00e5n 2008 var hon aff\u00e4rsomr\u00e5deschef f\u00f6r massaaff\u00e4ren inom SCA och ansvarade f\u00f6r f\u00f6rstudie och f\u00f6rprojekt f\u00f6r SCAs expansionsprojekt Helios. Projektet omfattade att bygga en ny massalinje med tillh\u00f6rande kringsystem samt en ny driftcentral p\u00e5 den befintliga fabriksplatsen.<\/p>\n\n\n\n<p>N\u00e4r beslutet att investera 7,8 miljarder kr under 3 \u00e5r togs 2015 i SCAs styrelse tilltr\u00e4dde Ingela som projektdirekt\u00f6r f\u00f6r Heliosprojektet och ledde arbetet med att bygga den nya fabriken samtidigt som den gamla fabriken var i full produktion. Projektet levererade i tid, p\u00e5 budget och uppk\u00f6rningskurvan f\u00f6ljdes.<\/p>\n\n\n\n<p>Efter Heliosprojektet drev Ingela, som senior advisor, f\u00f6rstudier och f\u00f6rprojekt f\u00f6r SCA koncernens strategiska projekt. 2021 tilltr\u00e4dde hon en tj\u00e4nst som VD f\u00f6r Biometria. Biometria \u00e4r ett f\u00f6retag som verkar inom skogsn\u00e4ringen med att opartiskt m\u00e4ta och redovisa virkesfl\u00f6det mellan skog och industri i Sverige samt tillhandah\u00e5lla tj\u00e4nster som st\u00e4rker skogsn\u00e4ringens konkurrenskraft. Biometria driver ocks\u00e5 ett av Sveriges st\u00f6rsta IT-projekt d\u00e5 plattformen f\u00f6r virkesaff\u00e4rsredovisningen ska bytas ut 2024.<\/p>\n\n\n\n<p><strong>Speciella intressen:<\/strong>&nbsp;Att leda verksamheter s\u00e5v\u00e4l som projekt till att n\u00e5 uppsatta m\u00e5l genom effektiv samverkan, tydliga och gemensamma v\u00e4rderingar och m\u00e5lbilder och strukturerade och pragmatiska uppf\u00f6ljningsmetoder. Att verka f\u00f6r att alla m\u00e4nniskor i organisationen bidrar maximalt till resultatet genom samverkan och eget ansvar.<\/p>\n","protected":false},"excerpt":{"rendered":"<p>VD Biometria, Uppsala Mobil&nbsp;070 \u2013 662 52 39 E-post&nbsp;ingela.ekebro@biometria.se \u00c5rets projektledare 2019 Ledamot i Ingenj\u00f6rsvetenskapsakademien, avd VIII Bakgrund&nbsp;Ingela Ekebro \u00e4r energiingenj\u00f6r i botten och har en l\u00e5ng tid arbetat f\u00f6r SCA med s\u00e5v\u00e4l energiprojekt, projektledning f\u00f6r inf\u00f6rande av ISO 9001, avdelningschef och produktionschef f\u00f6r SCAs massabruk i \u00d6strand. Fr\u00e5n 2008 var hon aff\u00e4rsomr\u00e5deschef f\u00f6r massaaff\u00e4ren [&hellip;]<\/p>\n","protected":false},"author":11,"featured_media":0,"parent":0,"menu_order":0,"comment_status":"closed","ping_status":"closed","template":"","meta":{"ngg_post_thumbnail":0},"categories":[],"tags":[],"_links":{"self":[{"href":"https:\/\/www.projektakademien.se\/pa\/wp-json\/wp\/v2\/pages\/5909"}],"collection":[{"href":"https:\/\/www.projektakademien.se\/pa\/wp-json\/wp\/v2\/pages"}],"about":[{"href":"https:\/\/www.projektakademien.se\/pa\/wp-json\/wp\/v2\/types\/page"}],"author":[{"embeddable":true,"href":"https:\/\/www.projektakademien.se\/pa\/wp-json\/wp\/v2\/users\/11"}],"replies":[{"embeddable":true,"href":"https:\/\/www.projektakademien.se\/pa\/wp-json\/wp\/v2\/comments?post=5909"}],"version-history":[{"count":2,"href":"https:\/\/www.projektakademien.se\/pa\/wp-json\/wp\/v2\/pages\/5909\/revisions"}],"predecessor-version":[{"id":5918,"href":"https:\/\/www.projektakademien.se\/pa\/wp-json\/wp\/v2\/pages\/5909\/revisions\/5918"}],"wp:attachment":[{"href":"https:\/\/www.projektakademien.se\/pa\/wp-json\/wp\/v2\/media?parent=5909"}],"wp:term":[{"taxonomy":"category","embeddable":true,"href":"https:\/\/www.projektakademien.se\/pa\/wp-json\/wp\/v2\/categories?post=5909"},{"taxonomy":"post_tag","embeddable":true,"href":"https:\/\/www.projektakademien.se\/pa\/wp-json\/wp\/v2\/tags?post=5909"}],"curies":[{"name":"wp","href":"https:\/\/api.w.org\/{rel}","templated":true}]}}