{"id":5813,"date":"2022-09-23T06:06:59","date_gmt":"2022-09-23T05:06:59","guid":{"rendered":"https:\/\/www.projektakademien.se\/pa\/?page_id=5813"},"modified":"2022-10-21T08:51:46","modified_gmt":"2022-10-21T07:51:46","slug":"elisabeth-kamel","status":"publish","type":"page","link":"https:\/\/www.projektakademien.se\/pa\/ledamoter\/elisabeth-kamel\/","title":{"rendered":"Elisabeth Kam\u00e9l"},"content":{"rendered":"\n<div class=\"wp-block-columns\">\n<div class=\"wp-block-column\">\n<h2>Bakgrund<\/h2>\n\n\n\n<p>Elisabeth Kam\u00e9l har en filosofie kandidatexamen inom Data- och Systemvetenskap, med pedagogik som bi\u00e4mne, vid Stockholms universitet. Hon certifierades som senior projektledare 2006 (B-niv\u00e5).<\/p>\n<\/div>\n\n\n\n<div class=\"wp-block-column\">\n<figure class=\"wp-block-image size-large is-resized\"><a href=\"https:\/\/www.projektakademien.se\/pa\/wp-content\/uploads\/2022\/10\/Elisabeth-2.jpg\"><img loading=\"lazy\" src=\"https:\/\/www.projektakademien.se\/pa\/wp-content\/uploads\/2022\/10\/Elisabeth-2.jpg\" alt=\"\" class=\"wp-image-5888\" width=\"244\" height=\"254\" srcset=\"https:\/\/www.projektakademien.se\/pa\/wp-content\/uploads\/2022\/10\/Elisabeth-2.jpg 483w, https:\/\/www.projektakademien.se\/pa\/wp-content\/uploads\/2022\/10\/Elisabeth-2-288x300.jpg 288w\" sizes=\"(max-width: 244px) 100vw, 244px\" \/><\/a><\/figure>\n<\/div>\n<\/div>\n\n\n\n<p>Elisabeth \u00e4r f\u00f6rfattare till tre b\u00f6cker inom projektledning:<\/p>\n\n\n\n<ul><li><em>Projektkommunikation \u2013 s\u00e5 f\u00e5r du den att fungera!<\/em> som gavs ut f\u00f6rsta g\u00e5ngen 2012 och d\u00e5 uts\u00e5gs till \u00c5rets Projektledarbok.<\/li><li><em>Effektiv projektkommunikation \u2013 nyckeln till projektets framg\u00e5ng<\/em> gavs ut 2017 och nominerades till samma pris.<\/li><li><em>Ledarskapets fundament <\/em>gavs ut 2022 och handlar om hur man kan utveckla sitt projektledarskap till avancerad niv\u00e5. Boken bygger p\u00e5 ett verkligt fall d\u00e4r projektledaren f\u00f6r n\u00e5gra \u00e5r sedan uts\u00e5gs till \u00c5rets Projektledare.&nbsp;<\/li><\/ul>\n\n\n\n<p>Elisabeth har arbetat operativt som projektledare under 30 \u00e5r i branscher som telekom, bank, f\u00f6rs\u00e4kring, medicinteknik, industri, handel och transport. Under \u00e5tta \u00e5r utbildade hon i projektstyrning parallellt med projektledningsuppdragen.<\/p>\n\n\n\n<p>Elisabeth har ocks\u00e5 arbetat som assessor och bed\u00f6mt kandidater som velat certifiera sin kompetens f\u00f6r Svenskt Projektforum, som i Sverige f\u00f6retr\u00e4der IPMA (International Project Management Association).<\/p>\n\n\n\n<h2>Inriktning<\/h2>\n\n\n\n<p>I det egna f\u00f6retaget arbetar Elisabeth som strategisk r\u00e5dgivare och mentor inom projekt- och f\u00f6r\u00e4ndringsledning.<\/p>\n\n\n\n<h2>Speciella intressen<\/h2>\n\n\n\n<p>Ledarskapet i projekt \u00e4r Elisabeths huvudsakliga intresse &#8211; det unika ledarskap som kr\u00e4vs f\u00f6r att f\u00e5 medarbetarna att vilja f\u00f6lja ledaren, tillsammans l\u00f6sa uppgifter och uppn\u00e5 utmanande resultat som ofta ska vara f\u00e4rdigst\u00e4llda p\u00e5 synnerligen kort tid. &nbsp;<\/p>\n","protected":false},"excerpt":{"rendered":"<p>Bakgrund Elisabeth Kam\u00e9l har en filosofie kandidatexamen inom Data- och Systemvetenskap, med pedagogik som bi\u00e4mne, vid Stockholms universitet. Hon certifierades som senior projektledare 2006 (B-niv\u00e5). Elisabeth \u00e4r f\u00f6rfattare till tre b\u00f6cker inom projektledning: Projektkommunikation \u2013 s\u00e5 f\u00e5r du den att fungera! som gavs ut f\u00f6rsta g\u00e5ngen 2012 och d\u00e5 uts\u00e5gs till \u00c5rets Projektledarbok. Effektiv projektkommunikation [&hellip;]<\/p>\n","protected":false},"author":11,"featured_media":0,"parent":88,"menu_order":0,"comment_status":"closed","ping_status":"closed","template":"","meta":{"ngg_post_thumbnail":0},"categories":[],"tags":[],"_links":{"self":[{"href":"https:\/\/www.projektakademien.se\/pa\/wp-json\/wp\/v2\/pages\/5813"}],"collection":[{"href":"https:\/\/www.projektakademien.se\/pa\/wp-json\/wp\/v2\/pages"}],"about":[{"href":"https:\/\/www.projektakademien.se\/pa\/wp-json\/wp\/v2\/types\/page"}],"author":[{"embeddable":true,"href":"https:\/\/www.projektakademien.se\/pa\/wp-json\/wp\/v2\/users\/11"}],"replies":[{"embeddable":true,"href":"https:\/\/www.projektakademien.se\/pa\/wp-json\/wp\/v2\/comments?post=5813"}],"version-history":[{"count":6,"href":"https:\/\/www.projektakademien.se\/pa\/wp-json\/wp\/v2\/pages\/5813\/revisions"}],"predecessor-version":[{"id":5894,"href":"https:\/\/www.projektakademien.se\/pa\/wp-json\/wp\/v2\/pages\/5813\/revisions\/5894"}],"up":[{"embeddable":true,"href":"https:\/\/www.projektakademien.se\/pa\/wp-json\/wp\/v2\/pages\/88"}],"wp:attachment":[{"href":"https:\/\/www.projektakademien.se\/pa\/wp-json\/wp\/v2\/media?parent=5813"}],"wp:term":[{"taxonomy":"category","embeddable":true,"href":"https:\/\/www.projektakademien.se\/pa\/wp-json\/wp\/v2\/categories?post=5813"},{"taxonomy":"post_tag","embeddable":true,"href":"https:\/\/www.projektakademien.se\/pa\/wp-json\/wp\/v2\/tags?post=5813"}],"curies":[{"name":"wp","href":"https:\/\/api.w.org\/{rel}","templated":true}]}}