{"id":469,"date":"2010-04-27T12:47:18","date_gmt":"2010-04-27T11:47:18","guid":{"rendered":"http:\/\/www.projektakademien.se\/pa\/?page_id=469"},"modified":"2016-12-02T09:11:56","modified_gmt":"2016-12-02T08:11:56","slug":"pristagare-2009","status":"publish","type":"page","link":"https:\/\/www.projektakademien.se\/pa\/utmarkelser\/uppsatstavling\/pristagare-2009\/","title":{"rendered":"Uppsatspriset 2009"},"content":{"rendered":"<h3>2009 \u00e5rs uppsatspris till Helga Persson<\/h3>\n<p><strong>Svenska ProjektAkademiens uppsatspris f\u00f6r  2009 tilldelas Helga  Persson, Kungl Tekniska H\u00f6gskolan, f\u00f6r hennes  magisteruppsats  \u201dConstruction projects in Russia \u2013A field study on how  to make  construction projects successful in a Swedish-Russian  environment\u201d.<\/strong><\/p>\n<p><a href=\"http:\/\/www.projektakademien.se\/pa\/wp-content\/uploads\/2010\/03\/2009-Helga.jpg\"><img loading=\"lazy\" class=\"alignleft\" style=\"margin: 0px 6px 6px 0px;\" title=\"2009 Helga\" src=\"http:\/\/www.projektakademien.se\/pa\/wp-content\/uploads\/2010\/03\/2009-Helga.jpg\" alt=\"\" width=\"264\" height=\"307\" \/><\/a><\/p>\n<p><strong>Juryns motivering lyder: <\/strong>\u201dDetta \u00e4r en uppsats av  stort  intresse, b\u00e5de f\u00f6r att den behandlar en praktik som allt fler  svenska  f\u00f6retag st\u00e4lls inf\u00f6r i sin expanderande ryska verksamhet, och  f\u00f6r att  den teoretiskt hanterar projektledning som en kulturberoende  snarare \u00e4n  universell f\u00f6reteelse.<\/p>\n<p>F\u00f6rfattaren  visar p\u00e5 ett \u00f6vertygande s\u00e4tt att det bakom skillnader i  projektmognad  mellan Sverige och Ryssland finns viktiga  projektkulturella skillnader i  fr\u00e5ga om hierarki, ledarroller,  risktagande, kommunikationsbeteende och  transparens. Konkreta r\u00e5d ges  b\u00e5de avseende hur dessa skillnader kan  hanteras, och hur man i svenska  f\u00f6retag kan \u00f6verf\u00f6ra vissa f\u00f6rdelar i  den svenska projektkulturen till  en rysk kontext.<\/p>\n<p>Uppsatsen \u00e4r  genomg\u00e5ende v\u00e4lskriven och v\u00e4l grundad i aktuell  forskning och en  ambiti\u00f6s empirisk studie.\u201d<\/p>\n<p>L\u00e4s mer p\u00e5 KTH:s <a href=\"http:\/\/www.kth.se\/aktuellt\/1.54398?l=sv_SE\" target=\"_blank\">webbplats<\/a><\/p>\n","protected":false},"excerpt":{"rendered":"<p>2009 \u00e5rs uppsatspris till Helga Persson Svenska ProjektAkademiens uppsatspris f\u00f6r 2009 tilldelas Helga Persson, Kungl Tekniska H\u00f6gskolan, f\u00f6r hennes magisteruppsats \u201dConstruction projects in Russia \u2013A field study on how to make construction projects successful in a Swedish-Russian environment\u201d. Juryns motivering lyder: \u201dDetta \u00e4r en uppsats av stort intresse, b\u00e5de f\u00f6r att den behandlar en praktik [&hellip;]<\/p>\n","protected":false},"author":1,"featured_media":0,"parent":141,"menu_order":45,"comment_status":"closed","ping_status":"open","template":"","meta":{"ngg_post_thumbnail":0},"categories":[1],"tags":[],"_links":{"self":[{"href":"https:\/\/www.projektakademien.se\/pa\/wp-json\/wp\/v2\/pages\/469"}],"collection":[{"href":"https:\/\/www.projektakademien.se\/pa\/wp-json\/wp\/v2\/pages"}],"about":[{"href":"https:\/\/www.projektakademien.se\/pa\/wp-json\/wp\/v2\/types\/page"}],"author":[{"embeddable":true,"href":"https:\/\/www.projektakademien.se\/pa\/wp-json\/wp\/v2\/users\/1"}],"replies":[{"embeddable":true,"href":"https:\/\/www.projektakademien.se\/pa\/wp-json\/wp\/v2\/comments?post=469"}],"version-history":[{"count":5,"href":"https:\/\/www.projektakademien.se\/pa\/wp-json\/wp\/v2\/pages\/469\/revisions"}],"predecessor-version":[{"id":3028,"href":"https:\/\/www.projektakademien.se\/pa\/wp-json\/wp\/v2\/pages\/469\/revisions\/3028"}],"up":[{"embeddable":true,"href":"https:\/\/www.projektakademien.se\/pa\/wp-json\/wp\/v2\/pages\/141"}],"wp:attachment":[{"href":"https:\/\/www.projektakademien.se\/pa\/wp-json\/wp\/v2\/media?parent=469"}],"wp:term":[{"taxonomy":"category","embeddable":true,"href":"https:\/\/www.projektakademien.se\/pa\/wp-json\/wp\/v2\/categories?post=469"},{"taxonomy":"post_tag","embeddable":true,"href":"https:\/\/www.projektakademien.se\/pa\/wp-json\/wp\/v2\/tags?post=469"}],"curies":[{"name":"wp","href":"https:\/\/api.w.org\/{rel}","templated":true}]}}