{"id":4618,"date":"2020-05-07T05:44:26","date_gmt":"2020-05-07T04:44:26","guid":{"rendered":"https:\/\/www.projektakademien.se\/pa\/?page_id=4618"},"modified":"2022-08-28T13:56:54","modified_gmt":"2022-08-28T12:56:54","slug":"mattias-jacobsson","status":"publish","type":"page","link":"https:\/\/www.projektakademien.se\/pa\/ledamoter\/mattias-jacobsson\/","title":{"rendered":"Mattias Jacobsson"},"content":{"rendered":"\n<div class=\"wp-block-columns\">\n<div class=\"wp-block-column\">\n<p><strong>Mattias Jacobsson<\/strong><\/p>\n\n\n\n<p>Docent,\nUniversitetslektor och Excellent l\u00e4rare<\/p>\n\n\n\n<p>Handelsh\u00f6gskolan\nvid Ume\u00e5 universitet samt Tekniska h\u00f6gskolan vid J\u00f6nk\u00f6ping University&nbsp; <\/p>\n\n\n\n<p>Ume\u00e5\noch J\u00f6nk\u00f6ping<\/p>\n\n\n\n<p><strong>Telefon:&nbsp;<\/strong>070-595\n52 00<\/p>\n\n\n\n<p><strong>E-post: &nbsp;<\/strong><a href=\"mailto:mattias.jacobsson@umu.se\">mattias.jacobsson@umu.se<\/a>, <a href=\"mailto:mattias.jacobsson@ju.se\">mattias.jacobsson@ju.se<\/a><strong> <\/strong><\/p>\n<\/div>\n\n\n\n<div class=\"wp-block-column\">\n<figure class=\"wp-block-image size-large\"><a href=\"https:\/\/www.projektakademien.se\/pa\/wp-content\/uploads\/2022\/08\/Mattias-Jacobsson.png\"><img loading=\"lazy\" width=\"448\" height=\"436\" src=\"https:\/\/www.projektakademien.se\/pa\/wp-content\/uploads\/2022\/08\/Mattias-Jacobsson.png\" alt=\"\" class=\"wp-image-5750\" srcset=\"https:\/\/www.projektakademien.se\/pa\/wp-content\/uploads\/2022\/08\/Mattias-Jacobsson.png 448w, https:\/\/www.projektakademien.se\/pa\/wp-content\/uploads\/2022\/08\/Mattias-Jacobsson-300x292.png 300w\" sizes=\"(max-width: 448px) 100vw, 448px\" \/><\/a><\/figure>\n<\/div>\n<\/div>\n\n\n\n<p><strong>Bakgrund<\/strong><strong>: <\/strong>Mattias\nb\u00f6rjade sin akademiska bana 2006 och disputerade i f\u00f6retagsekonomi v\u00e5ren 2011.\nHans avhandling, med titeln <em>Samordningen\ndynamik<\/em>, tar en integrativ ansats p\u00e5 samordning och fokuserar p\u00e5 samspelet\nmellan olika samordningsmekanismer och hur samordningspraktik f\u00f6r\u00e4ndras \u00f6ver\ntid. Efter disputation erh\u00f6ll Mattias en tv\u00e5\u00e5rig postdok och i november 2011\nblev han lektor i management vid Handelsh\u00f6gskolan i Ume\u00e5. Mellan 2012\u20132016 var\nhan sektionschef f\u00f6r managementsektionen vid Handelsh\u00f6gskolan och tillika\nprogramansvarig f\u00f6r dess mastersprogram. Vid fyra tillf\u00e4llen har han prisats\nf\u00f6r sin forskning vid <em>Emerald Literati\nNetwork Awards for Excellence<\/em>. Under 2010\u20132011 och igen 2012\u20132013 var\nMattias g\u00e4stforskare vid RMIT University, Melbourne, AU, och 2014\u20132015 var han\ng\u00e4stforskare vid Department of Management, Pamplin College of Business,\nVirginia Tech, Blacksburg, US. I b\u00f6rjan av 2014 blev han befordrad till docent.\nMattias huvudsakliga forskningsintresse (och de flesta av hans publikationer)\nh\u00e4rr\u00f6r till projektorganisering, tempor\u00e4ra organisationer och digitalisering.<\/p>\n\n\n\n<p>Fr\u00e5n och\nmed januari 2016 delar Mattias sin tid mellan Handelsh\u00f6gskolan och Tekniska\nh\u00f6gskolan i J\u00f6nk\u00f6ping d\u00e4r han \u00e4r anst\u00e4lls som forskare. I december 2019\nutn\u00e4mndes Mattias till Excellent l\u00e4rare. Under de senaste \u00e5ren har Mattias \u00e4ven\narbetat mer praktiskt som projektledare f\u00f6r ett par utvecklingssatsningar inom\nUme\u00e5 universitet. F\u00f6rst med fokus p\u00e5 uppdragsutbildning och senast med fokus p\u00e5\ndoktoranders psykosociala arbetssituation kopplat till utveckling av\nuniversitetens forskarutbildning. F\u00f6r mer information bes\u00f6k <a href=\"http:\/\/mattiasjacobsson.me\">http:\/\/mattiasjacobsson.me<\/a> <\/p>\n\n\n\n<p><strong>Speciella intressen:<\/strong>\nProjektorganisering, tempor\u00e4ra organisationer, samverkan, digitalisering och\ndess betydelse f\u00f6r organisering.<\/p>\n","protected":false},"excerpt":{"rendered":"<p>Mattias Jacobsson Docent, Universitetslektor och Excellent l\u00e4rare Handelsh\u00f6gskolan vid Ume\u00e5 universitet samt Tekniska h\u00f6gskolan vid J\u00f6nk\u00f6ping University&nbsp; Ume\u00e5 och J\u00f6nk\u00f6ping Telefon:&nbsp;070-595 52 00 E-post: &nbsp;mattias.jacobsson@umu.se, mattias.jacobsson@ju.se Bakgrund: Mattias b\u00f6rjade sin akademiska bana 2006 och disputerade i f\u00f6retagsekonomi v\u00e5ren 2011. Hans avhandling, med titeln Samordningen dynamik, tar en integrativ ansats p\u00e5 samordning och fokuserar p\u00e5 samspelet [&hellip;]<\/p>\n","protected":false},"author":11,"featured_media":0,"parent":88,"menu_order":0,"comment_status":"closed","ping_status":"closed","template":"","meta":{"ngg_post_thumbnail":0},"categories":[],"tags":[],"_links":{"self":[{"href":"https:\/\/www.projektakademien.se\/pa\/wp-json\/wp\/v2\/pages\/4618"}],"collection":[{"href":"https:\/\/www.projektakademien.se\/pa\/wp-json\/wp\/v2\/pages"}],"about":[{"href":"https:\/\/www.projektakademien.se\/pa\/wp-json\/wp\/v2\/types\/page"}],"author":[{"embeddable":true,"href":"https:\/\/www.projektakademien.se\/pa\/wp-json\/wp\/v2\/users\/11"}],"replies":[{"embeddable":true,"href":"https:\/\/www.projektakademien.se\/pa\/wp-json\/wp\/v2\/comments?post=4618"}],"version-history":[{"count":2,"href":"https:\/\/www.projektakademien.se\/pa\/wp-json\/wp\/v2\/pages\/4618\/revisions"}],"predecessor-version":[{"id":5756,"href":"https:\/\/www.projektakademien.se\/pa\/wp-json\/wp\/v2\/pages\/4618\/revisions\/5756"}],"up":[{"embeddable":true,"href":"https:\/\/www.projektakademien.se\/pa\/wp-json\/wp\/v2\/pages\/88"}],"wp:attachment":[{"href":"https:\/\/www.projektakademien.se\/pa\/wp-json\/wp\/v2\/media?parent=4618"}],"wp:term":[{"taxonomy":"category","embeddable":true,"href":"https:\/\/www.projektakademien.se\/pa\/wp-json\/wp\/v2\/categories?post=4618"},{"taxonomy":"post_tag","embeddable":true,"href":"https:\/\/www.projektakademien.se\/pa\/wp-json\/wp\/v2\/tags?post=4618"}],"curies":[{"name":"wp","href":"https:\/\/api.w.org\/{rel}","templated":true}]}}