{"id":4578,"date":"2020-04-29T06:23:15","date_gmt":"2020-04-29T05:23:15","guid":{"rendered":"https:\/\/www.projektakademien.se\/pa\/?page_id=4578"},"modified":"2024-03-04T11:34:28","modified_gmt":"2024-03-04T10:34:28","slug":"tomas-gustavsson","status":"publish","type":"page","link":"https:\/\/www.projektakademien.se\/pa\/ledamoter\/tomas-gustavsson\/","title":{"rendered":"Tomas Gustavsson"},"content":{"rendered":"<p><!--StartFragment--><\/p>\n\n\n<div class=\"wp-block-media-text alignwide is-stacked-on-mobile has-background\" style=\"background-color:#ffffff;grid-template-columns:26% auto\"><figure class=\"wp-block-media-text__media\"><img loading=\"lazy\" width=\"679\" height=\"436\" src=\"https:\/\/www.projektakademien.se\/pa\/wp-content\/uploads\/2020\/04\/Tomas-G-2770-Dig-72ppiLiten_Face.jpg\" alt=\"\" class=\"wp-image-4574 size-full\" srcset=\"https:\/\/www.projektakademien.se\/pa\/wp-content\/uploads\/2020\/04\/Tomas-G-2770-Dig-72ppiLiten_Face.jpg 679w, https:\/\/www.projektakademien.se\/pa\/wp-content\/uploads\/2020\/04\/Tomas-G-2770-Dig-72ppiLiten_Face-300x193.jpg 300w\" sizes=\"(max-width: 679px) 100vw, 679px\" \/><\/figure><div class=\"wp-block-media-text__content\">\n<p> Universitetslektor <br><br>Karlstad<br> <br><strong>Mobil:&nbsp;<\/strong> 0708-396303<\/p>\n\n\n\n<p><strong>E-post: <\/strong><a href=\"mailto:tomas.gustavsson@kau.se\">tomas.gustavsson@kau.se<\/a> <\/p>\n\n\n\n<p><strong>Akademiens ordf\u00f6rande<\/strong> <strong>sedan 2022<\/strong><\/p>\n<\/div><\/div>\n\n\n\n<hr class=\"wp-block-separator\"\/>\n\n\n\n<p><strong>Bakgrund<\/strong>&nbsp;<\/p>\n\n\n\n<p>Tomas Gustavsson \u00e4r universitetslektor p\u00e5 Karlstads universitet och f\u00f6rel\u00e4ser och forskar om projektledning. Han \u00e4r \u00e4ven verksam som konsult inom IT-, projektlednings- och ledarskapsfr\u00e5gor.&nbsp;<\/p>\n\n\n\n<p>Tomas har en teknisk bakgrund som systemutvecklare inom bank- och f\u00f6rs\u00e4kringsbranschen. Under en period var han VD f\u00f6r ett teknikkonsultf\u00f6retag som utvecklade l\u00f6sningar f\u00f6r resultat och tidtagningssystem inom live-TV.&nbsp;<\/p>\n\n\n\n<p>Han startade och drev TUK F\u00f6rlag som publicerade 29 b\u00f6cker inom ledarskap, projektledning och entrepren\u00f6rskap. F\u00f6rlagets utgivning \u00e4gs nu av Liber AB.<\/p>\n\n\n\n<p>Tomas har skrivit flera b\u00f6cker varav b\u00f6ckerna \u201dAgil projektledning\u201d och \u201dAgile \u2013 konsten att slutf\u00f6ra projekt\u201d utsetts till \u00c5rets projektledarbok av Svenskt Projektforum.<\/p>\n\n\n\n<p><strong>Speciella intressen<\/strong>&nbsp;<\/p>\n\n\n\n<p>Uppskalning av agila metoder och det agila arbetss\u00e4ttet i olika typer av branscher och milj\u00f6er. <\/p>\n\n\n<p><!--EndFragment--><\/p>","protected":false},"excerpt":{"rendered":"<p>Universitetslektor Karlstad Mobil:&nbsp; 0708-396303 E-post: tomas.gustavsson@kau.se Akademiens ordf\u00f6rande sedan 2022 Bakgrund&nbsp; Tomas Gustavsson \u00e4r universitetslektor p\u00e5 Karlstads universitet och f\u00f6rel\u00e4ser och forskar om projektledning. Han \u00e4r \u00e4ven verksam som konsult inom IT-, projektlednings- och ledarskapsfr\u00e5gor.&nbsp; Tomas har en teknisk bakgrund som systemutvecklare inom bank- och f\u00f6rs\u00e4kringsbranschen. Under en period var han VD f\u00f6r ett teknikkonsultf\u00f6retag [&hellip;]<\/p>\n","protected":false},"author":11,"featured_media":0,"parent":88,"menu_order":0,"comment_status":"closed","ping_status":"closed","template":"","meta":{"ngg_post_thumbnail":0},"categories":[],"tags":[],"_links":{"self":[{"href":"https:\/\/www.projektakademien.se\/pa\/wp-json\/wp\/v2\/pages\/4578"}],"collection":[{"href":"https:\/\/www.projektakademien.se\/pa\/wp-json\/wp\/v2\/pages"}],"about":[{"href":"https:\/\/www.projektakademien.se\/pa\/wp-json\/wp\/v2\/types\/page"}],"author":[{"embeddable":true,"href":"https:\/\/www.projektakademien.se\/pa\/wp-json\/wp\/v2\/users\/11"}],"replies":[{"embeddable":true,"href":"https:\/\/www.projektakademien.se\/pa\/wp-json\/wp\/v2\/comments?post=4578"}],"version-history":[{"count":6,"href":"https:\/\/www.projektakademien.se\/pa\/wp-json\/wp\/v2\/pages\/4578\/revisions"}],"predecessor-version":[{"id":6554,"href":"https:\/\/www.projektakademien.se\/pa\/wp-json\/wp\/v2\/pages\/4578\/revisions\/6554"}],"up":[{"embeddable":true,"href":"https:\/\/www.projektakademien.se\/pa\/wp-json\/wp\/v2\/pages\/88"}],"wp:attachment":[{"href":"https:\/\/www.projektakademien.se\/pa\/wp-json\/wp\/v2\/media?parent=4578"}],"wp:term":[{"taxonomy":"category","embeddable":true,"href":"https:\/\/www.projektakademien.se\/pa\/wp-json\/wp\/v2\/categories?post=4578"},{"taxonomy":"post_tag","embeddable":true,"href":"https:\/\/www.projektakademien.se\/pa\/wp-json\/wp\/v2\/tags?post=4578"}],"curies":[{"name":"wp","href":"https:\/\/api.w.org\/{rel}","templated":true}]}}