{"id":4190,"date":"2020-01-19T15:22:16","date_gmt":"2020-01-19T14:22:16","guid":{"rendered":"https:\/\/www.projektakademien.se\/pa\/?page_id=4190"},"modified":"2020-01-19T15:45:48","modified_gmt":"2020-01-19T14:45:48","slug":"arets-projektledare-2019","status":"publish","type":"page","link":"https:\/\/www.projektakademien.se\/pa\/utmarkelser\/arets-projektledare\/arets-projektledare-2019\/","title":{"rendered":"\u00c5rets projektledare 2019"},"content":{"rendered":"\n<p>\u00c5rets projektledare 2019 heter Ingela Ekebro.<\/p>\n\n\n\n<figure class=\"wp-block-image size-large\"><img loading=\"lazy\" width=\"1024\" height=\"768\" src=\"https:\/\/www.projektakademien.se\/pa\/wp-content\/uploads\/2019\/10\/img_3607-1024x768.jpg\" alt=\"\" class=\"wp-image-4156\" srcset=\"https:\/\/www.projektakademien.se\/pa\/wp-content\/uploads\/2019\/10\/img_3607-1024x768.jpg 1024w, https:\/\/www.projektakademien.se\/pa\/wp-content\/uploads\/2019\/10\/img_3607-300x225.jpg 300w, https:\/\/www.projektakademien.se\/pa\/wp-content\/uploads\/2019\/10\/img_3607-768x576.jpg 768w, https:\/\/www.projektakademien.se\/pa\/wp-content\/uploads\/2019\/10\/img_3607.jpg 1140w, https:\/\/www.projektakademien.se\/pa\/wp-content\/uploads\/2019\/10\/img_3607-570x428.jpg 570w, https:\/\/www.projektakademien.se\/pa\/wp-content\/uploads\/2019\/10\/img_3607-380x285.jpg 380w, https:\/\/www.projektakademien.se\/pa\/wp-content\/uploads\/2019\/10\/img_3607-285x214.jpg 285w\" sizes=\"(max-width: 1024px) 100vw, 1024px\" \/><figcaption>Ingela Ekebro<\/figcaption><\/figure>\n\n\n\n<p>Projekt Helios var ett \u00e5tta-miljarders projekt f\u00f6r att bygga en ny massafabrik i Timr\u00e5. Det bestod av totalt 13 delprojekt, varav 9 f\u00f6r sj\u00e4lva anl\u00e4ggningen och 4 f\u00f6r marknad, kvalitet, vedf\u00f6rs\u00f6rjning och verksamhetstillst\u00e5nd.<\/p>\n\n\n\n<p>Projektledningsgruppen bestod av ca 150 personer varav ca 40 fr\u00e5n SCA. Ingela var ytterst ansvarig fr\u00e5n f\u00f6rstudien, som startade 2014, till genomf\u00f6rt projekt och uppstart 2018. Projektet lyckades leverera p\u00e5 tidplan, inom budget, utan allvarliga olyckor och uppstartakurvan f\u00f6ljs.<\/p>\n\n\n\n<p>Motivering:<\/p>\n\n\n\n<p>-Projekt Helios lyckades med m\u00e5ls\u00e4ttningen att etablera v\u00e4rldens effektivaste massafabrik. Projektet bestod av nio stora parallella delprojekt, med stort inb\u00f6rdes beroende, och genomf\u00f6rdes samtidigt som SCAs befintliga fabrik var i full drift<\/p>\n\n\n\n<p>-Projektet hade stort fokus p\u00e5 resurshush\u00e5llning och energieffektivitet och slutf\u00f6rdes enligt plan, utan allvarliga olyckor och med minimala st\u00f6rningar i den befintliga fabrikens produktion. <\/p>\n\n\n\n<p>-Ingela har med sitt projektledarskap lyckats f\u00f6ra fram v\u00e4rdet av mycket v\u00e4l fungerande team d\u00e4r alla f\u00f6rst\u00e5r sammanhanget, k\u00e4nner tillh\u00f6righet och \u00e4r delaktiga. <\/p>\n\n\n\n<p>-Ingela har visat en mycket stark kommunikativ f\u00f6rm\u00e5ga med stort fokus p\u00e5 kulturbyggande. Hon har kombinerat mjuka aspekter med mer traditionella projektverktyg s\u00e5som planering och strukturering i ett mycket stort och komplext projekt.<br \/><\/p>\n","protected":false},"excerpt":{"rendered":"<p>\u00c5rets projektledare 2019 heter Ingela Ekebro. Projekt Helios var ett \u00e5tta-miljarders projekt f\u00f6r att bygga en ny massafabrik i Timr\u00e5. Det bestod av totalt 13 delprojekt, varav 9 f\u00f6r sj\u00e4lva anl\u00e4ggningen och 4 f\u00f6r marknad, kvalitet, vedf\u00f6rs\u00f6rjning och verksamhetstillst\u00e5nd. Projektledningsgruppen bestod av ca 150 personer varav ca 40 fr\u00e5n SCA. Ingela var ytterst ansvarig fr\u00e5n [&hellip;]<\/p>\n","protected":false},"author":11,"featured_media":0,"parent":130,"menu_order":0,"comment_status":"closed","ping_status":"closed","template":"","meta":{"ngg_post_thumbnail":0},"categories":[],"tags":[],"_links":{"self":[{"href":"https:\/\/www.projektakademien.se\/pa\/wp-json\/wp\/v2\/pages\/4190"}],"collection":[{"href":"https:\/\/www.projektakademien.se\/pa\/wp-json\/wp\/v2\/pages"}],"about":[{"href":"https:\/\/www.projektakademien.se\/pa\/wp-json\/wp\/v2\/types\/page"}],"author":[{"embeddable":true,"href":"https:\/\/www.projektakademien.se\/pa\/wp-json\/wp\/v2\/users\/11"}],"replies":[{"embeddable":true,"href":"https:\/\/www.projektakademien.se\/pa\/wp-json\/wp\/v2\/comments?post=4190"}],"version-history":[{"count":3,"href":"https:\/\/www.projektakademien.se\/pa\/wp-json\/wp\/v2\/pages\/4190\/revisions"}],"predecessor-version":[{"id":4194,"href":"https:\/\/www.projektakademien.se\/pa\/wp-json\/wp\/v2\/pages\/4190\/revisions\/4194"}],"up":[{"embeddable":true,"href":"https:\/\/www.projektakademien.se\/pa\/wp-json\/wp\/v2\/pages\/130"}],"wp:attachment":[{"href":"https:\/\/www.projektakademien.se\/pa\/wp-json\/wp\/v2\/media?parent=4190"}],"wp:term":[{"taxonomy":"category","embeddable":true,"href":"https:\/\/www.projektakademien.se\/pa\/wp-json\/wp\/v2\/categories?post=4190"},{"taxonomy":"post_tag","embeddable":true,"href":"https:\/\/www.projektakademien.se\/pa\/wp-json\/wp\/v2\/tags?post=4190"}],"curies":[{"name":"wp","href":"https:\/\/api.w.org\/{rel}","templated":true}]}}