{"id":413,"date":"2010-04-08T22:38:13","date_gmt":"2010-04-08T21:38:13","guid":{"rendered":"http:\/\/www.projektakademien.se\/pa\/?page_id=413"},"modified":"2019-05-31T15:03:05","modified_gmt":"2019-05-31T14:03:05","slug":"varfor-projekt","status":"publish","type":"page","link":"https:\/\/www.projektakademien.se\/pa\/om-oss\/varfor-projekt\/","title":{"rendered":"Varf\u00f6r projekt?"},"content":{"rendered":"<p>Projekt \u00e4r ett verktyg f\u00f6r probleml\u00f6sning!\u00a0I en industriell omgivning f\u00f6ljer ofta resurser med problemformuleringen och det projekt som organiseras f\u00f6r att l\u00f6sa problemet. Det inneb\u00e4r att n\u00e4r vi v\u00e4l har formulerat problem och projekt s\u00e5 finns det ocks\u00e5 en beslutspotent organisation som kan f\u00f6rse projektet med resurser i form av m\u00e4nniskor, pengar och infrastruktur. Det finns en organisation f\u00f6r uppf\u00f6ljning och kontroll och det finns n\u00e5gon eller n\u00e5gra som ivrigt v\u00e4ntar p\u00e5 att projektet ska leverera resultat.<\/p>\n<p>Men, nu \u00e4r inte alla problem s\u00e5 enkelt hanterade. Ibland \u00e4r det ingen som med sj\u00e4lvklarhet \u00e4ger problemet. Det saknas organisationer som far illa om problemet inte f\u00e5r en l\u00f6sning. Det saknas n\u00e5gon som lider ekonomisk skada om problemet inte blir hanterat. Det saknas n\u00e5gon eller n\u00e5gra som har b\u00e5de ett genuint intresse och m\u00f6jlighet att fatta de beslut som beh\u00f6ver fattas f\u00f6r att hantera problemet.<\/p>\n<p>Dessv\u00e4rre \u00e4r m\u00e5nga moderna samh\u00e4llsproblem av detta slag. Allt fr\u00e5n klimathot till social utslagning och bevarande av kulturv\u00e4rden kan vara av denna typ. Det \u00e4r problem som, i b\u00e4sta fall, m\u00e5nga debatterar och bildar opinion ikring. Det \u00e4r problem som kan tilldra sig ett politiskt intresse eller vara f\u00f6rem\u00e5l f\u00f6r en intresseorganisations uppm\u00e4rksamhet. Det kan till och med g\u00f6ras tafatta f\u00f6rs\u00f6k att \u00e5stadkomma handling. Men det blir inga seri\u00f6sa projekt och det blir ingen uppst\u00e4llning av m\u00e4nniskor, pengar, tid och ett samlat intresse.<\/p>\n<p>Det \u00e4r d\u00e5 en enskild person eller enskild organisation kan g\u00f6ra en stor skillnad. Om n\u00e5gon, mot alla odds, tar sig an problemet och definierar vad som beh\u00f6ver g\u00f6ras, prioriterar, engagerar och finansierar s\u00e5 skapas s\u00e5 sm\u00e5ningom n\u00e5got som liknar ett projekt. Problemet \u00e4r att projektet hela tiden riskerar att rinna ut i sanden d\u00e4rf\u00f6r att till exempel pengarna tar slut och att man hela tiden riskerar att ha definierat ett problem f\u00f6r vilket det inte finns n\u00e5gon l\u00f6sning. I denna sp\u00e4nning mellan otillr\u00e4ckliga resurser och n\u00e4st intill om\u00f6jliga problem kr\u00e4vs en alldeles s\u00e4rskild kraft och kompetens f\u00f6r att kunna arbeta sig fram\u00e5t.<\/p>\n<p><strong>Projekt g\u00f6r det komplexa hanterligt<\/strong><\/p>\n<p>Projekt formar tydlighet. Det \u00e4r l\u00e4ttare att \u00f6verblicka processen och se helheten i ett projekt \u00e4n i hela f\u00f6retaget eller organisationen. Tidsplaner, m\u00e5lstolpar och budgetavst\u00e4mningar hj\u00e4lper till att bryta ned det komplexa till det hanterliga.<\/p>\n<p><strong>Projekt bygger framtiden<\/strong><\/p>\n<p>Forskning, utveckling, komplexa satsningar, f\u00f6r\u00e4ndring &#8211; allt det vi f\u00f6rknippar med samh\u00e4lleliga framsteg, nyt\u00e4nkande och samverkan &#8211; organiseras med f\u00f6rdel i projektform. Ist\u00e4llet f\u00f6r att fastna i befintliga strukturer och ingrodda f\u00f6rest\u00e4llningar kan m\u00e4nniskor och organisationer genom projektformen utveckla, utvecklas och gemensamt finna l\u00f6sningar p\u00e5 b\u00e5de stora och sm\u00e5 problem.<\/p>\n<p><strong>Projekt ger en plattform f\u00f6r att synas<\/strong><\/p>\n<p>I projekt ansvarar tv\u00e4rfunktionella grupper tillsammans med leverant\u00f6rer och kunder f\u00f6r olika funktioner i slutprodukten. Projektledare som har f\u00f6rm\u00e5gan att delegera f\u00e5r deltagarna att st\u00e5 p\u00e5 egna ben och skapar plattformar f\u00f6r att de ska synas i nya sammanhang.<\/p>\n<p><strong>Projekt skapar nya aff\u00e4rsm\u00f6jligheter<\/strong><\/p>\n<p>Nya aff\u00e4rsm\u00f6jligheter skapas ofta genom projekt. Effektivt genomf\u00f6rda projekt i samverkan mellan kund och leverant\u00f6r tillfredsst\u00e4ller kundens behov och s\u00e4krar framtida aff\u00e4rer.<\/p>\n<p><strong>Projekt \u00e4r en effektiv skola f\u00f6r ledare<\/strong><\/p>\n<p>Projekt som tar fram framg\u00e5ngsrika produkter har visat sig vara en effektiv skola f\u00f6r\u00a0f\u00f6retagets ledare. L\u00e4rande praktikfall \u00e4r &#8220;gratis&#8221; om projektet drivs professionellt samtidigt som ledarna tr\u00e4nas i social och kulturell kompetens. Projekt ger en god milj\u00f6 f\u00f6r l\u00e4rande.\u00a0Tydliga m\u00e5l och en konsekvent uppf\u00f6ljning ger projektdeltagarna m\u00f6jlighet till \u00e5terkoppling, reflektion och upplevelsebaserat l\u00e4rande. Erfarenheter fr\u00e5n ett projekt kan tillvaratas inf\u00f6r kommande projekt och kompetensen inom hela f\u00f6retaget kan h\u00f6jas.<\/p>\n<p><strong>Projekt \u00e4r ett s\u00e4tt att jobba och leva<\/strong><\/p>\n<p>Att t\u00e4nka och arbeta i projekt \u00e4r sj\u00e4lvklart f\u00f6r oss som i projekt har funnit en \u00f6verl\u00e4gsen<br \/>\norganisationsform. Projektt\u00e4nkande ger struktur och merv\u00e4rde \u00e5t b\u00e5de arbete och fritid.<\/p>\n","protected":false},"excerpt":{"rendered":"<p>Projekt \u00e4r ett verktyg f\u00f6r probleml\u00f6sning!\u00a0I en industriell omgivning f\u00f6ljer ofta resurser med problemformuleringen och det projekt som organiseras f\u00f6r att l\u00f6sa problemet. Det inneb\u00e4r att n\u00e4r vi v\u00e4l har formulerat problem och projekt s\u00e5 finns det ocks\u00e5 en beslutspotent organisation som kan f\u00f6rse projektet med resurser i form av m\u00e4nniskor, pengar och infrastruktur. Det [&hellip;]<\/p>\n","protected":false},"author":1,"featured_media":0,"parent":3239,"menu_order":1,"comment_status":"closed","ping_status":"open","template":"","meta":{"ngg_post_thumbnail":0},"categories":[1],"tags":[],"_links":{"self":[{"href":"https:\/\/www.projektakademien.se\/pa\/wp-json\/wp\/v2\/pages\/413"}],"collection":[{"href":"https:\/\/www.projektakademien.se\/pa\/wp-json\/wp\/v2\/pages"}],"about":[{"href":"https:\/\/www.projektakademien.se\/pa\/wp-json\/wp\/v2\/types\/page"}],"author":[{"embeddable":true,"href":"https:\/\/www.projektakademien.se\/pa\/wp-json\/wp\/v2\/users\/1"}],"replies":[{"embeddable":true,"href":"https:\/\/www.projektakademien.se\/pa\/wp-json\/wp\/v2\/comments?post=413"}],"version-history":[{"count":14,"href":"https:\/\/www.projektakademien.se\/pa\/wp-json\/wp\/v2\/pages\/413\/revisions"}],"predecessor-version":[{"id":3792,"href":"https:\/\/www.projektakademien.se\/pa\/wp-json\/wp\/v2\/pages\/413\/revisions\/3792"}],"up":[{"embeddable":true,"href":"https:\/\/www.projektakademien.se\/pa\/wp-json\/wp\/v2\/pages\/3239"}],"wp:attachment":[{"href":"https:\/\/www.projektakademien.se\/pa\/wp-json\/wp\/v2\/media?parent=413"}],"wp:term":[{"taxonomy":"category","embeddable":true,"href":"https:\/\/www.projektakademien.se\/pa\/wp-json\/wp\/v2\/categories?post=413"},{"taxonomy":"post_tag","embeddable":true,"href":"https:\/\/www.projektakademien.se\/pa\/wp-json\/wp\/v2\/tags?post=413"}],"curies":[{"name":"wp","href":"https:\/\/api.w.org\/{rel}","templated":true}]}}