{"id":4111,"date":"2019-10-07T16:02:45","date_gmt":"2019-10-07T15:02:45","guid":{"rendered":"http:\/\/www.projektakademien.se\/pa\/?page_id=4111"},"modified":"2019-10-07T16:04:30","modified_gmt":"2019-10-07T15:04:30","slug":"artiklar","status":"publish","type":"page","link":"https:\/\/www.projektakademien.se\/pa\/artiklar\/","title":{"rendered":"Artiklar"},"content":{"rendered":"\n<p>Artiklar och skrifter som v\u00e5ra ledam\u00f6ter delar med sig av, inom ramen f\u00f6r omr\u00e5det projekt och projektledning, hittar du h\u00e4r.<\/p>\n\n\n\n<p><a href=\"http:\/\/www.projektakademien.se\/pa\/wp-content\/uploads\/2019\/09\/Skillnaden-mellan-process-och-projekt_.pdf\">Skillnad<\/a><a href=\"http:\/\/www.projektakademien.se\/pa\/wp-content\/uploads\/2019\/09\/Skillnaden-mellan-process-och-projekt_.pdf\" target=\"_blank\" rel=\"noreferrer noopener\" aria-label=\"en mellan process och projekt (\u00f6ppnas i en ny flik)\">en mellan process och projekt<\/a><\/p>\n\n\n\n<p><\/p>\n","protected":false},"excerpt":{"rendered":"<p>Artiklar och skrifter som v\u00e5ra ledam\u00f6ter delar med sig av, inom ramen f\u00f6r omr\u00e5det projekt och projektledning, hittar du h\u00e4r. Skillnaden mellan process och projekt<\/p>\n","protected":false},"author":11,"featured_media":0,"parent":0,"menu_order":0,"comment_status":"closed","ping_status":"closed","template":"","meta":{"ngg_post_thumbnail":0},"categories":[],"tags":[],"_links":{"self":[{"href":"https:\/\/www.projektakademien.se\/pa\/wp-json\/wp\/v2\/pages\/4111"}],"collection":[{"href":"https:\/\/www.projektakademien.se\/pa\/wp-json\/wp\/v2\/pages"}],"about":[{"href":"https:\/\/www.projektakademien.se\/pa\/wp-json\/wp\/v2\/types\/page"}],"author":[{"embeddable":true,"href":"https:\/\/www.projektakademien.se\/pa\/wp-json\/wp\/v2\/users\/11"}],"replies":[{"embeddable":true,"href":"https:\/\/www.projektakademien.se\/pa\/wp-json\/wp\/v2\/comments?post=4111"}],"version-history":[{"count":2,"href":"https:\/\/www.projektakademien.se\/pa\/wp-json\/wp\/v2\/pages\/4111\/revisions"}],"predecessor-version":[{"id":4114,"href":"https:\/\/www.projektakademien.se\/pa\/wp-json\/wp\/v2\/pages\/4111\/revisions\/4114"}],"wp:attachment":[{"href":"https:\/\/www.projektakademien.se\/pa\/wp-json\/wp\/v2\/media?parent=4111"}],"wp:term":[{"taxonomy":"category","embeddable":true,"href":"https:\/\/www.projektakademien.se\/pa\/wp-json\/wp\/v2\/categories?post=4111"},{"taxonomy":"post_tag","embeddable":true,"href":"https:\/\/www.projektakademien.se\/pa\/wp-json\/wp\/v2\/tags?post=4111"}],"curies":[{"name":"wp","href":"https:\/\/api.w.org\/{rel}","templated":true}]}}