{"id":408,"date":"2010-04-08T22:32:11","date_gmt":"2010-04-08T21:32:11","guid":{"rendered":"http:\/\/www.projektakademien.se\/pa\/?page_id=408"},"modified":"2018-08-22T20:25:36","modified_gmt":"2018-08-22T19:25:36","slug":"ulla-britt-westerberg","status":"publish","type":"page","link":"https:\/\/www.projektakademien.se\/pa\/ledamoter\/ulla-britt-westerberg\/","title":{"rendered":"Westerberg, Ulla-Britt"},"content":{"rendered":"<table border=\"0\" cellspacing=\"0\" cellpadding=\"0\">\n<tbody>\n<tr>\n<td align=\"left\" valign=\"top\" width=\"300\">\n<h3>Ulla-Britt Westerberg<\/h3>\n<p><strong>AstraZeneca<\/strong><\/p>\n<p><strong>M\u00f6lndal<\/strong><\/p>\n<p><strong>Telefon <\/strong>00-000 00 00<\/p>\n<p><strong>Mobil <\/strong>070-00 00 000<\/p>\n<p><strong>E-post <\/strong><a href=\"mailto:ubwesterberg@gmail.com\">ubwesterberg@gmail.com<\/a><\/p>\n<p><strong>Akademiens sekreterare 2009-2012<\/strong><\/td>\n<td align=\"right\" valign=\"top\" width=\"300\"><a href=\"http:\/\/www.projektakademien.se\/pa\/wp-content\/uploads\/2012\/07\/DSC00324.jpg\"><img loading=\"lazy\" title=\"ulla-britt westerberg\" src=\"http:\/\/www.projektakademien.se\/pa\/wp-content\/uploads\/2012\/07\/DSC00324.jpg\" alt=\"\" width=\"300\" height=\"225\" \/><\/a><\/td>\n<\/tr>\n<tr>\n<td colspan=\"2\" width=\"600\" height=\"20\"><\/td>\n<\/tr>\n<\/tbody>\n<\/table>\n<p>Har drygt 30 \u00e5rs erfarenhet fr\u00e5n l\u00e4kemedelsindustrin b\u00e5de inom marknadsf\u00f6ring och forskning. Min huvudsakliga specialisering \u00e4r inom ledarskap och internationell projektledning. Andra omr\u00e5den som f\u00e5tt extra fokus \u00e4r patenthantering, utv\u00e4rdering av kontraktsf\u00f6retag, \u00f6verf\u00f6ring av projekt tilli Japan samt framtagning o genomf\u00f6rande av interna utbildningsprogram riktade till projektmedarbetare. Min bakgrund \u00e4r universitetsstudier i kemi och zoologi och forskning inom zoofysiologi.<\/p>\n","protected":false},"excerpt":{"rendered":"<p>Ulla-Britt Westerberg AstraZeneca M\u00f6lndal Telefon 00-000 00 00 Mobil 070-00 00 000 E-post ubwesterberg@gmail.com Akademiens sekreterare 2009-2012 Har drygt 30 \u00e5rs erfarenhet fr\u00e5n l\u00e4kemedelsindustrin b\u00e5de inom marknadsf\u00f6ring och forskning. Min huvudsakliga specialisering \u00e4r inom ledarskap och internationell projektledning. Andra omr\u00e5den som f\u00e5tt extra fokus \u00e4r patenthantering, utv\u00e4rdering av kontraktsf\u00f6retag, \u00f6verf\u00f6ring av projekt tilli Japan samt [&hellip;]<\/p>\n","protected":false},"author":1,"featured_media":0,"parent":88,"menu_order":0,"comment_status":"open","ping_status":"open","template":"","meta":{"ngg_post_thumbnail":0},"categories":[1],"tags":[],"_links":{"self":[{"href":"https:\/\/www.projektakademien.se\/pa\/wp-json\/wp\/v2\/pages\/408"}],"collection":[{"href":"https:\/\/www.projektakademien.se\/pa\/wp-json\/wp\/v2\/pages"}],"about":[{"href":"https:\/\/www.projektakademien.se\/pa\/wp-json\/wp\/v2\/types\/page"}],"author":[{"embeddable":true,"href":"https:\/\/www.projektakademien.se\/pa\/wp-json\/wp\/v2\/users\/1"}],"replies":[{"embeddable":true,"href":"https:\/\/www.projektakademien.se\/pa\/wp-json\/wp\/v2\/comments?post=408"}],"version-history":[{"count":21,"href":"https:\/\/www.projektakademien.se\/pa\/wp-json\/wp\/v2\/pages\/408\/revisions"}],"predecessor-version":[{"id":3459,"href":"https:\/\/www.projektakademien.se\/pa\/wp-json\/wp\/v2\/pages\/408\/revisions\/3459"}],"up":[{"embeddable":true,"href":"https:\/\/www.projektakademien.se\/pa\/wp-json\/wp\/v2\/pages\/88"}],"wp:attachment":[{"href":"https:\/\/www.projektakademien.se\/pa\/wp-json\/wp\/v2\/media?parent=408"}],"wp:term":[{"taxonomy":"category","embeddable":true,"href":"https:\/\/www.projektakademien.se\/pa\/wp-json\/wp\/v2\/categories?post=408"},{"taxonomy":"post_tag","embeddable":true,"href":"https:\/\/www.projektakademien.se\/pa\/wp-json\/wp\/v2\/tags?post=408"}],"curies":[{"name":"wp","href":"https:\/\/api.w.org\/{rel}","templated":true}]}}