{"id":406,"date":"2010-04-08T22:31:36","date_gmt":"2010-04-08T21:31:36","guid":{"rendered":"http:\/\/www.projektakademien.se\/pa\/?page_id=406"},"modified":"2022-11-21T08:27:44","modified_gmt":"2022-11-21T07:27:44","slug":"thomas-uhlin","status":"publish","type":"page","link":"https:\/\/www.projektakademien.se\/pa\/ledamoter\/thomas-uhlin\/","title":{"rendered":"Uhlin, Thomas"},"content":{"rendered":"<table border=\"0\" cellspacing=\"0\" cellpadding=\"0\">\n<tbody>\n<tr>\n<td align=\"left\" valign=\"top\" width=\"300\">\n<h3>Thomas Uhlin<\/h3>\n<p>Verkst\u00e4llande direkt\u00f6r<br \/>\nTUL-Consulting AB<br \/>\nUppsala<\/p>\n<p><strong>Mobil <\/strong>070 &#8211; 533 51 37<\/p>\n<p><strong>E-post <\/strong><a href=\"mailto:thomas.uhlin@tul-consulting.com\">thomas.uhlin@tul-consulting.com<\/a><\/p>\n<p><strong>\u00c5rets projektledare 1997<\/strong><\/p>\n<p>&nbsp;<\/td>\n<td align=\"right\" valign=\"top\" width=\"300\"><a href=\"http:\/\/www.projektakademien.se\/pa\/wp-content\/uploads\/2011\/07\/Thomas_Uhlin.jpg\"><img loading=\"lazy\" class=\"alignright size-medium wp-image-1076\" title=\"Thomas_Uhlin\" src=\"http:\/\/www.projektakademien.se\/pa\/wp-content\/uploads\/2011\/07\/Thomas_Uhlin-300x225.jpg\" alt=\"\" width=\"300\" height=\"225\" srcset=\"https:\/\/www.projektakademien.se\/pa\/wp-content\/uploads\/2011\/07\/Thomas_Uhlin-300x225.jpg 300w, https:\/\/www.projektakademien.se\/pa\/wp-content\/uploads\/2011\/07\/Thomas_Uhlin-1024x768.jpg 1024w\" sizes=\"(max-width: 300px) 100vw, 300px\" \/><\/a><\/td>\n<\/tr>\n<tr>\n<td colspan=\"2\" width=\"600\" height=\"20\">&nbsp;<\/td>\n<\/tr>\n<\/tbody>\n<\/table>\n<p><strong>Bakgrund <\/strong><\/p>\n<p>Thomas har arbetat i mer \u00e4n 35 \u00e5r med framf\u00f6rallt utveckling av nya l\u00e4kemedel och medicinska device. Han har varit, produktchef, projektledare, projektchef, utvecklingschef och VD inom Pharmacia koncernen samt f\u00f6r ett antal mindre bolag som; Q-med, Doxa, Orexo samt Aprea och Lidds. Dessutom har han under 3 \u00e5r arbetat som konsult med Project management f\u00f6r Wenell, samt under 5 \u00e5r varit Direkt\u00f6r f\u00f6r Tillst\u00e5ndsdivisionen f\u00f6r l\u00e4kemedelsgodk\u00e4nnanden inom EU. Han har varit med om att ta fram och vidareutveckla ett antal nya l\u00e4kemedel och devices som idag s\u00e4ljs p\u00e5 marknaden \u00f6ver hela v\u00e4rlden samt arbetat internationellt i USA, Europa och Japan. Idag verkar han som VD inom det egna konsultf\u00f6retaget TUL Consulting AB sedan 2015. D\u00e4r arbetar han med r\u00e5dgivning till styrelser, mentorskap till chefer och PL samt Interim management. Han uts\u00e5g 1997 till \u00c5rets projektledare tillsammans med Johan Stjernschantz efter att ha varit projektledare och projektchef f\u00f6r utvecklingen av \u00f6gonl\u00e4kemedlet Xalatan vid Pharmacia &amp; Upjohn mellan 1994-1998.<\/p>\n<p><strong>Inriktning<\/strong><\/p>\n<p>Gott ledarskap, kunskap att l\u00f6sa uppgiften, innovativa id\u00e9er samt f\u00f6rm\u00e5gan att ha roligt tillsammans \u00e4r n\u00e5gra viktiga faktorer n\u00e4r man ska utveckla och industrialisera nya produkter. F\u00f6rm\u00e5gan att hitta dom b\u00e4sta partners som finns p\u00e5 en global arena st\u00e4ller stora krav p\u00e5 kommunikation och kulturell f\u00f6rst\u00e5else men det \u00e4r samtidigt nyckeln till framg\u00e5ng. Att tidigt kombinera ett aff\u00e4rst\u00e4nkande d\u00e4r kundens behov \u00e4r v\u00e4gledande med innovativ vetenskap och forskning \u00e4r sv\u00e5rt men n\u00f6dv\u00e4ndigt f\u00f6r att lyckas utveckla v\u00e4rldsklassprodukter. Ett insiktsfullt ledarskap d\u00e4r f\u00f6rm\u00e5gan att analysera vilka behov som skall l\u00f6sas, vilken kunskap som kr\u00e4vs f\u00f6r uppgiften och inte minst att se till att det blir genomf\u00f6rt p\u00e5 tid, till r\u00e4tt kvalitet och kostnad \u00e4r ett nyckelomr\u00e5de.<\/p>\n<p><strong>Speciella intressen<\/strong><\/p>\n<p>Projektledarskap, hur skapa framg\u00e5ngsrika team, virtuella organisationer. Hur kan man \u00f6ka motivation och ge energi till m\u00e4nniskor s\u00e5 att man tillsammans kan g\u00f6ra skillnad och uppn\u00e5 resultat. Att l\u00e4ra sig nya saker stimulerar hj\u00e4rnan att se saker ur nya perspektiv vilket ofta leder fram till nya id\u00e9er samt f\u00f6rm\u00e5gor att l\u00f6sa problem och situationer. Utveckla och m\u00e5lstyra team och individer till goda resultat och en rolig och intressant vardag. Coachande ledarskap. V\u00e5ga bryta m\u00f6nster och arbeta alltid med st\u00e4ndiga f\u00f6rb\u00e4ttringar!<\/p>\n","protected":false},"excerpt":{"rendered":"<p>Thomas Uhlin Verkst\u00e4llande direkt\u00f6r TUL-Consulting AB Uppsala Mobil 070 &#8211; 533 51 37 E-post thomas.uhlin@tul-consulting.com \u00c5rets projektledare 1997 &nbsp; &nbsp; Bakgrund Thomas har arbetat i mer \u00e4n 35 \u00e5r med framf\u00f6rallt utveckling av nya l\u00e4kemedel och medicinska device. Han har varit, produktchef, projektledare, projektchef, utvecklingschef och VD inom Pharmacia koncernen samt f\u00f6r ett antal mindre [&hellip;]<\/p>\n","protected":false},"author":1,"featured_media":0,"parent":88,"menu_order":0,"comment_status":"open","ping_status":"open","template":"","meta":{"ngg_post_thumbnail":0},"categories":[1],"tags":[],"_links":{"self":[{"href":"https:\/\/www.projektakademien.se\/pa\/wp-json\/wp\/v2\/pages\/406"}],"collection":[{"href":"https:\/\/www.projektakademien.se\/pa\/wp-json\/wp\/v2\/pages"}],"about":[{"href":"https:\/\/www.projektakademien.se\/pa\/wp-json\/wp\/v2\/types\/page"}],"author":[{"embeddable":true,"href":"https:\/\/www.projektakademien.se\/pa\/wp-json\/wp\/v2\/users\/1"}],"replies":[{"embeddable":true,"href":"https:\/\/www.projektakademien.se\/pa\/wp-json\/wp\/v2\/comments?post=406"}],"version-history":[{"count":28,"href":"https:\/\/www.projektakademien.se\/pa\/wp-json\/wp\/v2\/pages\/406\/revisions"}],"predecessor-version":[{"id":5978,"href":"https:\/\/www.projektakademien.se\/pa\/wp-json\/wp\/v2\/pages\/406\/revisions\/5978"}],"up":[{"embeddable":true,"href":"https:\/\/www.projektakademien.se\/pa\/wp-json\/wp\/v2\/pages\/88"}],"wp:attachment":[{"href":"https:\/\/www.projektakademien.se\/pa\/wp-json\/wp\/v2\/media?parent=406"}],"wp:term":[{"taxonomy":"category","embeddable":true,"href":"https:\/\/www.projektakademien.se\/pa\/wp-json\/wp\/v2\/categories?post=406"},{"taxonomy":"post_tag","embeddable":true,"href":"https:\/\/www.projektakademien.se\/pa\/wp-json\/wp\/v2\/tags?post=406"}],"curies":[{"name":"wp","href":"https:\/\/api.w.org\/{rel}","templated":true}]}}