{"id":404,"date":"2010-04-08T22:31:17","date_gmt":"2010-04-08T21:31:17","guid":{"rendered":"http:\/\/www.projektakademien.se\/pa\/?page_id=404"},"modified":"2018-08-22T20:38:23","modified_gmt":"2018-08-22T19:38:23","slug":"jonas-soderlund","status":"publish","type":"page","link":"https:\/\/www.projektakademien.se\/pa\/ledamoter\/jonas-soderlund\/","title":{"rendered":"S\u00f6derlund, Jonas"},"content":{"rendered":"<table border=\"0\" cellspacing=\"0\" cellpadding=\"0\">\n<tbody>\n<tr>\n<td width=\"300\" align=\"left\" valign=\"top\">\n<h3>Jonas S\u00f6derlund<\/h3>\n<p>Professor<br \/>\nHandelsh\u00f6yskolen BI<\/p>\n<p>Oslo<\/p>\n<p><strong>Telefon <\/strong>013-281000<\/p>\n<p><strong>Mobil <\/strong><strong><\/strong><\/p>\n<p><strong>E-post <\/strong><a href=\"mailto:jonas.soderlund@liu.se\">jonas.soderlund@liu.se<\/a><\/td>\n<td width=\"300\" align=\"right\" valign=\"top\"><a href=\"..\/wp-content\/uploads\/2010\/03\/wenell4.jpg\"><\/a><a href=\"http:\/\/www.projektakademien.se\/pa\/wp-content\/uploads\/2010\/04\/Jonas-Soderlund.jpg\"><img loading=\"lazy\" class=\"alignright size-full wp-image-481\" title=\"Jonas Soderlund\" src=\"http:\/\/www.projektakademien.se\/pa\/wp-content\/uploads\/2010\/04\/Jonas-Soderlund.jpg\" alt=\"\" width=\"130\" height=\"130\" \/><\/a><\/td>\n<\/tr>\n<tr>\n<td colspan=\"2\" width=\"600\" height=\"20\">\u00a0<\/td>\n<\/tr>\n<\/tbody>\n<\/table>\n<p><strong>Bakgrund <\/strong>Jonas S\u00f6derlund har arbetat med forskning och undervisning i projektledning sedan mitten p\u00e5 1990-talet. Han har arbetat vid Link\u00f6pings universitet och byggt upp forskningen och undervisningen i projektledning, bland annat genom ett tjugotal kurser och ett tiotal st\u00f6rre forskningsprojekt. Framf\u00f6rallt \u00e4r det forskning om tidsstyrning, projektkompetens och personalfr\u00e5gor som har intresserat honom.<\/p>\n<p>Jonas har publicerat ett stort antal b\u00f6cker och artiklar p\u00e5 s\u00e5v\u00e4l svenska som engelska. Han \u00e4r medlem i Projektakademien sedan 2000 och ansvarar f\u00f6r forsknings- och utvecklingsn\u00e4tverket Svenska Projekt. Ut\u00f6ver det arbetar han som r\u00e5dgivare \u00e5t ett antal stora internationella f\u00f6retag f\u00f6r att st\u00e4rka deras f\u00f6rm\u00e5ga att skapa och genomf\u00f6ra projekt. Han \u00e4r sedan 2006 professor vid BI Handelsh\u00f6gskolan i Oslo, en av Europas st\u00f6rsta handelsh\u00f6gskolor, och ansvarar d\u00e4r f\u00f6r skolans forskning- och undervisning i projektledning.<\/p>\n<p><strong>Inriktning <\/strong>Jonas arbetar f\u00f6r n\u00e4rvarande med ett antal utvecklingsprojekt inom omr\u00e5det projektportf\u00f6ljhantering, projektkompetens och personalarbete i projektbaserade f\u00f6retag.<\/p>\n<p><strong>Speciella intressen<\/strong> Att f\u00f6rb\u00e4ttra f\u00f6retags och organisationers f\u00f6rm\u00e5ga att skapa och genomf\u00f6ra projekt. Utveckla innovativa kurser p\u00e5 universitetsniv\u00e5 f\u00f6r s\u00e5v\u00e4l praktiker som studenter.<\/p>\n","protected":false},"excerpt":{"rendered":"<p>Jonas S\u00f6derlund Professor Handelsh\u00f6yskolen BI Oslo Telefon 013-281000 Mobil E-post jonas.soderlund@liu.se \u00a0 Bakgrund Jonas S\u00f6derlund har arbetat med forskning och undervisning i projektledning sedan mitten p\u00e5 1990-talet. Han har arbetat vid Link\u00f6pings universitet och byggt upp forskningen och undervisningen i projektledning, bland annat genom ett tjugotal kurser och ett tiotal st\u00f6rre forskningsprojekt. Framf\u00f6rallt \u00e4r det [&hellip;]<\/p>\n","protected":false},"author":1,"featured_media":0,"parent":88,"menu_order":0,"comment_status":"open","ping_status":"open","template":"","meta":{"ngg_post_thumbnail":0},"categories":[1],"tags":[],"_links":{"self":[{"href":"https:\/\/www.projektakademien.se\/pa\/wp-json\/wp\/v2\/pages\/404"}],"collection":[{"href":"https:\/\/www.projektakademien.se\/pa\/wp-json\/wp\/v2\/pages"}],"about":[{"href":"https:\/\/www.projektakademien.se\/pa\/wp-json\/wp\/v2\/types\/page"}],"author":[{"embeddable":true,"href":"https:\/\/www.projektakademien.se\/pa\/wp-json\/wp\/v2\/users\/1"}],"replies":[{"embeddable":true,"href":"https:\/\/www.projektakademien.se\/pa\/wp-json\/wp\/v2\/comments?post=404"}],"version-history":[{"count":12,"href":"https:\/\/www.projektakademien.se\/pa\/wp-json\/wp\/v2\/pages\/404\/revisions"}],"predecessor-version":[{"id":3466,"href":"https:\/\/www.projektakademien.se\/pa\/wp-json\/wp\/v2\/pages\/404\/revisions\/3466"}],"up":[{"embeddable":true,"href":"https:\/\/www.projektakademien.se\/pa\/wp-json\/wp\/v2\/pages\/88"}],"wp:attachment":[{"href":"https:\/\/www.projektakademien.se\/pa\/wp-json\/wp\/v2\/media?parent=404"}],"wp:term":[{"taxonomy":"category","embeddable":true,"href":"https:\/\/www.projektakademien.se\/pa\/wp-json\/wp\/v2\/categories?post=404"},{"taxonomy":"post_tag","embeddable":true,"href":"https:\/\/www.projektakademien.se\/pa\/wp-json\/wp\/v2\/tags?post=404"}],"curies":[{"name":"wp","href":"https:\/\/api.w.org\/{rel}","templated":true}]}}