{"id":402,"date":"2010-04-08T22:30:59","date_gmt":"2010-04-08T21:30:59","guid":{"rendered":"http:\/\/www.projektakademien.se\/pa\/?page_id=402"},"modified":"2023-02-28T08:35:43","modified_gmt":"2023-02-28T07:35:43","slug":"anders-soderholm","status":"publish","type":"page","link":"https:\/\/www.projektakademien.se\/pa\/ledamoter\/anders-soderholm\/","title":{"rendered":"S\u00f6derholm, Anders"},"content":{"rendered":"<table border=\"0\" cellspacing=\"0\" cellpadding=\"0\">\n<tbody>\n<tr>\n<td align=\"left\" valign=\"top\" width=\"300\">\n<h3>Anders S\u00f6derholm<\/h3>\n<p>Rektor<br>Kungliga Tekniska H\u00f6gskolan<\/p>\n<p>Stockholm<\/p>\n<p><strong>Mobil 070-322 86 40<\/strong><\/p>\n<p><strong>E-post <\/strong>soderholm@kth.se<\/p>\n<p><strong>Akademiens ordf\u00f6rande 2004-2014<\/strong><\/p>\n<p><strong>&nbsp;<\/strong><\/p>\n<\/td>\n<td align=\"right\" valign=\"top\" width=\"300\"><a href=\"http:\/\/www.projektakademien.se\/pa\/wp-content\/uploads\/2010\/12\/anders_soderholm.jpg\"><img loading=\"lazy\" class=\"alignleft size-medium wp-image-906\" title=\"anders_soderholm\" src=\"http:\/\/www.projektakademien.se\/pa\/wp-content\/uploads\/2010\/12\/anders_soderholm-199x300.jpg\" alt=\"\" width=\"199\" height=\"300\" srcset=\"https:\/\/www.projektakademien.se\/pa\/wp-content\/uploads\/2010\/12\/anders_soderholm-199x300.jpg 199w, https:\/\/www.projektakademien.se\/pa\/wp-content\/uploads\/2010\/12\/anders_soderholm.jpg 200w\" sizes=\"(max-width: 199px) 100vw, 199px\" \/><\/a><\/td>\n<\/tr>\n<tr>\n<td colspan=\"2\" width=\"600\" height=\"20\">&nbsp;<\/td>\n<\/tr>\n<\/tbody>\n<\/table>\n<p><strong>Bakgrund<\/strong> Anders S\u00f6derholm \u00e4r professor i f\u00f6retagsekonomi och har s\u00e4rskilt intresserat sig f\u00f6r projektorganiserade f\u00f6retag och de s\u00e4rskilda organisatoriska fr\u00e5gor som h\u00e4nger samman med ett allt \u00f6kande projektintresse i industri och f\u00f6rvaltning. \u00c4ven fr\u00e5gor kring hur projektledningens praktik egentligen ser ut har varit ett stort intresse. Det har hela tiden varit de organisationsvetenskapliga aspekterna av projekt som st\u00e5tt i fokus f\u00f6r forskningen. Han har \u00e4ven utvecklat kurser och program inom projektledning, inte minst ett internationellt masterprogram i Strategic Project Management tillsammans med internationella partners. Han \u00e4r medlem i Svenska Projektakademien sedan 1999 och dess ordf\u00f6rande 2004-2014. 2008-2017 var han rektor f\u00f6r Mittuniversitetet, d\u00e4refter generaldirekt\u00f6r f\u00f6r UK\u00c4 och \u00e4r sedan 2023 rektor f\u00f6r Kungliga Tekniska H\u00f6gskolan.<\/p>\n<p><strong>Inriktning<\/strong> Anders har ett stort praktiskt intresse f\u00f6r projektportf\u00f6ljhantering och utvecklingsarbete inom den svenska universitets- och h\u00f6gskolesektorn.<\/p>\n<p><strong>Speciella intressen <\/strong>\u00e4r fr\u00e5gor kring hur det moderna f\u00f6retaget kan byggas upp och ledas n\u00e4r projekt dominerar utf\u00f6rande- och utvecklingsorganisationen samt hur det praktiska projektarbetet drivs i olika omgivande milj\u00f6er.<\/p>\n\n\n<p><\/p>\n","protected":false},"excerpt":{"rendered":"<p>Anders S\u00f6derholm RektorKungliga Tekniska H\u00f6gskolan Stockholm Mobil 070-322 86 40 E-post soderholm@kth.se Akademiens ordf\u00f6rande 2004-2014 &nbsp; &nbsp; Bakgrund Anders S\u00f6derholm \u00e4r professor i f\u00f6retagsekonomi och har s\u00e4rskilt intresserat sig f\u00f6r projektorganiserade f\u00f6retag och de s\u00e4rskilda organisatoriska fr\u00e5gor som h\u00e4nger samman med ett allt \u00f6kande projektintresse i industri och f\u00f6rvaltning. \u00c4ven fr\u00e5gor kring hur projektledningens praktik [&hellip;]<\/p>\n","protected":false},"author":1,"featured_media":0,"parent":88,"menu_order":0,"comment_status":"open","ping_status":"open","template":"","meta":{"ngg_post_thumbnail":0},"categories":[1],"tags":[],"_links":{"self":[{"href":"https:\/\/www.projektakademien.se\/pa\/wp-json\/wp\/v2\/pages\/402"}],"collection":[{"href":"https:\/\/www.projektakademien.se\/pa\/wp-json\/wp\/v2\/pages"}],"about":[{"href":"https:\/\/www.projektakademien.se\/pa\/wp-json\/wp\/v2\/types\/page"}],"author":[{"embeddable":true,"href":"https:\/\/www.projektakademien.se\/pa\/wp-json\/wp\/v2\/users\/1"}],"replies":[{"embeddable":true,"href":"https:\/\/www.projektakademien.se\/pa\/wp-json\/wp\/v2\/comments?post=402"}],"version-history":[{"count":25,"href":"https:\/\/www.projektakademien.se\/pa\/wp-json\/wp\/v2\/pages\/402\/revisions"}],"predecessor-version":[{"id":6125,"href":"https:\/\/www.projektakademien.se\/pa\/wp-json\/wp\/v2\/pages\/402\/revisions\/6125"}],"up":[{"embeddable":true,"href":"https:\/\/www.projektakademien.se\/pa\/wp-json\/wp\/v2\/pages\/88"}],"wp:attachment":[{"href":"https:\/\/www.projektakademien.se\/pa\/wp-json\/wp\/v2\/media?parent=402"}],"wp:term":[{"taxonomy":"category","embeddable":true,"href":"https:\/\/www.projektakademien.se\/pa\/wp-json\/wp\/v2\/categories?post=402"},{"taxonomy":"post_tag","embeddable":true,"href":"https:\/\/www.projektakademien.se\/pa\/wp-json\/wp\/v2\/tags?post=402"}],"curies":[{"name":"wp","href":"https:\/\/api.w.org\/{rel}","templated":true}]}}