{"id":400,"date":"2010-04-08T22:30:36","date_gmt":"2010-04-08T21:30:36","guid":{"rendered":"http:\/\/www.projektakademien.se\/pa\/?page_id=400"},"modified":"2019-06-14T09:48:25","modified_gmt":"2019-06-14T08:48:25","slug":"torbjorn-stjernberg","status":"publish","type":"page","link":"https:\/\/www.projektakademien.se\/pa\/ledamoter\/torbjorn-stjernberg\/","title":{"rendered":"Stjernberg, Torbj\u00f6rn"},"content":{"rendered":"<table border=\"0\" cellspacing=\"0\" cellpadding=\"0\">\n<tbody>\n<tr>\n<td align=\"left\" valign=\"top\" width=\"300\">\n<h3>Torbj\u00f6rn Stjernberg<\/h3>\n<p>Professor emeritus<\/p>\n<p>Handelsh\u00f6gskolan vid G\u00f6teborgs Universitet<\/p>\n<p>Sydkoster<\/p>\n<p><strong>E-post <\/strong>torbjorn.stjernberg@gmail.com<\/td>\n<td align=\"right\" valign=\"top\" width=\"300\"><a href=\"http:\/\/www.projektakademien.se\/pa\/wp-content\/uploads\/2019\/06\/Stjernberg.png\"><img loading=\"lazy\" class=\"alignnone size-medium wp-image-3829\" src=\"http:\/\/www.projektakademien.se\/pa\/wp-content\/uploads\/2019\/06\/Stjernberg-227x300.png\" alt=\"\" width=\"227\" height=\"300\" srcset=\"https:\/\/www.projektakademien.se\/pa\/wp-content\/uploads\/2019\/06\/Stjernberg-227x300.png 227w, https:\/\/www.projektakademien.se\/pa\/wp-content\/uploads\/2019\/06\/Stjernberg.png 381w\" sizes=\"(max-width: 227px) 100vw, 227px\" \/><\/a><\/td>\n<\/tr>\n<tr>\n<td colspan=\"2\" width=\"600\" height=\"20\"><\/td>\n<\/tr>\n<\/tbody>\n<\/table>\n<p>Torbj\u00f6rn Stjernberg \u00e4r professor emeritus fr\u00e5n Handelsh\u00f6gskolan vid G\u00f6teborgs Universitet d\u00e4r han \u00e5ren fr\u00e5n 1997 innehade \u00e4mnesprofessuren i organisationsteori. Hans fokus under de 40 \u00e5rens verksamhet inom forskning, undervisning och konsultation har varit organisatoriska f\u00f6r\u00e4ndringsf\u00f6rlopp. Han innehade \u00e5ren 1995 till 1997 en professur i \u201dProsjektorganisasjon\u201d vid d\u00e5varande H\u00f8gskolen i Agder, i Kristiansand, Norge. Parallellt med verksamheten vid HIA arbetade han vid Handelsh\u00f6gskolan i Stockholm som \u00e4r hans alma mater och d\u00e4r han disputerade 1977 med en avhandling om \u201dOrganizational Change and Quality of Life\u201d. Han var \u00e4ven verksam som organisationsutredare vid Stockholms L\u00e4ns Landsting, och som organisationskonsult i ett mindre konsultf\u00f6retag parallellt med arbetet vid HHS.<\/p>\n<p>Bland de senare \u00e5rens publikationer kan n\u00e4mnas boken \u201dProjektliv \u2013 villkor f\u00f6r uth\u00e5llig projektverksamhet\u201d som redigerades av Torbj\u00f6rn Stjernberg, Jonas S\u00f6derlund och Ewa Wikstr\u00f6m och gavs ut 2008 av Studentlitteratur. Samma \u00e5r publicerades av V\u00e4xj\u00f6 Universitet boken \u201dGemensamt kunskapande \u2013 den interaktiva forskningens praktik\u201d som redigerades tillsammans med Ewa Gunnarsson och Bengt Johannisson.<\/p>\n<p><span style=\"font-family: 'Verdana',sans-serif; color: #222222;\">Under de senaste \u00e5ren, och forts\u00e4ttningsvis i rollen som emeritus, har Torbj\u00f6rns akademiska g\u00e4rningar fr\u00e4mst g\u00e4llt sakkunnigbed\u00f6mningar. Det intresse f\u00f6r livskvalitet som inledde forskarkarri\u00e4ren s\u00e4tter dock allt st\u00f6rre sp\u00e5r i livspraktiken som pension\u00e4r och boende p\u00e5 Koster\u00f6arna.<\/span><\/p>\n","protected":false},"excerpt":{"rendered":"<p>Torbj\u00f6rn Stjernberg Professor emeritus Handelsh\u00f6gskolan vid G\u00f6teborgs Universitet Sydkoster E-post torbjorn.stjernberg@gmail.com Torbj\u00f6rn Stjernberg \u00e4r professor emeritus fr\u00e5n Handelsh\u00f6gskolan vid G\u00f6teborgs Universitet d\u00e4r han \u00e5ren fr\u00e5n 1997 innehade \u00e4mnesprofessuren i organisationsteori. Hans fokus under de 40 \u00e5rens verksamhet inom forskning, undervisning och konsultation har varit organisatoriska f\u00f6r\u00e4ndringsf\u00f6rlopp. Han innehade \u00e5ren 1995 till 1997 en professur i [&hellip;]<\/p>\n","protected":false},"author":1,"featured_media":0,"parent":88,"menu_order":0,"comment_status":"open","ping_status":"open","template":"","meta":{"ngg_post_thumbnail":0},"categories":[1],"tags":[],"_links":{"self":[{"href":"https:\/\/www.projektakademien.se\/pa\/wp-json\/wp\/v2\/pages\/400"}],"collection":[{"href":"https:\/\/www.projektakademien.se\/pa\/wp-json\/wp\/v2\/pages"}],"about":[{"href":"https:\/\/www.projektakademien.se\/pa\/wp-json\/wp\/v2\/types\/page"}],"author":[{"embeddable":true,"href":"https:\/\/www.projektakademien.se\/pa\/wp-json\/wp\/v2\/users\/1"}],"replies":[{"embeddable":true,"href":"https:\/\/www.projektakademien.se\/pa\/wp-json\/wp\/v2\/comments?post=400"}],"version-history":[{"count":14,"href":"https:\/\/www.projektakademien.se\/pa\/wp-json\/wp\/v2\/pages\/400\/revisions"}],"predecessor-version":[{"id":3830,"href":"https:\/\/www.projektakademien.se\/pa\/wp-json\/wp\/v2\/pages\/400\/revisions\/3830"}],"up":[{"embeddable":true,"href":"https:\/\/www.projektakademien.se\/pa\/wp-json\/wp\/v2\/pages\/88"}],"wp:attachment":[{"href":"https:\/\/www.projektakademien.se\/pa\/wp-json\/wp\/v2\/media?parent=400"}],"wp:term":[{"taxonomy":"category","embeddable":true,"href":"https:\/\/www.projektakademien.se\/pa\/wp-json\/wp\/v2\/categories?post=400"},{"taxonomy":"post_tag","embeddable":true,"href":"https:\/\/www.projektakademien.se\/pa\/wp-json\/wp\/v2\/tags?post=400"}],"curies":[{"name":"wp","href":"https:\/\/api.w.org\/{rel}","templated":true}]}}