{"id":398,"date":"2010-04-08T22:30:12","date_gmt":"2010-04-08T21:30:12","guid":{"rendered":"http:\/\/www.projektakademien.se\/pa\/?page_id=398"},"modified":"2018-08-22T20:38:55","modified_gmt":"2018-08-22T19:38:55","slug":"hakan-sjoholm","status":"publish","type":"page","link":"https:\/\/www.projektakademien.se\/pa\/ledamoter\/hakan-sjoholm\/","title":{"rendered":"Sj\u00f6holm, H\u00e5kan"},"content":{"rendered":"<table border=\"0\" cellspacing=\"0\" cellpadding=\"0\">\n<tbody>\n<tr>\n<td width=\"300\" align=\"left\" valign=\"top\">\n<h3>H\u00e5kan Sj\u00f6holm<\/h3>\n<p>Direkt\u00f6r<br \/>\nProjektkonsult H\u00e5kan Sj\u00f6holm AB<\/p>\n<p>V\u00e4ster\u00e5s<\/p>\n<p><strong>Mobil <\/strong>070-6246242<strong> <\/strong><\/p>\n<p><strong>E-post <\/strong><a href=\"hakan@sjoholm.info\">hakan@sjoholm.info<\/a><\/p>\n<p><strong>Akademiens revisorssuppleant<\/strong><\/td>\n<td width=\"300\" align=\"right\" valign=\"top\"><a href=\"http:\/\/www.projektakademien.se\/pa\/wp-content\/uploads\/2012\/03\/Hakan_Sjoholm2.1.jpg\"><img loading=\"lazy\" title=\"wenell\" src=\"http:\/\/www.projektakademien.se\/pa\/wp-content\/uploads\/2012\/03\/Hakan_Sjoholm2.1.jpg\" alt=\"\" width=\"200\" height=\"250\" \/><\/a><\/td>\n<\/tr>\n<tr>\n<td colspan=\"2\" width=\"600\" height=\"20\">\u00a0<\/td>\n<\/tr>\n<\/tbody>\n<\/table>\n<p>H\u00e5kan Sj\u00f6holm driver sedan 2004 Projektkonsult H\u00e5kan Sj\u00f6holm AB, ett konsultf\u00f6retag med aff\u00e4rsid\u00e9n att \u00f6ka kundernas l\u00f6nsamhet och konkurrenskraft genom att f\u00f6rb\u00e4ttra deras projektledningsf\u00f6rm\u00e5ga. H\u00e5kan \u00e4r en av f\u00f6rfattarna till boken \u201dProjekt \u2013 ledning och metoder\u201d, som \u00e4ven \u00e4r utgiven p\u00e5 engelska.<\/p>\n<p>H\u00e5kan har 30 \u00e5rs erfarenhet fr\u00e5n Asea\/ABB inom projektledningsomr\u00e5det som internationell projektledare, projektchef, linjechef (resurs\u00e4gare) i projektdrivna organisationer, chef f\u00f6r projektkontor samt projektkonsult.<\/p>\n<p>H\u00e5kan \u00e4r ansvarig inom Svenskt Projektforum f\u00f6r certifiering av projektledare, han har tidigare varit f\u00f6reningens ordf\u00f6rande i fem \u00e5r.<\/p>\n<p>H\u00e5kan \u00e4r medlem i IPMAs (international Project Management Association) certifieringsstyrelse (Certification Validation Management Board).<\/p>\n<p>H\u00e5kan har medverkat i arbetet med ISO-standarderna ISO 10006, V\u00e4gledning f\u00f6r kvalitetsledning i projekt samt ISO 21500, Guide to project management.<\/p>\n","protected":false},"excerpt":{"rendered":"<p>H\u00e5kan Sj\u00f6holm Direkt\u00f6r Projektkonsult H\u00e5kan Sj\u00f6holm AB V\u00e4ster\u00e5s Mobil 070-6246242 E-post hakan@sjoholm.info Akademiens revisorssuppleant \u00a0 H\u00e5kan Sj\u00f6holm driver sedan 2004 Projektkonsult H\u00e5kan Sj\u00f6holm AB, ett konsultf\u00f6retag med aff\u00e4rsid\u00e9n att \u00f6ka kundernas l\u00f6nsamhet och konkurrenskraft genom att f\u00f6rb\u00e4ttra deras projektledningsf\u00f6rm\u00e5ga. H\u00e5kan \u00e4r en av f\u00f6rfattarna till boken \u201dProjekt \u2013 ledning och metoder\u201d, som \u00e4ven \u00e4r utgiven [&hellip;]<\/p>\n","protected":false},"author":1,"featured_media":0,"parent":88,"menu_order":0,"comment_status":"open","ping_status":"open","template":"","meta":{"ngg_post_thumbnail":0},"categories":[1],"tags":[],"_links":{"self":[{"href":"https:\/\/www.projektakademien.se\/pa\/wp-json\/wp\/v2\/pages\/398"}],"collection":[{"href":"https:\/\/www.projektakademien.se\/pa\/wp-json\/wp\/v2\/pages"}],"about":[{"href":"https:\/\/www.projektakademien.se\/pa\/wp-json\/wp\/v2\/types\/page"}],"author":[{"embeddable":true,"href":"https:\/\/www.projektakademien.se\/pa\/wp-json\/wp\/v2\/users\/1"}],"replies":[{"embeddable":true,"href":"https:\/\/www.projektakademien.se\/pa\/wp-json\/wp\/v2\/comments?post=398"}],"version-history":[{"count":12,"href":"https:\/\/www.projektakademien.se\/pa\/wp-json\/wp\/v2\/pages\/398\/revisions"}],"predecessor-version":[{"id":3467,"href":"https:\/\/www.projektakademien.se\/pa\/wp-json\/wp\/v2\/pages\/398\/revisions\/3467"}],"up":[{"embeddable":true,"href":"https:\/\/www.projektakademien.se\/pa\/wp-json\/wp\/v2\/pages\/88"}],"wp:attachment":[{"href":"https:\/\/www.projektakademien.se\/pa\/wp-json\/wp\/v2\/media?parent=398"}],"wp:term":[{"taxonomy":"category","embeddable":true,"href":"https:\/\/www.projektakademien.se\/pa\/wp-json\/wp\/v2\/categories?post=398"},{"taxonomy":"post_tag","embeddable":true,"href":"https:\/\/www.projektakademien.se\/pa\/wp-json\/wp\/v2\/tags?post=398"}],"curies":[{"name":"wp","href":"https:\/\/api.w.org\/{rel}","templated":true}]}}