{"id":394,"date":"2010-04-08T22:29:23","date_gmt":"2010-04-08T21:29:23","guid":{"rendered":"http:\/\/www.projektakademien.se\/pa\/?page_id=394"},"modified":"2023-11-20T08:16:12","modified_gmt":"2023-11-20T07:16:12","slug":"peter-rathsman","status":"publish","type":"page","link":"https:\/\/www.projektakademien.se\/pa\/ledamoter\/peter-rathsman\/","title":{"rendered":"Rathsman, Peter"},"content":{"rendered":"<table border=\"0\" cellspacing=\"0\" cellpadding=\"0\">\n<tbody>\n<tr>\n<td align=\"left\" valign=\"top\" width=\"300\">\n<h3>Peter Rathsman<\/h3>\n<p>OHB Sweden AB<\/p>\n<p>Solna<\/p>\n<p><strong>Telefon<\/strong>+46 8 121 40&nbsp;100<\/p>\n<p><strong>E-post <\/strong><a href=\"peter.rathsman@ohb-sweden.se\">peter.rathsman@ohb-sweden.se<\/a><\/p>\n<p><strong>\u00c5rets projektledare 2005<\/strong><\/td>\n<td align=\"right\" valign=\"top\" width=\"300\"><a href=\"http:\/\/www.projektakademien.se\/pa\/wp-content\/uploads\/2012\/01\/Bild_Peter_Rathsman.jpg\"><img loading=\"lazy\" title=\"wenell\" src=\"http:\/\/www.projektakademien.se\/pa\/wp-content\/uploads\/2012\/01\/Bild_Peter_Rathsman.jpg\" alt=\"\" width=\"206\" height=\"299\"><\/a><\/td>\n<\/tr>\n<tr>\n<td colspan=\"2\" width=\"600\" height=\"20\">&nbsp;<\/td>\n<\/tr>\n<\/tbody>\n<\/table>\n<p>Peter Rathsman tog sin civilingenj\u00f6rsexamen i maskinteknik vid KTH 1982. Han anst\u00e4lldes vid Rymdbolaget s satellitdivision 1983. Divisionen s\u00e5ldes 2011 till det tyska f\u00f6retaget OHB och fick d\u00e4refter det nya namnet OHB Sweden AB.<\/p>\n<p>Peter Rathsman har verkat som systemingenj\u00f6r och projektledare vid Rymdbolagets tekniska centrum i Solna.<br \/>\nHan b\u00f6rjade sin rymdtekniska bana med att arbeta med struktur- och termisk analys i telekomsatellitprojektet Tele-X. D\u00e4refter var han plattformsansvarig f\u00f6r forskningssatelliten Freja, som s\u00e4ndes upp fr\u00e5n Kina i oktober 1992. Under perioden 1992-1996 var han systemingenj\u00f6r f\u00f6r astronomi\/aeronomisatelliten Odin, vilken s\u00e4ndes upp 2011 och fortfarande \u00e4r i drift.<\/p>\n<p>N\u00e4r Rymdbolaget fick i uppdrag att utveckla ESA:s f\u00f6rsta m\u00e5nsond SMART-1, uts\u00e5gs Peter Rathsman till projektledare. Sonden anv\u00e4nde en elektrisk jonmotor f\u00f6r att ta sig fr\u00e5n jorden till m\u00e5nen p\u00e5 13 m\u00e5nader.<br \/>\nN\u00e4r SMART-1 i november 2004 gick in i omloppsbana kring m\u00e5nen, utgjorde detta ett slags \u201dtekniskt examensprov&#8221; f\u00f6r svensk rymdverksamhet. Med denna rymdfarkost, som Rymdbolaget utvecklat \u00e5t den europeiska rymdorganisationen ESA, tog Sverige klivet in i den krets av l\u00e4nder som byggt rymdfarkoster f\u00f6r f\u00e4rder till andra himlakroppar. SMART-1 gav Sverige och Rymdbolaget stor uppm\u00e4rksamhet n\u00e4r den som planerat kraschlandade p\u00e5 m\u00e5nen 3 september 2006. Nedslaget, vars tidpunkt och plats hade predikterats med stor noggrannhet, kunde observeras av markbaserade teleskop.<\/p>\n<p>F\u00f6r projektledarskapet i SMART-1 fick Peter Rathsman Flygtekniska f\u00f6reningens Thulinmedalj i silver, samt valdes till \u201d\u00c5rets Projektledare 2005\u201d. Han invaldes i Svenska Projektakademien \u00e5ret efter, och har sedan starten varit medlem i kommitt\u00e9n som v\u00e4ljer \u00c5rets Projektledare.<\/p>\n<p>Peter Rathsman arbetar f.n. som teknisk chef (Chief Technical Officer) i OHB Sweden AB.<\/p>\n","protected":false},"excerpt":{"rendered":"<p>Peter Rathsman OHB Sweden AB Solna Telefon+46 8 121 40&nbsp;100 E-post peter.rathsman@ohb-sweden.se \u00c5rets projektledare 2005 &nbsp; Peter Rathsman tog sin civilingenj\u00f6rsexamen i maskinteknik vid KTH 1982. Han anst\u00e4lldes vid Rymdbolaget s satellitdivision 1983. Divisionen s\u00e5ldes 2011 till det tyska f\u00f6retaget OHB och fick d\u00e4refter det nya namnet OHB Sweden AB. Peter Rathsman har verkat som [&hellip;]<\/p>\n","protected":false},"author":1,"featured_media":0,"parent":88,"menu_order":0,"comment_status":"open","ping_status":"open","template":"","meta":{"ngg_post_thumbnail":0},"categories":[1],"tags":[],"_links":{"self":[{"href":"https:\/\/www.projektakademien.se\/pa\/wp-json\/wp\/v2\/pages\/394"}],"collection":[{"href":"https:\/\/www.projektakademien.se\/pa\/wp-json\/wp\/v2\/pages"}],"about":[{"href":"https:\/\/www.projektakademien.se\/pa\/wp-json\/wp\/v2\/types\/page"}],"author":[{"embeddable":true,"href":"https:\/\/www.projektakademien.se\/pa\/wp-json\/wp\/v2\/users\/1"}],"replies":[{"embeddable":true,"href":"https:\/\/www.projektakademien.se\/pa\/wp-json\/wp\/v2\/comments?post=394"}],"version-history":[{"count":11,"href":"https:\/\/www.projektakademien.se\/pa\/wp-json\/wp\/v2\/pages\/394\/revisions"}],"predecessor-version":[{"id":6494,"href":"https:\/\/www.projektakademien.se\/pa\/wp-json\/wp\/v2\/pages\/394\/revisions\/6494"}],"up":[{"embeddable":true,"href":"https:\/\/www.projektakademien.se\/pa\/wp-json\/wp\/v2\/pages\/88"}],"wp:attachment":[{"href":"https:\/\/www.projektakademien.se\/pa\/wp-json\/wp\/v2\/media?parent=394"}],"wp:term":[{"taxonomy":"category","embeddable":true,"href":"https:\/\/www.projektakademien.se\/pa\/wp-json\/wp\/v2\/categories?post=394"},{"taxonomy":"post_tag","embeddable":true,"href":"https:\/\/www.projektakademien.se\/pa\/wp-json\/wp\/v2\/tags?post=394"}],"curies":[{"name":"wp","href":"https:\/\/api.w.org\/{rel}","templated":true}]}}