{"id":392,"date":"2010-04-08T22:28:55","date_gmt":"2010-04-08T21:28:55","guid":{"rendered":"http:\/\/www.projektakademien.se\/pa\/?page_id=392"},"modified":"2018-08-22T20:41:05","modified_gmt":"2018-08-22T19:41:05","slug":"mats-ragnarsson","status":"publish","type":"page","link":"https:\/\/www.projektakademien.se\/pa\/ledamoter\/mats-ragnarsson\/","title":{"rendered":"Ragnarsson, Mats"},"content":{"rendered":"<table border=\"0\" cellspacing=\"0\" cellpadding=\"0\">\n<tbody>\n<tr>\n<td width=\"300\" align=\"left\" valign=\"top\">\n<h3>Mats Ragnarsson<\/h3>\n<p>Seniorkonsult, Partner<br \/>\nWenell Management<\/p>\n<p>G\u00f6teborg<\/p>\n<p><strong>Mobil <\/strong>070-573 82 51<strong> <\/strong><\/p>\n<p><strong>E-post <\/strong><a href=\"mailto:mats.ragnarsson@wenell.se\">mats.ragnarsson@wenell.se<\/a><\/p>\n<p><strong>Sammankallande i Akademiens forskningsutskott<\/strong><\/td>\n<td width=\"300\" align=\"right\" valign=\"top\"><a href=\"http:\/\/www.projektakademien.se\/pa\/wp-content\/uploads\/2018\/05\/IMG_6276_Fixad.jpg\"><img loading=\"lazy\" title=\"wenell\" src=\"http:\/\/www.projektakademien.se\/pa\/wp-content\/uploads\/2018\/05\/IMG_6276_Fixad.jpg\" alt=\"\" width=\"400\" height=\"400\" \/><\/a><\/td>\n<\/tr>\n<tr>\n<td colspan=\"2\" width=\"600\" height=\"20\">\u00a0<\/td>\n<\/tr>\n<\/tbody>\n<\/table>\n<p><strong>Bakgrund <\/strong>Mats har \u00f6ver 25 \u00e5rs erfarenhet av projektledning. 11 \u00e5r som praktiserande projektledare inom produktutveckling f\u00f6r allt fr\u00e5n sm\u00e5 projekt till stora komplexa projekt med \u00f6ver 350 personer inblandade. Resten som konsult vid Wenell Management med internationella uppdrag \u00e5t bland annat AstraZeneca och SKF. Mats har ocks\u00e5 en bakgrund som ingenj\u00f6r och reservofficer i flottan. Han \u00e4r sammanh\u00e5llande av akademiens forskningsutskott.<\/p>\n<p><strong>Inriktning <\/strong>Mats arbetar s\u00e5v\u00e4l med utbildning som kvalificerad r\u00e5dgivning f\u00f6r Wenells kunder s\u00e5som att utveckla organisationers f\u00f6rm\u00e5ga att driva projekt. Han driver mycket av utvecklingsarbetet inom Wenell. Att anpassa projektformen till en specifiks kund verksamhet, personal, m\u00f6jligheter och sv\u00e5righeter \u00e4r en av Mats &#8220;vanliga&#8221; arbetsuppgifter.<\/p>\n<p><strong>Speciella intressen<\/strong> Ledarskap i os\u00e4kerhet och komplexitet vilket bland annat resulterat i boken \u201dAtt leda os\u00e4kra och komplexa projekt- fr\u00e5n styrning och kontroll till st\u00f6d f\u00f6r sj\u00e4lvorganisering\u201d.<\/p>\n","protected":false},"excerpt":{"rendered":"<p>Mats Ragnarsson Seniorkonsult, Partner Wenell Management G\u00f6teborg Mobil 070-573 82 51 E-post mats.ragnarsson@wenell.se Sammankallande i Akademiens forskningsutskott \u00a0 Bakgrund Mats har \u00f6ver 25 \u00e5rs erfarenhet av projektledning. 11 \u00e5r som praktiserande projektledare inom produktutveckling f\u00f6r allt fr\u00e5n sm\u00e5 projekt till stora komplexa projekt med \u00f6ver 350 personer inblandade. Resten som konsult vid Wenell Management med [&hellip;]<\/p>\n","protected":false},"author":1,"featured_media":0,"parent":88,"menu_order":0,"comment_status":"open","ping_status":"open","template":"","meta":{"ngg_post_thumbnail":0},"categories":[1],"tags":[],"_links":{"self":[{"href":"https:\/\/www.projektakademien.se\/pa\/wp-json\/wp\/v2\/pages\/392"}],"collection":[{"href":"https:\/\/www.projektakademien.se\/pa\/wp-json\/wp\/v2\/pages"}],"about":[{"href":"https:\/\/www.projektakademien.se\/pa\/wp-json\/wp\/v2\/types\/page"}],"author":[{"embeddable":true,"href":"https:\/\/www.projektakademien.se\/pa\/wp-json\/wp\/v2\/users\/1"}],"replies":[{"embeddable":true,"href":"https:\/\/www.projektakademien.se\/pa\/wp-json\/wp\/v2\/comments?post=392"}],"version-history":[{"count":13,"href":"https:\/\/www.projektakademien.se\/pa\/wp-json\/wp\/v2\/pages\/392\/revisions"}],"predecessor-version":[{"id":3447,"href":"https:\/\/www.projektakademien.se\/pa\/wp-json\/wp\/v2\/pages\/392\/revisions\/3447"}],"up":[{"embeddable":true,"href":"https:\/\/www.projektakademien.se\/pa\/wp-json\/wp\/v2\/pages\/88"}],"wp:attachment":[{"href":"https:\/\/www.projektakademien.se\/pa\/wp-json\/wp\/v2\/media?parent=392"}],"wp:term":[{"taxonomy":"category","embeddable":true,"href":"https:\/\/www.projektakademien.se\/pa\/wp-json\/wp\/v2\/categories?post=392"},{"taxonomy":"post_tag","embeddable":true,"href":"https:\/\/www.projektakademien.se\/pa\/wp-json\/wp\/v2\/tags?post=392"}],"curies":[{"name":"wp","href":"https:\/\/api.w.org\/{rel}","templated":true}]}}