{"id":390,"date":"2010-04-08T22:28:31","date_gmt":"2010-04-08T21:28:31","guid":{"rendered":"http:\/\/www.projektakademien.se\/pa\/?page_id=390"},"modified":"2022-04-22T12:46:22","modified_gmt":"2022-04-22T11:46:22","slug":"johann-packendorff","status":"publish","type":"page","link":"https:\/\/www.projektakademien.se\/pa\/ledamoter\/johann-packendorff\/","title":{"rendered":"Packendorff, Johann"},"content":{"rendered":"<table border=\"0\" cellspacing=\"0\" cellpadding=\"0\">\n<tbody>\n<tr>\n<td width=\"300\" align=\"left\" valign=\"top\">\n<h3>Johann Packendorff<\/h3>\n<p>Professor<br \/>\nKungl Tekniska H\u00f6gskolan<\/p>\n<p>Stockholm<\/p>\n<p><strong>Telefon <\/strong>08-790 60 58<strong> <\/strong><\/p>\n<p><strong>E-post <\/strong><a href=\"mailto:johann.packendorff@indek.kth.se\">johann.packendorff@indek.kth.se<\/a><\/p>\n<p><strong>Juryordf\u00f6rande uppsatspriset<\/strong><\/p>\n<p><strong>Akademiens webbredakt\u00f6r<\/strong><\/td>\n<td width=\"300\" align=\"right\" valign=\"top\"><a href=\"http:\/\/www.projektakademien.se\/pa\/wp-content\/uploads\/2010\/04\/johann_packendorff.jpg\"><img loading=\"lazy\" title=\"johann_packendorff\" width=\"225\" class=\"alignnone size-medium wp-image-640\" src=\"http:\/\/www.projektakademien.se\/pa\/wp-content\/uploads\/2010\/04\/johann_packendorff-225x300.jpg\" alt=\"\" height=\"300\" srcset=\"https:\/\/www.projektakademien.se\/pa\/wp-content\/uploads\/2010\/04\/johann_packendorff-225x300.jpg 225w, https:\/\/www.projektakademien.se\/pa\/wp-content\/uploads\/2010\/04\/johann_packendorff-768x1024.jpg 768w, https:\/\/www.projektakademien.se\/pa\/wp-content\/uploads\/2010\/04\/johann_packendorff.jpg 1944w\" sizes=\"(max-width: 225px) 100vw, 225px\" \/><\/a><a href=\"..\/wp-content\/uploads\/2010\/03\/wenell4.jpg\"><\/a><\/td>\n<\/tr>\n<tr>\n<td width=\"600\" height=\"20\" colspan=\"2\"><\/td>\n<\/tr>\n<\/tbody>\n<\/table>\n<p><strong>Bakgrund <\/strong>Johann Packendorff \u00e4r professor i industriell ekonomi och organisation med inriktning mot projektledning. Han \u00e4r sedan 2001 verksam vid KTH, Skolan f\u00f6r Industriell teknik och management, d\u00e4r han forskar kring projektorganisation, ledarskap, entrepren\u00f6rskap och styrning av h\u00f6gre utbildning och forskning. Sedan 2003 \u00e4r han en av de drivande krafterna i det internationella forskarn\u00e4tverket Making Projects Critical. Johann har varit g\u00e4stforskare vid universitet i Frankrike, Storbritannien och Kina, och \u00e4r \u00e4ven verksam  i n\u00e4ringsliv och f\u00f6rvaltning som f\u00f6rel\u00e4sare och konsult. Han mottog 2017 det internationella forskarpriset PMI Research Achievement Award.<\/p>\n<p><strong>Inriktning <\/strong>Projektorganisation, ledarskap, arbetsorganisation, entrepren\u00f6rskap.<\/p>\n<p><strong>Speciella intressen<\/strong> Distribuerat ledarskap, kritiska perspektiv p\u00e5 projektforskning, entrepren\u00f6riella projekt, projektintensiv verksamhet.<\/p>\n","protected":false},"excerpt":{"rendered":"<p>Johann Packendorff Professor Kungl Tekniska H\u00f6gskolan Stockholm Telefon 08-790 60 58 E-post johann.packendorff@indek.kth.se Juryordf\u00f6rande uppsatspriset Akademiens webbredakt\u00f6r Bakgrund Johann Packendorff \u00e4r professor i industriell ekonomi och organisation med inriktning mot projektledning. Han \u00e4r sedan 2001 verksam vid KTH, Skolan f\u00f6r Industriell teknik och management, d\u00e4r han forskar kring projektorganisation, ledarskap, entrepren\u00f6rskap och styrning av h\u00f6gre [&hellip;]<\/p>\n","protected":false},"author":1,"featured_media":0,"parent":88,"menu_order":0,"comment_status":"open","ping_status":"open","template":"","meta":{"ngg_post_thumbnail":0},"categories":[1],"tags":[],"_links":{"self":[{"href":"https:\/\/www.projektakademien.se\/pa\/wp-json\/wp\/v2\/pages\/390"}],"collection":[{"href":"https:\/\/www.projektakademien.se\/pa\/wp-json\/wp\/v2\/pages"}],"about":[{"href":"https:\/\/www.projektakademien.se\/pa\/wp-json\/wp\/v2\/types\/page"}],"author":[{"embeddable":true,"href":"https:\/\/www.projektakademien.se\/pa\/wp-json\/wp\/v2\/users\/1"}],"replies":[{"embeddable":true,"href":"https:\/\/www.projektakademien.se\/pa\/wp-json\/wp\/v2\/comments?post=390"}],"version-history":[{"count":27,"href":"https:\/\/www.projektakademien.se\/pa\/wp-json\/wp\/v2\/pages\/390\/revisions"}],"predecessor-version":[{"id":5825,"href":"https:\/\/www.projektakademien.se\/pa\/wp-json\/wp\/v2\/pages\/390\/revisions\/5825"}],"up":[{"embeddable":true,"href":"https:\/\/www.projektakademien.se\/pa\/wp-json\/wp\/v2\/pages\/88"}],"wp:attachment":[{"href":"https:\/\/www.projektakademien.se\/pa\/wp-json\/wp\/v2\/media?parent=390"}],"wp:term":[{"taxonomy":"category","embeddable":true,"href":"https:\/\/www.projektakademien.se\/pa\/wp-json\/wp\/v2\/categories?post=390"},{"taxonomy":"post_tag","embeddable":true,"href":"https:\/\/www.projektakademien.se\/pa\/wp-json\/wp\/v2\/tags?post=390"}],"curies":[{"name":"wp","href":"https:\/\/api.w.org\/{rel}","templated":true}]}}