{"id":386,"date":"2010-04-08T22:27:30","date_gmt":"2010-04-08T21:27:30","guid":{"rendered":"http:\/\/www.projektakademien.se\/pa\/?page_id=386"},"modified":"2024-03-04T11:33:22","modified_gmt":"2024-03-04T10:33:22","slug":"anna-nilsson-ehle","status":"publish","type":"page","link":"https:\/\/www.projektakademien.se\/pa\/ledamoter\/anna-nilsson-ehle\/","title":{"rendered":"Nilsson-Ehle, Anna"},"content":{"rendered":"<table border=\"0\" cellspacing=\"0\" cellpadding=\"0\">\n<tbody>\n<tr>\n<td align=\"left\" valign=\"top\" width=\"300\">\n<h3>Anna Nilsson-Ehle<\/h3>\n<p>Direkt\u00f6r<\/p>\n<p>G\u00f6teborg<\/p>\n<p><strong>Mobil <\/strong>0709 -96 76 00<\/p>\n<p><strong>E-post <\/strong><a href=\"mailto:anna@nilsson-ehle.se\">anna@nilsson-ehle.se<\/a><\/p>\n<p><strong>\u00c5rets projektledare 2001<\/strong><\/p>\n<p><strong>Akademiens ordf\u00f6rande 2014 &#8211; 2022<\/strong><\/td>\n<td align=\"right\" valign=\"top\" width=\"300\"><a href=\"http:\/\/www.projektakademien.se\/pa\/wp-content\/uploads\/2011\/11\/Anna-Nilsson-Ehle.jpg\"><img loading=\"lazy\" title=\"wenell\" src=\"http:\/\/www.projektakademien.se\/pa\/wp-content\/uploads\/2011\/11\/Anna-Nilsson-Ehle.jpg\" alt=\"\" width=\"300\" height=\"300\"><\/a><\/td>\n<\/tr>\n<tr>\n<td colspan=\"2\" width=\"600\" height=\"20\">&nbsp;<\/td>\n<\/tr>\n<\/tbody>\n<\/table>\n<p><strong>Bakgrund<\/strong> Anna \u00e4r civilingenj\u00f6r fr\u00e5n Chalmers. Hon arbetade n\u00e5gra \u00e5r som utvecklingsingenj\u00f6r f\u00f6r en leverant\u00f6r till st\u00e5lindustrin och b\u00f6rjade sedan p\u00e5 Volvo Personvagnars S\u00e4kerhetscentrum. Hon arbetade inom Volvokoncernen i 20 \u00e5r innan hon 1999 b\u00f6rjade som VD f\u00f6r Universeum. F\u00f6r arbetet med att uppf\u00f6ra Universeum uts\u00e5gs hon till \u00c5rets projektledare och \u00e4r sedan dess medlem i Projektakademien. \u00c5ren 2006 \u2013 2017 var Anna f\u00f6rest\u00e5ndare f\u00f6r SAFER &#8211; centrum f\u00f6r fordons- och trafiks\u00e4kerhetsforskning. Idag \u00e4r Anna aktiv i flera styrelser f\u00f6r s\u00e5v\u00e4l myndigheter som aktiebolag och andra organisationer.<\/p>\n<p><strong>Inriktning<\/strong> Anna har innehaft chefsbefattningar sedan tidigt 80-tal. Hon har lett flera projekt\/organisationer som kombinerat produkt- och aff\u00e4rsutveckling med nyt\u00e4nkande verksamhetsutveckling s\u00e5som Volvo Personvagnars f\u00f6rsta tv\u00e4rfunktionella &#8220;lean&#8221; organisation 240-bolaget, Volvokoncernens stab &#8220;Ledarskap och Kvalitet&#8221; 93- 94 och Volvo Personvagnars industriella f\u00f6r\u00e4ndringsarbete f\u00f6r modulariserat plattformsarbete \u00e5ren 95 &#8211; 97. Dessa erfarenheter ledde vidare till f\u00f6rverkligandet av Universeum och via en period som senior managementkonsult till befattningen som f\u00f6rest\u00e5ndare f\u00f6r en nydanande form f\u00f6r forskningssamverkan mellan industri, akademi och samh\u00e4llsakt\u00f6rer. Annas slutsatser fr\u00e5n dessa olika erfarenheter \u00e4r en \u00f6vertygelse att m\u00e5ngdisciplin\u00e4ra team som f\u00f6rst\u00e5r sin gemensamma uppgift, sitt \u00f6msesidiga beroende och har h\u00f6gt st\u00e4llda m\u00e5l kan prestera h\u00e4pnadsv\u00e4ckande resultat.<\/p>\n<p><strong>Speciella intressen<\/strong> Ledarskap i komplexa milj\u00f6er med snabb f\u00f6r\u00e4ndringstakt som st\u00e4ller h\u00f6ga krav p\u00e5 b\u00e5de individuellt och kollektiv l\u00e4rande. Projekt d\u00e4r m\u00e5nga kulturer samverkar mot s\u00e5v\u00e4l gemensamma som egna resultat. Styrelsearbete och ledarskap f\u00f6r h\u00f6gpresterande, innovativa organisationer med vilja att bidra till FNs globala h\u00e5llbarhetsm\u00e5l.<\/p>\n","protected":false},"excerpt":{"rendered":"<p>Anna Nilsson-Ehle Direkt\u00f6r G\u00f6teborg Mobil 0709 -96 76 00 E-post anna@nilsson-ehle.se \u00c5rets projektledare 2001 Akademiens ordf\u00f6rande 2014 &#8211; 2022 &nbsp; Bakgrund Anna \u00e4r civilingenj\u00f6r fr\u00e5n Chalmers. Hon arbetade n\u00e5gra \u00e5r som utvecklingsingenj\u00f6r f\u00f6r en leverant\u00f6r till st\u00e5lindustrin och b\u00f6rjade sedan p\u00e5 Volvo Personvagnars S\u00e4kerhetscentrum. Hon arbetade inom Volvokoncernen i 20 \u00e5r innan hon 1999 b\u00f6rjade [&hellip;]<\/p>\n","protected":false},"author":1,"featured_media":0,"parent":88,"menu_order":0,"comment_status":"open","ping_status":"open","template":"","meta":{"ngg_post_thumbnail":0},"categories":[1],"tags":[],"_links":{"self":[{"href":"https:\/\/www.projektakademien.se\/pa\/wp-json\/wp\/v2\/pages\/386"}],"collection":[{"href":"https:\/\/www.projektakademien.se\/pa\/wp-json\/wp\/v2\/pages"}],"about":[{"href":"https:\/\/www.projektakademien.se\/pa\/wp-json\/wp\/v2\/types\/page"}],"author":[{"embeddable":true,"href":"https:\/\/www.projektakademien.se\/pa\/wp-json\/wp\/v2\/users\/1"}],"replies":[{"embeddable":true,"href":"https:\/\/www.projektakademien.se\/pa\/wp-json\/wp\/v2\/comments?post=386"}],"version-history":[{"count":33,"href":"https:\/\/www.projektakademien.se\/pa\/wp-json\/wp\/v2\/pages\/386\/revisions"}],"predecessor-version":[{"id":6551,"href":"https:\/\/www.projektakademien.se\/pa\/wp-json\/wp\/v2\/pages\/386\/revisions\/6551"}],"up":[{"embeddable":true,"href":"https:\/\/www.projektakademien.se\/pa\/wp-json\/wp\/v2\/pages\/88"}],"wp:attachment":[{"href":"https:\/\/www.projektakademien.se\/pa\/wp-json\/wp\/v2\/media?parent=386"}],"wp:term":[{"taxonomy":"category","embeddable":true,"href":"https:\/\/www.projektakademien.se\/pa\/wp-json\/wp\/v2\/categories?post=386"},{"taxonomy":"post_tag","embeddable":true,"href":"https:\/\/www.projektakademien.se\/pa\/wp-json\/wp\/v2\/tags?post=386"}],"curies":[{"name":"wp","href":"https:\/\/api.w.org\/{rel}","templated":true}]}}