{"id":382,"date":"2010-04-08T22:26:02","date_gmt":"2010-04-08T21:26:02","guid":{"rendered":"http:\/\/www.projektakademien.se\/pa\/?page_id=382"},"modified":"2018-08-22T20:26:27","modified_gmt":"2018-08-22T19:26:27","slug":"rolf-a-lundin","status":"publish","type":"page","link":"https:\/\/www.projektakademien.se\/pa\/ledamoter\/rolf-a-lundin\/","title":{"rendered":"Lundin, Rolf A"},"content":{"rendered":"<table border=\"0\" cellspacing=\"0\" cellpadding=\"0\">\n<tbody>\n<tr>\n<td align=\"left\" valign=\"top\" width=\"300\">\n<h3>Rolf A Lundin<\/h3>\n<p>Professor emeritus<br \/>\nInternationella Handelsh\u00f6gskolan i J\u00f6nk\u00f6ping<\/p>\n<p>J\u00f6nk\u00f6ping<\/p>\n<p><strong>Telefon <\/strong>036-10 17 06<\/p>\n<p><strong>Mobil <\/strong><\/p>\n<p><strong>E-post <\/strong><a href=\"mailto:Rolf.A.Lundin@ihh.hj.se\">Rolf.A.Lundin@ihh.hj.se<\/a><\/p>\n<p><strong>Akademiens ordf\u00f6rande 2000-2004<\/strong><\/td>\n<td align=\"right\" valign=\"top\" width=\"300\"><a href=\"http:\/\/www.projektakademien.se\/pa\/wp-content\/uploads\/2017\/12\/Rolf.jpg\"><img loading=\"lazy\" class=\"alignright size-full wp-image-924\" title=\"115\" src=\"http:\/\/www.projektakademien.se\/pa\/wp-content\/uploads\/2017\/12\/Rolf.jpg\" alt=\"\" width=\"200\" height=\"250\" \/><\/a><\/td>\n<\/tr>\n<tr>\n<td colspan=\"2\" width=\"600\" height=\"20\"><\/td>\n<\/tr>\n<\/tbody>\n<\/table>\n<p>Rolf A. Lundin \u00e4r professor emeritus i f\u00f6retagsekonomi vid Internationella Handelsh\u00f6gskolan i J\u00f6nk\u00f6ping (JIBS). Han \u00e4r specialiserad p\u00e5 projekt och tempor\u00e4ra organisationer. Som f\u00f6rutvarande chef f\u00f6r tv\u00e5 av Sveriges handelsh\u00f6gskolor har han en del praktisk erfarenhet av att driva projekt, men han har ocks\u00e5 m\u00e5nga vetenskapliga publikationer inom \u00e4mnet och f\u00f6rs\u00f6ker nu fungera som en samlande kraft p\u00e5 det omr\u00e5det nationellt och internationellt via flera organisationer och tidskrifter. Han \u00e4r knuten till Media, Management and Transformation Center vid JIBS.<\/p>\n<p>Rolf mottog fr\u00e5n Project Management Institute (PMI) \u201cPMI David I. Cleland Project Management Literature Award 2016\u201d som huvudf\u00f6rfattare till boken Lundin, R.A., Arvidsson, N., Brady, T.M., Ekstedt, E., Midler, C. &amp; Sydow, J. (2015) <em>Managing and Working in Project Society \u2013 Institutional Challenges of Temporary Organizations<\/em>. Cambridge University Press, Cambridge.<\/p>\n<p>\u00c5r 2014 mottog han det internationella forskarpriset \u201dPMI Research Achievement Award\u201d f\u00f6r sin forskning om projektledning och f\u00f6r att starkt ha bidragit till att skapa global uppm\u00e4rksamhet kring skandinaviskt projektkunnande.<\/p>\n<p>Redan tidigare hade han mottagit International Project Management Association (IPMA) \u201cResearch Achievement Award 2010\u201d<\/p>\n","protected":false},"excerpt":{"rendered":"<p>Rolf A Lundin Professor emeritus Internationella Handelsh\u00f6gskolan i J\u00f6nk\u00f6ping J\u00f6nk\u00f6ping Telefon 036-10 17 06 Mobil E-post Rolf.A.Lundin@ihh.hj.se Akademiens ordf\u00f6rande 2000-2004 Rolf A. Lundin \u00e4r professor emeritus i f\u00f6retagsekonomi vid Internationella Handelsh\u00f6gskolan i J\u00f6nk\u00f6ping (JIBS). Han \u00e4r specialiserad p\u00e5 projekt och tempor\u00e4ra organisationer. Som f\u00f6rutvarande chef f\u00f6r tv\u00e5 av Sveriges handelsh\u00f6gskolor har han en del praktisk [&hellip;]<\/p>\n","protected":false},"author":1,"featured_media":0,"parent":88,"menu_order":0,"comment_status":"open","ping_status":"open","template":"","meta":{"ngg_post_thumbnail":0},"categories":[1],"tags":[],"_links":{"self":[{"href":"https:\/\/www.projektakademien.se\/pa\/wp-json\/wp\/v2\/pages\/382"}],"collection":[{"href":"https:\/\/www.projektakademien.se\/pa\/wp-json\/wp\/v2\/pages"}],"about":[{"href":"https:\/\/www.projektakademien.se\/pa\/wp-json\/wp\/v2\/types\/page"}],"author":[{"embeddable":true,"href":"https:\/\/www.projektakademien.se\/pa\/wp-json\/wp\/v2\/users\/1"}],"replies":[{"embeddable":true,"href":"https:\/\/www.projektakademien.se\/pa\/wp-json\/wp\/v2\/comments?post=382"}],"version-history":[{"count":18,"href":"https:\/\/www.projektakademien.se\/pa\/wp-json\/wp\/v2\/pages\/382\/revisions"}],"predecessor-version":[{"id":3300,"href":"https:\/\/www.projektakademien.se\/pa\/wp-json\/wp\/v2\/pages\/382\/revisions\/3300"}],"up":[{"embeddable":true,"href":"https:\/\/www.projektakademien.se\/pa\/wp-json\/wp\/v2\/pages\/88"}],"wp:attachment":[{"href":"https:\/\/www.projektakademien.se\/pa\/wp-json\/wp\/v2\/media?parent=382"}],"wp:term":[{"taxonomy":"category","embeddable":true,"href":"https:\/\/www.projektakademien.se\/pa\/wp-json\/wp\/v2\/categories?post=382"},{"taxonomy":"post_tag","embeddable":true,"href":"https:\/\/www.projektakademien.se\/pa\/wp-json\/wp\/v2\/tags?post=382"}],"curies":[{"name":"wp","href":"https:\/\/api.w.org\/{rel}","templated":true}]}}