{"id":3604,"date":"2018-12-04T21:18:45","date_gmt":"2018-12-04T20:18:45","guid":{"rendered":"http:\/\/www.projektakademien.se\/pa\/?page_id=3604"},"modified":"2022-07-18T22:07:26","modified_gmt":"2022-07-18T21:07:26","slug":"sekretesspolicy","status":"publish","type":"page","link":"https:\/\/www.projektakademien.se\/pa\/om-oss\/sekretesspolicy\/","title":{"rendered":"Sekretesspolicy"},"content":{"rendered":"<h2>Svenska ProjektAkademiens sekretesspolicy<\/h2>\n<p>&nbsp;<\/p>\n<p>F\u00f6r att kunna hantera och administrera Svenska ProjektAkademien och dess verksamhet beh\u00f6ver akademien uppgifter om ledam\u00f6terna och \u00e4ven vissa uppgifter om personer som p\u00e5 ett eller annat s\u00e4tt bidrar till att Akademien kan uppfylla sina m\u00e5l och uppgifter.<\/p>\n<p>Svenska ProjektAkademien ansvarar f\u00f6r s\u00e4kerheten f\u00f6r personuppgiftsdata som lagras p\u00e5 hemsidan. Integritet \u00e4r viktig och Akademien skall ha rimlig kontroll av den personligt identifierbara information som tillhandah\u00e5lles Akademien . Akademien betraktar all information som \u00e4r associerad med en persons namn som personligt identifierbar information. Akademien vare sig delar med sig eller s\u00e4ljer den personligt identifierbara informationen p\u00e5 hemsidan.<br>Om du har n\u00e5gra fr\u00e5gor kring Svenska ProjektAkademiens sekretesspolicy eller hantering av personuppgiftsdata v\u00e4nligen kontakta <a href=\"https:\/\/www.projektakademien.se\/pa\/ledamoter\/tomas-gustavsson\/\">Tomas Gustavsson<\/a>.<\/p>\n\n\n<p><\/p>\n","protected":false},"excerpt":{"rendered":"<p>Svenska ProjektAkademiens sekretesspolicy &nbsp; F\u00f6r att kunna hantera och administrera Svenska ProjektAkademien och dess verksamhet beh\u00f6ver akademien uppgifter om ledam\u00f6terna och \u00e4ven vissa uppgifter om personer som p\u00e5 ett eller annat s\u00e4tt bidrar till att Akademien kan uppfylla sina m\u00e5l och uppgifter. Svenska ProjektAkademien ansvarar f\u00f6r s\u00e4kerheten f\u00f6r personuppgiftsdata som lagras p\u00e5 hemsidan. Integritet \u00e4r [&hellip;]<\/p>\n","protected":false},"author":5,"featured_media":0,"parent":3239,"menu_order":10,"comment_status":"closed","ping_status":"closed","template":"","meta":{"ngg_post_thumbnail":0},"categories":[],"tags":[],"_links":{"self":[{"href":"https:\/\/www.projektakademien.se\/pa\/wp-json\/wp\/v2\/pages\/3604"}],"collection":[{"href":"https:\/\/www.projektakademien.se\/pa\/wp-json\/wp\/v2\/pages"}],"about":[{"href":"https:\/\/www.projektakademien.se\/pa\/wp-json\/wp\/v2\/types\/page"}],"author":[{"embeddable":true,"href":"https:\/\/www.projektakademien.se\/pa\/wp-json\/wp\/v2\/users\/5"}],"replies":[{"embeddable":true,"href":"https:\/\/www.projektakademien.se\/pa\/wp-json\/wp\/v2\/comments?post=3604"}],"version-history":[{"count":9,"href":"https:\/\/www.projektakademien.se\/pa\/wp-json\/wp\/v2\/pages\/3604\/revisions"}],"predecessor-version":[{"id":5738,"href":"https:\/\/www.projektakademien.se\/pa\/wp-json\/wp\/v2\/pages\/3604\/revisions\/5738"}],"up":[{"embeddable":true,"href":"https:\/\/www.projektakademien.se\/pa\/wp-json\/wp\/v2\/pages\/3239"}],"wp:attachment":[{"href":"https:\/\/www.projektakademien.se\/pa\/wp-json\/wp\/v2\/media?parent=3604"}],"wp:term":[{"taxonomy":"category","embeddable":true,"href":"https:\/\/www.projektakademien.se\/pa\/wp-json\/wp\/v2\/categories?post=3604"},{"taxonomy":"post_tag","embeddable":true,"href":"https:\/\/www.projektakademien.se\/pa\/wp-json\/wp\/v2\/tags?post=3604"}],"curies":[{"name":"wp","href":"https:\/\/api.w.org\/{rel}","templated":true}]}}