{"id":359,"date":"2010-04-08T22:20:33","date_gmt":"2010-04-08T21:20:33","guid":{"rendered":"http:\/\/www.projektakademien.se\/pa\/?page_id=359"},"modified":"2018-08-22T20:45:57","modified_gmt":"2018-08-22T19:45:57","slug":"mats-engwall","status":"publish","type":"page","link":"https:\/\/www.projektakademien.se\/pa\/ledamoter\/mats-engwall\/","title":{"rendered":"Engwall, Mats"},"content":{"rendered":"<table border=\"0\" cellspacing=\"0\" cellpadding=\"0\">\n<tbody>\n<tr>\n<td align=\"left\" valign=\"top\" width=\"300\">\n<h3>Mats Engwall<\/h3>\n<div>Professor<\/div>\n<div>Kungl Tekniska H\u00f6gskolan<\/div>\n<div>Stockholm<\/div>\n<div><strong>Telefon <\/strong>08-790 60 00<\/div>\n<div><strong>E-post <\/strong><a href=\"mailto:mats.engwall@indek.kth.se\">mats.engwall@indek.kth.se<\/a><\/div>\n<\/td>\n<td align=\"right\" valign=\"top\" width=\"300\"><a href=\"http:\/\/www.projektakademien.se\/pa\/wp-content\/uploads\/2012\/06\/matsengwallweb.jpg\"><img loading=\"lazy\" title=\"mats engwall\" src=\"http:\/\/www.projektakademien.se\/pa\/wp-content\/uploads\/2012\/06\/matsengwallweb.jpg\" alt=\"\" width=\"225\" height=\"285\" \/><\/a><\/td>\n<\/tr>\n<tr>\n<td colspan=\"2\" width=\"600\" height=\"20\"><\/td>\n<\/tr>\n<\/tbody>\n<\/table>\n<div>Mats Engwall \u00e4r professor i Industriell ekonomi vid Kungl. Tekniska h\u00f6gskolan. Hans forskning kretsar kring samtidens neo-industriella produktionsformer, t.ex. projektbaserat management, tj\u00e4nsteproduktion och tj\u00e4nsteinnovation, ledning av industriell forskning och produktutveckling av varor och tj\u00e4nster, ledning av distribuerade produktionssystem samt det moderna ingenj\u00f6rsarbetets organisering.<\/div>\n","protected":false},"excerpt":{"rendered":"<p>Mats Engwall Professor Kungl Tekniska H\u00f6gskolan Stockholm Telefon 08-790 60 00 E-post mats.engwall@indek.kth.se Mats Engwall \u00e4r professor i Industriell ekonomi vid Kungl. Tekniska h\u00f6gskolan. Hans forskning kretsar kring samtidens neo-industriella produktionsformer, t.ex. projektbaserat management, tj\u00e4nsteproduktion och tj\u00e4nsteinnovation, ledning av industriell forskning och produktutveckling av varor och tj\u00e4nster, ledning av distribuerade produktionssystem samt det moderna ingenj\u00f6rsarbetets [&hellip;]<\/p>\n","protected":false},"author":1,"featured_media":0,"parent":88,"menu_order":0,"comment_status":"open","ping_status":"open","template":"","meta":{"ngg_post_thumbnail":0},"categories":[1],"tags":[],"_links":{"self":[{"href":"https:\/\/www.projektakademien.se\/pa\/wp-json\/wp\/v2\/pages\/359"}],"collection":[{"href":"https:\/\/www.projektakademien.se\/pa\/wp-json\/wp\/v2\/pages"}],"about":[{"href":"https:\/\/www.projektakademien.se\/pa\/wp-json\/wp\/v2\/types\/page"}],"author":[{"embeddable":true,"href":"https:\/\/www.projektakademien.se\/pa\/wp-json\/wp\/v2\/users\/1"}],"replies":[{"embeddable":true,"href":"https:\/\/www.projektakademien.se\/pa\/wp-json\/wp\/v2\/comments?post=359"}],"version-history":[{"count":30,"href":"https:\/\/www.projektakademien.se\/pa\/wp-json\/wp\/v2\/pages\/359\/revisions"}],"predecessor-version":[{"id":3478,"href":"https:\/\/www.projektakademien.se\/pa\/wp-json\/wp\/v2\/pages\/359\/revisions\/3478"}],"up":[{"embeddable":true,"href":"https:\/\/www.projektakademien.se\/pa\/wp-json\/wp\/v2\/pages\/88"}],"wp:attachment":[{"href":"https:\/\/www.projektakademien.se\/pa\/wp-json\/wp\/v2\/media?parent=359"}],"wp:term":[{"taxonomy":"category","embeddable":true,"href":"https:\/\/www.projektakademien.se\/pa\/wp-json\/wp\/v2\/categories?post=359"},{"taxonomy":"post_tag","embeddable":true,"href":"https:\/\/www.projektakademien.se\/pa\/wp-json\/wp\/v2\/tags?post=359"}],"curies":[{"name":"wp","href":"https:\/\/api.w.org\/{rel}","templated":true}]}}