{"id":355,"date":"2010-04-08T22:19:53","date_gmt":"2010-04-08T21:19:53","guid":{"rendered":"http:\/\/www.projektakademien.se\/pa\/?page_id=355"},"modified":"2018-08-22T20:47:07","modified_gmt":"2018-08-22T19:47:07","slug":"olle-broman","status":"publish","type":"page","link":"https:\/\/www.projektakademien.se\/pa\/ledamoter\/olle-broman\/","title":{"rendered":"Broman, Olle"},"content":{"rendered":"<table border=\"0\" cellspacing=\"0\" cellpadding=\"0\">\n<tbody>\n<tr>\n<td align=\"left\" valign=\"top\" width=\"300\">\n<h3>Olle Broman<\/h3>\n<p>Direkt\u00f6r<br \/>\nEkonomisk Byggnation AB<\/p>\n<p>\u00d6stersk\u00e4r<\/p>\n<p><strong>Telefon <\/strong>08-540 627 79<strong>\u00a0<\/strong><\/p>\n<p><strong>Mobil <\/strong>070-783 36 61<strong>\u00a0<\/strong><\/p>\n<p><strong>E-post <a href=\"mailto:olle.broman@bredband.se\">olle.broman@bredband.se<\/a><\/strong><\/p>\n<p><strong>Akademiens revisor<\/strong><\/td>\n<td align=\"right\" valign=\"top\" width=\"300\"><a href=\"http:\/\/www.projektakademien.se\/pa\/wp-content\/uploads\/2011\/02\/ollebroman.jpg\"><img loading=\"lazy\" class=\"alignright size-medium wp-image-919\" title=\"ollebroman\" src=\"http:\/\/www.projektakademien.se\/pa\/wp-content\/uploads\/2011\/02\/ollebroman-300x225.jpg\" alt=\"\" width=\"300\" height=\"225\" srcset=\"https:\/\/www.projektakademien.se\/pa\/wp-content\/uploads\/2011\/02\/ollebroman-300x225.jpg 300w, https:\/\/www.projektakademien.se\/pa\/wp-content\/uploads\/2011\/02\/ollebroman.jpg 320w\" sizes=\"(max-width: 300px) 100vw, 300px\" \/><\/a><\/td>\n<\/tr>\n<tr>\n<td colspan=\"2\" width=\"600\" height=\"20\"><\/td>\n<\/tr>\n<\/tbody>\n<\/table>\n<p><strong>Bakgrund<\/strong> Olle Broman har arbetat med projektarbetsformen sedan 1970 talet, b\u00e5de som praktiker och som\u00a0projektf\u00f6respr\u00e5kare i f\u00f6reningen Svensk Projektforum d\u00e4r han var ordf\u00f6rande under sju \u00e5r. I f\u00f6reningen \u00f6nskade\u00a0man b\u00e4ttre kontakter med den akademiska v\u00e4rlden f\u00f6r att fr\u00e4mja utvecklingen av projektarbetsformen, och\u00a0d\u00e5 etablerades Svenska Projektakademien 1994. Olle \u00e4r fortfarande aktiv i Svenskt Projektforum som IPMA Assessor f\u00f6r certifiering av projektledare. Sedan 1980 har Olle arbetat som konsult i projektmetodik \u00e5t SKB AB i olika projekt. alltifr\u00e5n\u00a0forskning till stora byggprojekt.<\/p>\n<p><strong>Inriktning<\/strong> Olle arbetar numera som senior r\u00e5dgivare \u00e5t olika projektledare.<\/p>\n<p><strong>Speciella intressen<\/strong> Strukturering och planering av komplicerade processer. Att g\u00f6ra de sv\u00e5ra projekten m\u00f6jliga att hantera.<\/p>\n","protected":false},"excerpt":{"rendered":"<p>Olle Broman Direkt\u00f6r Ekonomisk Byggnation AB \u00d6stersk\u00e4r Telefon 08-540 627 79\u00a0 Mobil 070-783 36 61\u00a0 E-post olle.broman@bredband.se Akademiens revisor Bakgrund Olle Broman har arbetat med projektarbetsformen sedan 1970 talet, b\u00e5de som praktiker och som\u00a0projektf\u00f6respr\u00e5kare i f\u00f6reningen Svensk Projektforum d\u00e4r han var ordf\u00f6rande under sju \u00e5r. I f\u00f6reningen \u00f6nskade\u00a0man b\u00e4ttre kontakter med den akademiska v\u00e4rlden f\u00f6r [&hellip;]<\/p>\n","protected":false},"author":1,"featured_media":0,"parent":88,"menu_order":0,"comment_status":"open","ping_status":"open","template":"","meta":{"ngg_post_thumbnail":0},"categories":[1],"tags":[],"_links":{"self":[{"href":"https:\/\/www.projektakademien.se\/pa\/wp-json\/wp\/v2\/pages\/355"}],"collection":[{"href":"https:\/\/www.projektakademien.se\/pa\/wp-json\/wp\/v2\/pages"}],"about":[{"href":"https:\/\/www.projektakademien.se\/pa\/wp-json\/wp\/v2\/types\/page"}],"author":[{"embeddable":true,"href":"https:\/\/www.projektakademien.se\/pa\/wp-json\/wp\/v2\/users\/1"}],"replies":[{"embeddable":true,"href":"https:\/\/www.projektakademien.se\/pa\/wp-json\/wp\/v2\/comments?post=355"}],"version-history":[{"count":13,"href":"https:\/\/www.projektakademien.se\/pa\/wp-json\/wp\/v2\/pages\/355\/revisions"}],"predecessor-version":[{"id":3484,"href":"https:\/\/www.projektakademien.se\/pa\/wp-json\/wp\/v2\/pages\/355\/revisions\/3484"}],"up":[{"embeddable":true,"href":"https:\/\/www.projektakademien.se\/pa\/wp-json\/wp\/v2\/pages\/88"}],"wp:attachment":[{"href":"https:\/\/www.projektakademien.se\/pa\/wp-json\/wp\/v2\/media?parent=355"}],"wp:term":[{"taxonomy":"category","embeddable":true,"href":"https:\/\/www.projektakademien.se\/pa\/wp-json\/wp\/v2\/categories?post=355"},{"taxonomy":"post_tag","embeddable":true,"href":"https:\/\/www.projektakademien.se\/pa\/wp-json\/wp\/v2\/tags?post=355"}],"curies":[{"name":"wp","href":"https:\/\/api.w.org\/{rel}","templated":true}]}}