{"id":353,"date":"2010-04-08T22:19:33","date_gmt":"2010-04-08T21:19:33","guid":{"rendered":"http:\/\/www.projektakademien.se\/pa\/?page_id=353"},"modified":"2018-08-22T20:47:43","modified_gmt":"2018-08-22T19:47:43","slug":"tomas-blomqvist","status":"publish","type":"page","link":"https:\/\/www.projektakademien.se\/pa\/ledamoter\/tomas-blomqvist\/","title":{"rendered":"Blomquist, Tomas"},"content":{"rendered":"<table border=\"0\" cellspacing=\"0\" cellpadding=\"0\">\n<tbody>\n<tr>\n<td align=\"left\" valign=\"top\" width=\"300\">\n<h3>Tomas Blomquist<\/h3>\n<p>Professor<\/p>\n<p>Ume\u00e5 Universitet, Handelsh\u00f6gskolan<\/p>\n<p>Ume\u00e5<\/p>\n<p><strong>Telefon <\/strong>090-786 7722<\/p>\n<p><strong>E-post <\/strong>tomas.blomquist@usbe.umu.se<\/td>\n<td align=\"right\" valign=\"top\" width=\"300\"><a href=\"http:\/\/www.projektakademien.se\/pa\/wp-content\/uploads\/2011\/12\/TB.png\"><img loading=\"lazy\" title=\"tb\" src=\"http:\/\/www.projektakademien.se\/pa\/wp-content\/uploads\/2011\/12\/TB.png\" alt=\"\" width=\"200\" height=\"200\" \/><\/a><\/td>\n<\/tr>\n<tr>\n<td colspan=\"2\" width=\"600\" height=\"20\"><\/td>\n<\/tr>\n<\/tbody>\n<\/table>\n<div>\n<p>Tomas Blomquist \u00e4r professor i f\u00f6retagsekonomi och har under m\u00e5nga \u00e5r bedrivit forskning kring projektorganisering och hur f\u00f6retag och organisationer arbetar med projektportf\u00f6ljer, program och organisera sin verksamhet i projektkontor.<\/p>\n<div>\n<p>Tomas arbetar p\u00e5 Handelsh\u00f6gskolan som forskningsledare f\u00f6r forskningsomr\u00e5det, projekt, innovation och n\u00e4tverk ett av skolans profilomr\u00e5den. Han \u00e4r programansvarig f\u00f6r Erasmus Mundus programmet, Masters in Strategic Project Management tillsammans Heriot-Watt University, Edinburgh och Politecnico di Milano.<\/p>\n<div>\n<p>Under senare tid har han f\u00e5tt ett \u00f6kat intresse f\u00f6r hur distribuerade innovations projekt fungerar och hur f\u00f6retag arbetar i olika typer av n\u00e4tverk f\u00f6r att utveckla nya produkter. Dessa projekt r\u00f6r utveckling av olika typer av tekniska plattformar och hur dessa senare anv\u00e4nds f\u00f6r utveckling av nya typer av innovativa tj\u00e4nster.<\/p>\n<\/div>\n<\/div>\n<\/div>\n","protected":false},"excerpt":{"rendered":"<p>Tomas Blomquist Professor Ume\u00e5 Universitet, Handelsh\u00f6gskolan Ume\u00e5 Telefon 090-786 7722 E-post tomas.blomquist@usbe.umu.se Tomas Blomquist \u00e4r professor i f\u00f6retagsekonomi och har under m\u00e5nga \u00e5r bedrivit forskning kring projektorganisering och hur f\u00f6retag och organisationer arbetar med projektportf\u00f6ljer, program och organisera sin verksamhet i projektkontor. Tomas arbetar p\u00e5 Handelsh\u00f6gskolan som forskningsledare f\u00f6r forskningsomr\u00e5det, projekt, innovation och n\u00e4tverk ett [&hellip;]<\/p>\n","protected":false},"author":1,"featured_media":0,"parent":88,"menu_order":0,"comment_status":"open","ping_status":"open","template":"","meta":{"ngg_post_thumbnail":0},"categories":[1],"tags":[],"_links":{"self":[{"href":"https:\/\/www.projektakademien.se\/pa\/wp-json\/wp\/v2\/pages\/353"}],"collection":[{"href":"https:\/\/www.projektakademien.se\/pa\/wp-json\/wp\/v2\/pages"}],"about":[{"href":"https:\/\/www.projektakademien.se\/pa\/wp-json\/wp\/v2\/types\/page"}],"author":[{"embeddable":true,"href":"https:\/\/www.projektakademien.se\/pa\/wp-json\/wp\/v2\/users\/1"}],"replies":[{"embeddable":true,"href":"https:\/\/www.projektakademien.se\/pa\/wp-json\/wp\/v2\/comments?post=353"}],"version-history":[{"count":17,"href":"https:\/\/www.projektakademien.se\/pa\/wp-json\/wp\/v2\/pages\/353\/revisions"}],"predecessor-version":[{"id":3487,"href":"https:\/\/www.projektakademien.se\/pa\/wp-json\/wp\/v2\/pages\/353\/revisions\/3487"}],"up":[{"embeddable":true,"href":"https:\/\/www.projektakademien.se\/pa\/wp-json\/wp\/v2\/pages\/88"}],"wp:attachment":[{"href":"https:\/\/www.projektakademien.se\/pa\/wp-json\/wp\/v2\/media?parent=353"}],"wp:term":[{"taxonomy":"category","embeddable":true,"href":"https:\/\/www.projektakademien.se\/pa\/wp-json\/wp\/v2\/categories?post=353"},{"taxonomy":"post_tag","embeddable":true,"href":"https:\/\/www.projektakademien.se\/pa\/wp-json\/wp\/v2\/tags?post=353"}],"curies":[{"name":"wp","href":"https:\/\/api.w.org\/{rel}","templated":true}]}}