{"id":339,"date":"2010-04-08T22:13:45","date_gmt":"2010-04-08T21:13:45","guid":{"rendered":"http:\/\/www.projektakademien.se\/pa\/?page_id=339"},"modified":"2018-08-22T20:50:16","modified_gmt":"2018-08-22T19:50:16","slug":"christian-berggren-linkopings-universitet","status":"publish","type":"page","link":"https:\/\/www.projektakademien.se\/pa\/ledamoter\/christian-berggren-linkopings-universitet\/","title":{"rendered":"Berggren, Christian"},"content":{"rendered":"<table border=\"0\" cellspacing=\"0\" cellpadding=\"0\">\n<tbody>\n<tr>\n<td width=\"300\" align=\"left\" valign=\"top\">\n<h3>Christian Berggren<\/h3>\n<p>Professor<br \/>\nLink\u00f6pings Universitet<\/p>\n<p>Link\u00f6ping<\/p>\n<p><strong>Telefon<\/strong> 013-281500<\/p>\n<p><strong>E-post <\/strong><a href=\"christian.berggren@liu.se\">christian.berggren@liu.se<\/a><\/p>\n<p><strong>Sammankallande i Akademiens utskott f\u00f6r utm\u00e4rkelsen \u00c5rets Projektledare<\/strong><\/td>\n<td width=\"300\" align=\"right\" valign=\"top\"><a href=\"http:\/\/www.projektakademien.se\/pa\/wp-content\/uploads\/2012\/05\/CB-bild-ledarskapspris-2009.jpg\"><img loading=\"lazy\" title=\"wenell\" src=\"http:\/\/www.projektakademien.se\/pa\/wp-content\/uploads\/2012\/05\/CB-bild-ledarskapspris-2009.jpg\" alt=\"\" width=\"200\" height=\"318\" \/><\/a><\/td>\n<\/tr>\n<tr>\n<td colspan=\"2\" width=\"600\" height=\"20\">\u00a0<\/td>\n<\/tr>\n<\/tbody>\n<\/table>\n<p><strong>Bakgrund <\/strong>Christian Berggren \u00e4r professor i industriell organisation med inriktning mot innovations- och projektledning. Han \u00e4r sedan 1995 verksam vid Link\u00f6pings Universitet, Institutionen f\u00f6r ekonomisk och industriell utveckling, och \u00e5terkommande g\u00e4stforskare p\u00e5 Australian Business School (f d Australian Graduate School of Management), Sydney. Sedan slutet p\u00e5 90-talet leder han kurser i avancerad projektledning f\u00f6r framst\u00e5ende industrif\u00f6retag som Scania, SSAB, Saab, Astrazeneca, m fl. Tillsammans med Fredrik Tell leder Christian det \u00e5tta\u00e5riga forskningsprogrammet KITE,  Knowledge Integration and Innovation in Transnational Enterprise finaniserat av Riksbankens Jubileumsfond 2007 \u2013 2014.<\/p>\n<p><strong>Inriktning <\/strong>Industriella innovationsprocesser, ledning av komplex systemutveckling, produktutveckling och policy design, s\u00e4rskilt i fordons- och kraftindustrin.<\/p>\n<p><strong>Speciella intressen<\/strong>Innovationer f\u00f6r ekologisk uth\u00e5llighet,  samspelet mellan samh\u00e4llelig reglering och industriell innovation, tillv\u00e4xtekonomier och nya innovationsbaserade f\u00f6retag.<\/p>\n","protected":false},"excerpt":{"rendered":"<p>Christian Berggren Professor Link\u00f6pings Universitet Link\u00f6ping Telefon 013-281500 E-post christian.berggren@liu.se Sammankallande i Akademiens utskott f\u00f6r utm\u00e4rkelsen \u00c5rets Projektledare \u00a0 Bakgrund Christian Berggren \u00e4r professor i industriell organisation med inriktning mot innovations- och projektledning. Han \u00e4r sedan 1995 verksam vid Link\u00f6pings Universitet, Institutionen f\u00f6r ekonomisk och industriell utveckling, och \u00e5terkommande g\u00e4stforskare p\u00e5 Australian Business School (f [&hellip;]<\/p>\n","protected":false},"author":1,"featured_media":0,"parent":88,"menu_order":0,"comment_status":"open","ping_status":"open","template":"","meta":{"ngg_post_thumbnail":0},"categories":[1],"tags":[],"_links":{"self":[{"href":"https:\/\/www.projektakademien.se\/pa\/wp-json\/wp\/v2\/pages\/339"}],"collection":[{"href":"https:\/\/www.projektakademien.se\/pa\/wp-json\/wp\/v2\/pages"}],"about":[{"href":"https:\/\/www.projektakademien.se\/pa\/wp-json\/wp\/v2\/types\/page"}],"author":[{"embeddable":true,"href":"https:\/\/www.projektakademien.se\/pa\/wp-json\/wp\/v2\/users\/1"}],"replies":[{"embeddable":true,"href":"https:\/\/www.projektakademien.se\/pa\/wp-json\/wp\/v2\/comments?post=339"}],"version-history":[{"count":18,"href":"https:\/\/www.projektakademien.se\/pa\/wp-json\/wp\/v2\/pages\/339\/revisions"}],"predecessor-version":[{"id":2539,"href":"https:\/\/www.projektakademien.se\/pa\/wp-json\/wp\/v2\/pages\/339\/revisions\/2539"}],"up":[{"embeddable":true,"href":"https:\/\/www.projektakademien.se\/pa\/wp-json\/wp\/v2\/pages\/88"}],"wp:attachment":[{"href":"https:\/\/www.projektakademien.se\/pa\/wp-json\/wp\/v2\/media?parent=339"}],"wp:term":[{"taxonomy":"category","embeddable":true,"href":"https:\/\/www.projektakademien.se\/pa\/wp-json\/wp\/v2\/categories?post=339"},{"taxonomy":"post_tag","embeddable":true,"href":"https:\/\/www.projektakademien.se\/pa\/wp-json\/wp\/v2\/tags?post=339"}],"curies":[{"name":"wp","href":"https:\/\/api.w.org\/{rel}","templated":true}]}}