{"id":3382,"date":"2018-04-23T11:16:28","date_gmt":"2018-04-23T10:16:28","guid":{"rendered":"http:\/\/www.projektakademien.se\/pa\/?page_id=3382"},"modified":"2023-01-11T12:41:33","modified_gmt":"2023-01-11T11:41:33","slug":"jerbrant-anna","status":"publish","type":"page","link":"https:\/\/www.projektakademien.se\/pa\/ledamoter\/jerbrant-anna\/","title":{"rendered":"Jerbrant, Anna"},"content":{"rendered":"<table border=\"0\" cellspacing=\"0\" cellpadding=\"0\">\n<tbody>\n<tr>\n<td align=\"left\" valign=\"top\" width=\"300\">\n<h3>Anna Jerbrant<\/h3>\n<p>Universitetslektor, docent<br \/>\nKungl Tekniska H\u00f6gskolan<\/p>\n<p>Stockholm<\/p>\n<p><strong>Telefon <\/strong>08-790 67 85<\/p>\n<p><strong>E-post <\/strong><a href=\"mailto:anna.jerbrant@indek.kth.se\">anna.jerbrant@indek.kth.se<\/a><\/td>\n<td align=\"right\" valign=\"top\" width=\"300\"><a href=\"http:\/\/www.projektakademien.se\/pa\/wp-content\/uploads\/2018\/04\/Anna-Jerbrant-1.jpg\"><img loading=\"lazy\" class=\"alignnone size-medium wp-image-640\" title=\"anna jerbrant\" src=\"http:\/\/www.projektakademien.se\/pa\/wp-content\/uploads\/2018\/04\/Anna-Jerbrant-1.jpg\" alt=\"\" width=\"350\" height=\"350\"><\/a><\/td>\n<\/tr>\n<tr>\n<td colspan=\"2\" width=\"600\" height=\"20\"><\/td>\n<\/tr>\n<\/tbody>\n<\/table>\n<p><strong>Bakgrund<\/strong> Efter civilingenj\u00f6rsexamen i maskinteknik vid KTH (\u00e5r 1998) har Anna avlagt b\u00e5de en teknologie licentiatexamen (\u00e5r 2002) och en teknologie doktorsexamen (KTH \u00e5r 2009) i industriell ekonomi och organisation. Annas doktorsavhandling ger en empiriskt baserad, organiseringsteoretiskt inspirerad f\u00f6rst\u00e5else f\u00f6r b\u00e5de forskningen p\u00e5, samt genomf\u00f6randet av, ledning, styrning och organisering av projektbaserad verksamhet (utifr\u00e5n ett praktikperspektiv).<br \/>\nSedan \u00e5r 2012 \u00e4r Anna universitetslektor p\u00e5 KTH i Industriell ekonomi (med inriktning mot projektbaserad verksamhet), vilket inneb\u00e4r att hon delar sin tid mellan ledningsuppdrag, undervisning och forskning. Sedan \u00e5r 2016 \u00e4r hon chef f\u00f6r Industrial Management enheten (drygt 20 medarbetare), och sedan \u00e5r 2017 \u00e4r hon ocks\u00e5 grundutbildningsansvarig p\u00e5 ITM-skolan (en av KTHs fem skolor). Detta inneb\u00e4r att hon ansvarar f\u00f6r skolans program- och kursutbud p\u00e5 grundniv\u00e5 och avancerad niv\u00e5 (7 civ.ing program och 12 masterprogram). Mellan \u00e5r 2010 och 2016 var Anna ocks\u00e5 programansvarig f\u00f6r KTHs popul\u00e4raste civilingenj\u00f6rsutbildning (i Industriell ekonomi 300 hp, 150 studenter\/l\u00e4s\u00e5r).<br \/>\nAnna har sedan hon b\u00f6rjade som doktorand p\u00e5 KTH haft omfattande kursansvar f\u00f6r institutionens kurser i industriell projektledning, p\u00e5 b\u00e5de grund och avancerad niv\u00e5. Det inneb\u00e4r att Anna undervisat drygt 1500 ingenj\u00f6rsstudenter i industriell projektledning (sen \u00e5r 2000) samt drygt 500 studenter i multi-projektledning (en kurs om \u00e5ret sedan \u00e5r 2008). Anna har ut\u00f6ver detta skrivit flera l\u00e4rob\u00f6cker (varav den senaste fick Studentlitteraturs kurslitteraturpris 2017) , kontinuerligt utvecklat Indeks kurspaket i projektledning \u00e4nda sedan \u00e5r 2004 samt utvecklat och genomf\u00f6rt flertalet kurser i projektledning f\u00f6r f\u00f6retag. Mellan \u00e5r 2014 och 2017 var Anna engagerad som verksamhetsrevisor i Svenskt Projektforum och hon har ocks\u00e5 varit ansvarig f\u00f6r att genomf\u00f6ra kursen Organisation i Stockholms Universitets MBA utbildning (2016 och 2017).<br \/>\nMellan 2009 och 2013 var Anna en av tre seniora forskare, samt projektledare, f\u00f6r forskningsprojektet \u201dKonkurrenskraftigt tj\u00e4nstearbete\u201d med finansiering fr\u00e5n bl.a. VINNOVA. I detta forskningsprojekt deltog flera v\u00e4lk\u00e4nda f\u00f6retag, t.ex. SEB, Earnst &amp; Young, Grontmij, Logica, och Technia. Sedan b\u00f6rjan av 2017 \u00e4r Anna projektledare, samt senior forskningsledare, f\u00f6r ett f\u00f6ljeforskningsprojekt som fokuserar p\u00e5 FoI programmet High Capacity Transport (som genomf\u00f6rs av Lindholmen Closer och Trafikverket). Ut\u00f6ver detta \u00e4r Anna handledare \u00e5t flera doktorander och under de senaste \u00e5ren har hon publicerat artiklar p\u00e5 betydande Project Management konferenser och i internationella peer-review journaler, t.ex. International Journal of Project Management, South African Journal of Economic and Management Sciences, the International Journal of Project Organization and Management och International Journal of Managing Projects in Business. Anna anlitas ocks\u00e5 kontinuerligt som reviewer f\u00f6r flera av dessa journaler.<\/p>\n<p><strong>Inriktning<\/strong> Anna har ett brett intresse f\u00f6r flera olika centrala aspekter inom projektintensiva verksamheter, dels med fokus p\u00e5 ledning, styrning och organisering av den projektintensiva organiseringens speciella dynamik, dels med fokus p\u00e5 anv\u00e4ndningen av projektarbetsformen specifika kontexter och dels med fokus p\u00e5 den dynamiska processen i ledningen av stora infrastrukturprojekt.<\/p>\n<p><strong>Speciella intressen<\/strong> Projektbaserade organisationer, organisering, projektkontor, programledning, projektledning, produktutveckling, mega-projects.<\/p>\n","protected":false},"excerpt":{"rendered":"<p>Anna Jerbrant Universitetslektor, docent Kungl Tekniska H\u00f6gskolan Stockholm Telefon 08-790 67 85 E-post anna.jerbrant@indek.kth.se Bakgrund Efter civilingenj\u00f6rsexamen i maskinteknik vid KTH (\u00e5r 1998) har Anna avlagt b\u00e5de en teknologie licentiatexamen (\u00e5r 2002) och en teknologie doktorsexamen (KTH \u00e5r 2009) i industriell ekonomi och organisation. Annas doktorsavhandling ger en empiriskt baserad, organiseringsteoretiskt inspirerad f\u00f6rst\u00e5else f\u00f6r b\u00e5de [&hellip;]<\/p>\n","protected":false},"author":1,"featured_media":0,"parent":88,"menu_order":0,"comment_status":"closed","ping_status":"closed","template":"","meta":{"ngg_post_thumbnail":0},"categories":[],"tags":[],"_links":{"self":[{"href":"https:\/\/www.projektakademien.se\/pa\/wp-json\/wp\/v2\/pages\/3382"}],"collection":[{"href":"https:\/\/www.projektakademien.se\/pa\/wp-json\/wp\/v2\/pages"}],"about":[{"href":"https:\/\/www.projektakademien.se\/pa\/wp-json\/wp\/v2\/types\/page"}],"author":[{"embeddable":true,"href":"https:\/\/www.projektakademien.se\/pa\/wp-json\/wp\/v2\/users\/1"}],"replies":[{"embeddable":true,"href":"https:\/\/www.projektakademien.se\/pa\/wp-json\/wp\/v2\/comments?post=3382"}],"version-history":[{"count":7,"href":"https:\/\/www.projektakademien.se\/pa\/wp-json\/wp\/v2\/pages\/3382\/revisions"}],"predecessor-version":[{"id":6110,"href":"https:\/\/www.projektakademien.se\/pa\/wp-json\/wp\/v2\/pages\/3382\/revisions\/6110"}],"up":[{"embeddable":true,"href":"https:\/\/www.projektakademien.se\/pa\/wp-json\/wp\/v2\/pages\/88"}],"wp:attachment":[{"href":"https:\/\/www.projektakademien.se\/pa\/wp-json\/wp\/v2\/media?parent=3382"}],"wp:term":[{"taxonomy":"category","embeddable":true,"href":"https:\/\/www.projektakademien.se\/pa\/wp-json\/wp\/v2\/categories?post=3382"},{"taxonomy":"post_tag","embeddable":true,"href":"https:\/\/www.projektakademien.se\/pa\/wp-json\/wp\/v2\/tags?post=3382"}],"curies":[{"name":"wp","href":"https:\/\/api.w.org\/{rel}","templated":true}]}}