{"id":334,"date":"2010-04-08T22:10:47","date_gmt":"2010-04-08T21:10:47","guid":{"rendered":"http:\/\/www.projektakademien.se\/pa\/?page_id=334"},"modified":"2018-08-22T20:50:00","modified_gmt":"2018-08-22T19:50:00","slug":"sven-antik-management-and-aviation","status":"publish","type":"page","link":"https:\/\/www.projektakademien.se\/pa\/ledamoter\/sven-antik-management-and-aviation\/","title":{"rendered":"Antvik, Sven"},"content":{"rendered":"<table border=\"0\" cellspacing=\"0\" cellpadding=\"0\">\n<tbody>\n<tr>\n<td align=\"left\" valign=\"top\" width=\"300\">\n<h3>Sven Antvik<\/h3>\n<p>Direkt\u00f6r<br \/>\nManagement and Aviation Sven Antvik<\/p>\n<p>Bromma<\/p>\n<p><strong>Telefon<\/strong> 08-37 57 97<\/p>\n<p><strong>Mobil<\/strong> 070-788 97 09<\/p>\n<p><strong>E-post <a href=\"mailto:sven@antvik.se\">sven@antvik.se<\/a><\/strong><\/td>\n<td align=\"right\" valign=\"top\" width=\"300\"><a href=\"http:\/\/www.projektakademien.se\/pa\/wp-content\/uploads\/2011\/04\/Sven_Antvik20070817.jpg\"><img loading=\"lazy\" class=\"alignright size-medium wp-image-952\" title=\"Sven_Antvik20070817\" src=\"http:\/\/www.projektakademien.se\/pa\/wp-content\/uploads\/2011\/04\/Sven_Antvik20070817-225x300.jpg\" alt=\"\" width=\"225\" height=\"300\" srcset=\"https:\/\/www.projektakademien.se\/pa\/wp-content\/uploads\/2011\/04\/Sven_Antvik20070817-225x300.jpg 225w, https:\/\/www.projektakademien.se\/pa\/wp-content\/uploads\/2011\/04\/Sven_Antvik20070817-768x1024.jpg 768w\" sizes=\"(max-width: 225px) 100vw, 225px\" \/><\/a><\/td>\n<\/tr>\n<tr>\n<td colspan=\"2\" width=\"600\" height=\"20\"><\/td>\n<\/tr>\n<\/tbody>\n<\/table>\n<p><strong>Bakgrund<\/strong> Sven Antvik \u00e4r konsult, f\u00f6rfattare och forskare inom projektledning med det egna f\u00f6retaget Management and Aviation. Sven har tidigare arbetat med projektledning av Gripenprojektet inom den statliga best\u00e4llaren F\u00f6rsvarets Materielverk, speciellt projektets ekonomi, rapportering och analyser.<\/p>\n<p>Sven \u00e4r civilingenj\u00f6r flygteknik vid KTH, ekonom fr\u00e5n Stockholms universitet samt tekn. lic. i Industriell ekonomi och organisation vid KTH, d\u00e4r han ocks\u00e5 tidigare varit ansvarig f\u00f6r kursen i Industriell projektledning.<\/p>\n<p>Sven \u00e4r ledamot av Svenska Projektakademien sedan dess bildande 1994. Under de f\u00f6rsta 10 \u00e5ren var han ledamot av utskottet som arbetade med att utse \u00e5rets projektledare. Sven \u00e4r IPMA first assessor f\u00f6r certifiering av projektledare i Svenskt Projektforums regi. Han \u00e4r medlem av Svenskt Projektforum sedan 1970-talet.<\/p>\n<p><strong>Inriktning <\/strong>Utbildning, konsultarbete och f\u00f6rfattande inom projektledning. Tillsammans med H\u00e5kan Sj\u00f6holm har Sven skrivit boken \u201dProjekt &#8211; ledning och metoder\u201d.<\/p>\n<p><strong>Speciella intressen<\/strong> Projektledning ur best\u00e4llarens och f\u00f6retagsledningens perspektiv, utbildning och handledning samt flygning (instrukt\u00f6r). Sven \u00e4r internationellt k\u00e4nd f\u00f6r sina djupa kunskaper, avseende s\u00e5v\u00e4l teori som praktisk anv\u00e4ndning, om Resultatv\u00e4rdemetoden (Earned Value).<\/p>\n","protected":false},"excerpt":{"rendered":"<p>Sven Antvik Direkt\u00f6r Management and Aviation Sven Antvik Bromma Telefon 08-37 57 97 Mobil 070-788 97 09 E-post sven@antvik.se Bakgrund Sven Antvik \u00e4r konsult, f\u00f6rfattare och forskare inom projektledning med det egna f\u00f6retaget Management and Aviation. Sven har tidigare arbetat med projektledning av Gripenprojektet inom den statliga best\u00e4llaren F\u00f6rsvarets Materielverk, speciellt projektets ekonomi, rapportering och [&hellip;]<\/p>\n","protected":false},"author":1,"featured_media":0,"parent":88,"menu_order":0,"comment_status":"open","ping_status":"open","template":"","meta":{"ngg_post_thumbnail":0},"categories":[1],"tags":[],"_links":{"self":[{"href":"https:\/\/www.projektakademien.se\/pa\/wp-json\/wp\/v2\/pages\/334"}],"collection":[{"href":"https:\/\/www.projektakademien.se\/pa\/wp-json\/wp\/v2\/pages"}],"about":[{"href":"https:\/\/www.projektakademien.se\/pa\/wp-json\/wp\/v2\/types\/page"}],"author":[{"embeddable":true,"href":"https:\/\/www.projektakademien.se\/pa\/wp-json\/wp\/v2\/users\/1"}],"replies":[{"embeddable":true,"href":"https:\/\/www.projektakademien.se\/pa\/wp-json\/wp\/v2\/comments?post=334"}],"version-history":[{"count":19,"href":"https:\/\/www.projektakademien.se\/pa\/wp-json\/wp\/v2\/pages\/334\/revisions"}],"predecessor-version":[{"id":3454,"href":"https:\/\/www.projektakademien.se\/pa\/wp-json\/wp\/v2\/pages\/334\/revisions\/3454"}],"up":[{"embeddable":true,"href":"https:\/\/www.projektakademien.se\/pa\/wp-json\/wp\/v2\/pages\/88"}],"wp:attachment":[{"href":"https:\/\/www.projektakademien.se\/pa\/wp-json\/wp\/v2\/media?parent=334"}],"wp:term":[{"taxonomy":"category","embeddable":true,"href":"https:\/\/www.projektakademien.se\/pa\/wp-json\/wp\/v2\/categories?post=334"},{"taxonomy":"post_tag","embeddable":true,"href":"https:\/\/www.projektakademien.se\/pa\/wp-json\/wp\/v2\/tags?post=334"}],"curies":[{"name":"wp","href":"https:\/\/api.w.org\/{rel}","templated":true}]}}