{"id":329,"date":"2010-04-08T22:07:48","date_gmt":"2010-04-08T21:07:48","guid":{"rendered":"http:\/\/www.projektakademien.se\/pa\/?page_id=329"},"modified":"2018-08-22T20:49:41","modified_gmt":"2018-08-22T19:49:41","slug":"anders-p-andersson-kockums","status":"publish","type":"page","link":"https:\/\/www.projektakademien.se\/pa\/ledamoter\/anders-p-andersson-kockums\/","title":{"rendered":"Andersson, Anders P"},"content":{"rendered":"<table border=\"0\" cellspacing=\"0\" cellpadding=\"0\">\n<tbody>\n<tr>\n<td width=\"300\" align=\"left\" valign=\"top\">\n<h3>Anders P Andersson<\/h3>\n<p>Project manager<\/p>\n<p>Malm\u00f6<\/p>\n<p>Tel: 0705-732500<\/p>\n<p><strong>E-post <\/strong>anders.ep.andersson@gmail.com<\/td>\n<td width=\"300\" align=\"right\" valign=\"top\"><a href=\"http:\/\/www.projektakademien.se\/pa\/wp-content\/uploads\/2012\/06\/AndersAndersson.jpg\"><img loading=\"lazy\" title=\"anderspandersson\" src=\"http:\/\/www.projektakademien.se\/pa\/wp-content\/uploads\/2012\/06\/AndersAndersson.jpg\" alt=\"\" width=\"136\" height=\"216\" \/><\/a><\/td>\n<\/tr>\n<tr>\n<td colspan=\"2\" width=\"600\" height=\"20\"><\/td>\n<\/tr>\n<\/tbody>\n<\/table>\n<p>Anders har 30 \u00e5rs erfarenhet fr\u00e5n Kockums AB inom projektledningsomr\u00e5det som internationell projektledare, projektkontorschef och portf\u00f6lj styrning.<\/p>\n<p>Anders arbetar numera fr\u00e4mst som r\u00e5dgivare och mentor f\u00f6r chefer och projektledare i matrisorganisationen.<\/p>\n","protected":false},"excerpt":{"rendered":"<p>Anders P Andersson Project manager Malm\u00f6 Tel: 0705-732500 E-post anders.ep.andersson@gmail.com Anders har 30 \u00e5rs erfarenhet fr\u00e5n Kockums AB inom projektledningsomr\u00e5det som internationell projektledare, projektkontorschef och portf\u00f6lj styrning. Anders arbetar numera fr\u00e4mst som r\u00e5dgivare och mentor f\u00f6r chefer och projektledare i matrisorganisationen.<\/p>\n","protected":false},"author":1,"featured_media":0,"parent":88,"menu_order":0,"comment_status":"open","ping_status":"open","template":"","meta":{"ngg_post_thumbnail":0},"categories":[1],"tags":[],"_links":{"self":[{"href":"https:\/\/www.projektakademien.se\/pa\/wp-json\/wp\/v2\/pages\/329"}],"collection":[{"href":"https:\/\/www.projektakademien.se\/pa\/wp-json\/wp\/v2\/pages"}],"about":[{"href":"https:\/\/www.projektakademien.se\/pa\/wp-json\/wp\/v2\/types\/page"}],"author":[{"embeddable":true,"href":"https:\/\/www.projektakademien.se\/pa\/wp-json\/wp\/v2\/users\/1"}],"replies":[{"embeddable":true,"href":"https:\/\/www.projektakademien.se\/pa\/wp-json\/wp\/v2\/comments?post=329"}],"version-history":[{"count":16,"href":"https:\/\/www.projektakademien.se\/pa\/wp-json\/wp\/v2\/pages\/329\/revisions"}],"predecessor-version":[{"id":3491,"href":"https:\/\/www.projektakademien.se\/pa\/wp-json\/wp\/v2\/pages\/329\/revisions\/3491"}],"up":[{"embeddable":true,"href":"https:\/\/www.projektakademien.se\/pa\/wp-json\/wp\/v2\/pages\/88"}],"wp:attachment":[{"href":"https:\/\/www.projektakademien.se\/pa\/wp-json\/wp\/v2\/media?parent=329"}],"wp:term":[{"taxonomy":"category","embeddable":true,"href":"https:\/\/www.projektakademien.se\/pa\/wp-json\/wp\/v2\/categories?post=329"},{"taxonomy":"post_tag","embeddable":true,"href":"https:\/\/www.projektakademien.se\/pa\/wp-json\/wp\/v2\/tags?post=329"}],"curies":[{"name":"wp","href":"https:\/\/api.w.org\/{rel}","templated":true}]}}