{"id":3239,"date":"2017-11-11T09:23:26","date_gmt":"2017-11-11T08:23:26","guid":{"rendered":"http:\/\/www.projektakademien.se\/pa\/?page_id=3239"},"modified":"2019-06-20T14:00:39","modified_gmt":"2019-06-20T13:00:39","slug":"om-oss","status":"publish","type":"page","link":"https:\/\/www.projektakademien.se\/pa\/om-oss\/","title":{"rendered":"Akademien"},"content":{"rendered":"\n<p>Svenska ProjektAkademien har till uppgift att fr\u00e4mja utveckling och till\u00e4mpning av projektformen. Akademien \u00e4r en m\u00f6tesplats f\u00f6r yrkesverksamma personer med h\u00f6g kompetens inom projektomr\u00e5det. Ledam\u00f6terna, som \u00e4r tekniker, ekonomer, beteendevetare och humanister fr\u00e5n n\u00e4ringsliv, offentlig f\u00f6rvaltning, organisationer, universitet och h\u00f6gskolor \u00e4r invalda p\u00e5 deras meriter inom projektomr\u00e5det och ett<br>l\u00e5ngsiktigt intresse.<\/p>\n\n\n\n<p>Akademien arbetar f\u00f6r utveckling och f\u00f6rnyelse i projektledning och \u00f6vergripande styrning av projektverksamhet (project governance). Akademien f\u00f6ljer kunskapsutvecklingen inom omr\u00e5det och uppmuntrar till en m\u00e5ngsidig dialog kring forskningsr\u00f6n och dess till\u00e4mpbarhet. Akademien stimulerar till initiativ inom forskning och utveckling, framf\u00f6rallt i samarbete mellan akademin (h\u00f6gskolor, universitet), offentlig f\u00f6rvaltning och n\u00e4ringsliv.<\/p>\n\n\n\n<p>Akademiens arbetss\u00e4tt \u00e4r huvudsakligen en \u201dv\u00e4ssad dialog\u201d mellan ledam\u00f6terna. I dialogen utmanas g\u00e4ngse syns\u00e4tt, tas aktuella fr\u00e5gest\u00e4llningar upp och f\u00f6ds nya tankar. Akademiens styrka \u00e4r i m\u00f6tet mellan deltagarna med deras m\u00e5ngfacetterade bakgrund och perspektiv. Resultatet av akademiarbetet \u00e4r till stor del ingen samsyn eller utstakad v\u00e4g utan snarare insikter och inspiration att pr\u00f6va nya arbetss\u00e4tt och<br>ompr\u00f6va de g\u00e4ngse. Vi vill leva upp till akademiens devis \u201dSocietate crescimus&#8221; (&#8220;Genom samverkan utvecklas vi\u201d). Akademien ska ha ett vetenskapligt f\u00f6rh\u00e5llningss\u00e4tt och b\u00f6r inte str\u00e4va efter att ha en samlad st\u00e5ndpunkt\/likriktning utan str\u00e4va efter dialog. Genom att aktivt f\u00f6lja forskningsr\u00f6n och dess till\u00e4mpbarhet st\u00f6djer Akademien kunskapsspridning inom omr\u00e5det och stimulerar till ytterligare forskning.<\/p>\n","protected":false},"excerpt":{"rendered":"<p>Svenska ProjektAkademien har till uppgift att fr\u00e4mja utveckling och till\u00e4mpning av projektformen. Akademien \u00e4r en m\u00f6tesplats f\u00f6r yrkesverksamma personer med h\u00f6g kompetens inom projektomr\u00e5det. Ledam\u00f6terna, som \u00e4r tekniker, ekonomer, beteendevetare och humanister fr\u00e5n n\u00e4ringsliv, offentlig f\u00f6rvaltning, organisationer, universitet och h\u00f6gskolor \u00e4r invalda p\u00e5 deras meriter inom projektomr\u00e5det och ettl\u00e5ngsiktigt intresse. Akademien arbetar f\u00f6r utveckling och [&hellip;]<\/p>\n","protected":false},"author":1,"featured_media":0,"parent":0,"menu_order":1,"comment_status":"closed","ping_status":"closed","template":"","meta":{"ngg_post_thumbnail":0},"categories":[],"tags":[],"_links":{"self":[{"href":"https:\/\/www.projektakademien.se\/pa\/wp-json\/wp\/v2\/pages\/3239"}],"collection":[{"href":"https:\/\/www.projektakademien.se\/pa\/wp-json\/wp\/v2\/pages"}],"about":[{"href":"https:\/\/www.projektakademien.se\/pa\/wp-json\/wp\/v2\/types\/page"}],"author":[{"embeddable":true,"href":"https:\/\/www.projektakademien.se\/pa\/wp-json\/wp\/v2\/users\/1"}],"replies":[{"embeddable":true,"href":"https:\/\/www.projektakademien.se\/pa\/wp-json\/wp\/v2\/comments?post=3239"}],"version-history":[{"count":5,"href":"https:\/\/www.projektakademien.se\/pa\/wp-json\/wp\/v2\/pages\/3239\/revisions"}],"predecessor-version":[{"id":3891,"href":"https:\/\/www.projektakademien.se\/pa\/wp-json\/wp\/v2\/pages\/3239\/revisions\/3891"}],"wp:attachment":[{"href":"https:\/\/www.projektakademien.se\/pa\/wp-json\/wp\/v2\/media?parent=3239"}],"wp:term":[{"taxonomy":"category","embeddable":true,"href":"https:\/\/www.projektakademien.se\/pa\/wp-json\/wp\/v2\/categories?post=3239"},{"taxonomy":"post_tag","embeddable":true,"href":"https:\/\/www.projektakademien.se\/pa\/wp-json\/wp\/v2\/tags?post=3239"}],"curies":[{"name":"wp","href":"https:\/\/api.w.org\/{rel}","templated":true}]}}