{"id":3155,"date":"2017-09-12T10:02:26","date_gmt":"2017-09-12T09:02:26","guid":{"rendered":"http:\/\/www.projektakademien.se\/pa\/?page_id=3155"},"modified":"2017-09-12T10:07:58","modified_gmt":"2017-09-12T09:07:58","slug":"uppsatspriset-2017","status":"publish","type":"page","link":"https:\/\/www.projektakademien.se\/pa\/utmarkelser\/uppsatstavling\/uppsatspriset-2017\/","title":{"rendered":"Uppsatspriset 2017"},"content":{"rendered":"<p>I Svenska ProjektAkademiens \u00e5rliga uppsatst\u00e4vling har inf\u00f6r 2017 \u00e5rs pris inkommit 13 uppsatser fr\u00e5n inte mindre \u00e4n \u00e5tta l\u00e4ros\u00e4ten. Det g\u00f6r t\u00e4vlingsjuryns arbete sp\u00e4nnande och l\u00e4rorikt, men ocks\u00e5 sv\u00e5rt d\u00e5 uppsatserna samtliga \u00e4r av h\u00f6g kvalitet.<\/p>\n<p><strong>Vinnarna av Svenska ProjektAkademiens uppsatspris 2017: Edgaras Rakevi\u010dius och Louis Auzias<\/strong><br \/>\n<div id=\"attachment_852\" style=\"width: 250px\" class=\"wp-caption alignleft\"><a href=\"http:\/\/www.projektakademien.se\/pa\/wp-content\/uploads\/2017\/04\/IMG_3817-e1493124513772.jpg\"><img aria-describedby=\"caption-attachment-852\" loading=\"lazy\" class=\"alignleft size-medium wp-image-2373\" title=\"Edgaras Rakevi\u010dius &amp; Louis Auzias\" src=\"http:\/\/www.projektakademien.se\/pa\/wp-content\/uploads\/2017\/04\/IMG_3817-e1493124513772.jpg\" alt=\"\" width=\"240\" height=\"240\" \/><\/a><p id=\"caption-attachment-852\" class=\"wp-caption-text\">Edgaras Rakevi\u010dius &amp; Louis Auzias. <\/p>\n<p>Fotograf: Thomas Uhlin<\/p><\/div><\/p>\n<p>\nEdgaras Rakevi\u010dius och Louis Auzias, Link\u00f6pings Universitet, erh\u00e5ller Svenska Projektakademiens pris f\u00f6r b\u00e4sta C\/D-uppsats med inriktning mot projektledning och projektorganiserade f\u00f6retag 2017. Uppsatsen, <a href=\"http:\/\/www.projektakademien.se\/pa\/wp-content\/uploads\/2017\/03\/13.-The-process-of-knowledge-integration.pdf\">The process of knowledge integration: A case study of a change project<\/a>, syftar till att studera kunskapsintegration som ett processuellt fenoment \u00f6ver projektets livscykel. Baserat p\u00e5 aktuell forskning om kunskapsintegration studerar man mekanismer och managementutmaningar som \u00e4r aktuella i i fyra olika teamprocesser. Man visar p\u00e5 ett mycket v\u00e4l underbyggt s\u00e4tt hur de olika processerna g\u00e5r till i de olika teamen, och finner att kunskapsintegrationen \u00f6ver tid b\u00e5de beror av vllka utmaningar som dyker upp och hanteras, och av hur relationerna mellan akt\u00f6rerna f\u00f6r\u00e4ndras. Detta kan i inte ov\u00e4sentlig utstr\u00e4ckning p\u00e5verkas av management. Uppsatsen \u00e4r mycket v\u00e4lskriven, n\u00e4ra forskningsfronten och ambiti\u00f6st upplagd i alla delar.<\/p>\n<p>\nJuryns motivering: <i>Edgaras Rakevi\u010dius och Louis Auzias, Link\u00f6pings Universitet. Knowledge integration is rather a new and not fully explored concept in business management. However there are many scholars, who have researched knowledge integration in recent decades. This thesis is conducted in order to draw attention towards knowledge integration and its processual phenomena. \u00a0The interest of this research is to find out how does the knowledge integration process change during the evolution of project. The thesis is well written, well aligned both to current research frontiers and practical needs and a showcase of impressive methodological and analytical abilities.<\/i><\/p>\n<p>Ytterligare tv\u00e5 uppsatser valdes ut till den sp\u00e4nnande finalomg\u00e5ngen:<\/p>\n<p><a href=\"http:\/\/www.projektakademien.se\/pa\/wp-content\/uploads\/2017\/03\/Susan-Weeks-Francesca-Clotilde-Scialdone.jpg\"><img loading=\"lazy\" class=\"alignright size-thumbnail wp-image-2850\" title=\"Susan Weeks Francesca Clotilde Scialdone\" src=\"http:\/\/www.projektakademien.se\/pa\/wp-content\/uploads\/2017\/03\/Susan-Weeks-Francesca-Clotilde-Scialdone.jpg\" alt=\"\" width=\"150\" height=\"150\" \/><\/a><strong>Susan Jane Weeks\u00a0och Francesca Clotilde Scialdone, Ume\u00e5 School of Business and Economics (USBE): <a href=\"http:\/\/www.projektakademien.se\/pa\/wp-content\/uploads\/2017\/03\/10.-Management-of-Uncertain-Resources-in-Film-Festival-Organisations.pdf\">Management of Uncertain Resources in Film Festival Organisations: a first European Picture<\/a>.<\/strong> The purpose of this thesis is to investigate how film festivals use project management techniques to manage uncertain resources. Fourteen case studies are used to explore the project management techniques used by film festivals across Europe. An extensive theoretical framework brings together a number of key fields for the first time and provides an informative background to the study. Based on this theoretical framework a conceptual model was developed, \u2018the film festival \u2018smoothie\u2019 model\u2019, which provides a guide for data collection and analysis. The research focuses on traditional and contemporary project management techniques, but also contextual factors that impact upon the project management of film festivals. The findings show that a creative, reactive and flexible approach to project management is vital within film festival organisations and supports earlier research calling for a rethinking of project management to consider the growing presence of \u2018soft projects\u2019 and contextual factors of projects.<\/p>\n<p><a href=\"http:\/\/www.projektakademien.se\/pa\/wp-content\/uploads\/2017\/03\/Jonathan-Adut.jpg\"><img loading=\"lazy\" class=\"alignright size-thumbnail wp-image-2826\" title=\"Jonathan Adut\" src=\"http:\/\/www.projektakademien.se\/pa\/wp-content\/uploads\/2017\/03\/Jonathan-Adut.jpg\" alt=\"\" width=\"140\" height=\"215\" \/><\/a><strong>Jonathan Adut, Kungl Tekniska H\u00f6gskolan: <a href=\"http:\/\/www.projektakademien.se\/pa\/wp-content\/uploads\/2017\/03\/12.-Applying-agile-approaches-in-public-construction-and-civil-engineering-projects.pdf\">Applying agile approaches in public construction and civil engineering projects<\/a>.<\/strong>Project management of today is no longer about managing the sequence of steps required to complete the project on time. It is about systematically incorporating the voice of the customer, creating a disciplined way of prioritising effort and resolving trade-offs, working concurrently on all aspects of the project in multi-functional teams. Studying the concept of Agile Project Management allows for just that.<br \/>\nAgile approaches allow the project management process to be a vivid and continuously updated. Agile project management provides project managers with methods, tools and approaches to aid both the project manager and project client to engage in a more efficient manner, allowing for more open communication, feedback sessions and the notion of pursuing a shared goal towards successful project management.<br \/>\nThe purpose of this study was to investigate whether project management within the C&amp;CE industry \u2013 which so far mostly has been carried out in a traditional way \u2013 could benefit from utilising agile approaches. By studying both traditional project management and observing how projects were run at WSP Management, as well as interviewing experienced senior project managers, the identification of possible agile approaches was identified. Combining the foundation of knowledge about the traditional sense of project management with agile theory, value &amp; principles and interviews with agile experts \u2013 it became evident that the possibilities of utilising and benefitting from agile approaches in the C&amp;CE industry is viable.<\/p>\n","protected":false},"excerpt":{"rendered":"<p>I Svenska ProjektAkademiens \u00e5rliga uppsatst\u00e4vling har inf\u00f6r 2017 \u00e5rs pris inkommit 13 uppsatser fr\u00e5n inte mindre \u00e4n \u00e5tta l\u00e4ros\u00e4ten. Det g\u00f6r t\u00e4vlingsjuryns arbete sp\u00e4nnande och l\u00e4rorikt, men ocks\u00e5 sv\u00e5rt d\u00e5 uppsatserna samtliga \u00e4r av h\u00f6g kvalitet. Vinnarna av Svenska ProjektAkademiens uppsatspris 2017: Edgaras Rakevi\u010dius och Louis Auzias Edgaras Rakevi\u010dius och Louis Auzias, Link\u00f6pings Universitet, erh\u00e5ller [&hellip;]<\/p>\n","protected":false},"author":1,"featured_media":0,"parent":141,"menu_order":37,"comment_status":"closed","ping_status":"closed","template":"","meta":{"ngg_post_thumbnail":0},"categories":[],"tags":[],"_links":{"self":[{"href":"https:\/\/www.projektakademien.se\/pa\/wp-json\/wp\/v2\/pages\/3155"}],"collection":[{"href":"https:\/\/www.projektakademien.se\/pa\/wp-json\/wp\/v2\/pages"}],"about":[{"href":"https:\/\/www.projektakademien.se\/pa\/wp-json\/wp\/v2\/types\/page"}],"author":[{"embeddable":true,"href":"https:\/\/www.projektakademien.se\/pa\/wp-json\/wp\/v2\/users\/1"}],"replies":[{"embeddable":true,"href":"https:\/\/www.projektakademien.se\/pa\/wp-json\/wp\/v2\/comments?post=3155"}],"version-history":[{"count":6,"href":"https:\/\/www.projektakademien.se\/pa\/wp-json\/wp\/v2\/pages\/3155\/revisions"}],"predecessor-version":[{"id":3161,"href":"https:\/\/www.projektakademien.se\/pa\/wp-json\/wp\/v2\/pages\/3155\/revisions\/3161"}],"up":[{"embeddable":true,"href":"https:\/\/www.projektakademien.se\/pa\/wp-json\/wp\/v2\/pages\/141"}],"wp:attachment":[{"href":"https:\/\/www.projektakademien.se\/pa\/wp-json\/wp\/v2\/media?parent=3155"}],"wp:term":[{"taxonomy":"category","embeddable":true,"href":"https:\/\/www.projektakademien.se\/pa\/wp-json\/wp\/v2\/categories?post=3155"},{"taxonomy":"post_tag","embeddable":true,"href":"https:\/\/www.projektakademien.se\/pa\/wp-json\/wp\/v2\/tags?post=3155"}],"curies":[{"name":"wp","href":"https:\/\/api.w.org\/{rel}","templated":true}]}}