{"id":2933,"date":"2016-07-02T12:30:23","date_gmt":"2016-07-02T11:30:23","guid":{"rendered":"http:\/\/www.projektakademien.se\/pa\/?page_id=2933"},"modified":"2016-07-02T12:31:37","modified_gmt":"2016-07-02T11:31:37","slug":"arets-projektledare-2015","status":"publish","type":"page","link":"https:\/\/www.projektakademien.se\/pa\/utmarkelser\/arets-projektledare\/arets-projektledare-2015\/","title":{"rendered":"\u00c5rets projektledare 2015"},"content":{"rendered":"<h3><strong>Projektledaren som v\u00e4nde Projekt Hallands\u00e5s fr\u00e5n fiasko till succ\u00e9!<\/strong><\/h3>\n<div id=\"attachment_852\" style=\"width: 310px\" class=\"wp-caption alignleft\"><a href=\"http:\/\/www.projektakademien.se\/pa\/wp-content\/uploads\/2015\/10\/per-rydberg.jpg\"><img aria-describedby=\"caption-attachment-852\" loading=\"lazy\" class=\"alignleft size-medium wp-image-2373\" title=\"Per Rydberg\" src=\"http:\/\/www.projektakademien.se\/pa\/wp-content\/uploads\/2015\/10\/per-rydberg.jpg\" alt=\"\" width=\"300\" height=\"450\" \/><\/a><p id=\"caption-attachment-852\" class=\"wp-caption-text\">Per Rydberg.<\/p><\/div>\n<p>Historien om tunnelprojektet genom Hallands\u00e5sen k\u00e4nner de flesta svenskar till: ett mardr\u00f6msprojekt som kantades av tekniska sv\u00e5righeter, milj\u00f6skandaler, stora f\u00f6rseningar och kraftiga kostnads\u00f6verdrag. Bygget p\u00e5b\u00f6rjades 1992, med en tunnelborrmaskin som k\u00f6rde fast redan efter 13 meter.  Stora problem med vattenl\u00e4ckage gjorde att man anv\u00e4nde t\u00e4tningsmedlet Rhoca-Gil som sedermera kom ut i grundvattnet och skapade f\u00f6rlamningssymptom hos fisk och kor p\u00e5 \u00e5sen. Banverket besl\u00f6t att stoppa bygget och b\u00e5de Skanska och Banverket blev polisanm\u00e4lda av kommunen.<\/p>\n<p> Efter flera \u00e5r av skadereglering och milj\u00f6sanering, tillst\u00e5nd fr\u00e5n regeringen samt nya milj\u00f6tillst\u00e5nd anlitas den nya entrepren\u00f6ren Skanska-Vinci och arbetet \u00e5terupptas 2005. Trafikverkets chef ber d\u00e5 Per Rydberg, en erfaren projektledare, att ta rollen som projektchef, vilket han accepterade. Per driver projektet 2008-2014, en mycket intensiv period d\u00e5 huvuddelen av tunneldriften genomf\u00f6rs och berget bl.a. stabiliseras genom frysning. Efter 6 intensiva \u00e5r, driver Per projektet i hamn inom utlovad budget och tidsram. Ett fiasko har v\u00e4nts till succ\u00e9 och tunneln kommer att invigas f\u00f6r t\u00e5gtrafik den 13:e december i \u00e5r. En viktig l\u00e4nk till att effektiva transporter mellan region Sk\u00e5ne och v\u00e4stra G\u00f6taland knyts nu ihop.<\/p>\n<p>Per inf\u00f6rde en helt annan systematik och strategiskt t\u00e4nkande i projektledningen f\u00f6r att lyckas. Genom att v\u00e5ga g\u00f6ra nya teknikval och arbeta med ny entrepren\u00f6r, utmana tidigare fastlagda beslut baserat p\u00e5 den l\u00e4rande organisationen lyckades han s\u00e4kra m\u00e5ldatum till en totalkostnad av 10 500 Mkr i 2008 \u00e5rs prisl\u00e4ge och utan best\u00e5ende negativ milj\u00f6p\u00e5verkan. Detta har gjorts under en enorm press d\u00e4r arbetet bedrivits mer eller mindre dygnet runt, 7 dagar i veckan sedan 2010!<\/p>\n<p>F\u00f6r att lyckas med detta mycket komplexa projekt har Per aktivt samverkat med entrepren\u00f6rer och leverant\u00f6rer och utvecklat Trafikverkets organisation och medarbetare. Genom m\u00e5lstyrning och effektiv delegering men \u00e4ven genom att visa p\u00e5 nyttan med ett aktivt l\u00e4rande, ett l\u00e4rande som legat till grund f\u00f6r n\u00f6dv\u00e4ndiga strategiska beslut under projekttiden. Per har verkat f\u00f6r en stor \u00f6ppenhet mot omgivningen, vilket lett till ett \u00f6kat f\u00f6rtroende f\u00f6r b\u00e5de projektet och Trafikverket i stort.<\/p>\n<p>Han har ocks\u00e5 aktivt bidragit till att f\u00e5 fram nya tekniska l\u00f6sningar f\u00f6r att hantera borrningen i den extremt besv\u00e4rliga bergkvaliteten kombinerat med de mycket h\u00f6ga vattenfl\u00f6den som det h\u00f6ga vattentrycket gett upphov till. I praktiken har tunneln en 150 m h\u00f6g vattenpelare \u00f6ver sig.<\/p>\n<p>Per har satt milj\u00f6fr\u00e5gorna och arbetsmilj\u00f6s\u00e4kerheten i fr\u00e4msta rummet, och introducerat en \u00f6ppenhet till allm\u00e4nhet och media som nu f\u00e5r st\u00e5 som modell f\u00f6r andra liknande projekt p\u00e5 Trafikverket. Naturen har \u00e5terh\u00e4mtat sig som Trafikverkets milj\u00f6experter f\u00f6rutsade, och grundvattnet har nu \u00e5terg\u00e5tt till sina ursprungliga niv\u00e5er. Summerat s\u00e5 \u00e4r relationerna till lokalbefolkningen numera mycket goda.<\/p>\n<p>Per har ocks\u00e5 under projektet anv\u00e4nt sig av nya metoder s\u00e5som BIM f\u00f6r att utveckla arbetss\u00e4tt vid byggandet av j\u00e4rnv\u00e4gar. Detta projekt har varit ett f\u00f6reg\u00e5ngsprojekt inom trafikverket avseende 3-dimensionella modeller och har nu spridit sig till flera av verkets p\u00e5g\u00e5ende projekt.<\/p>\n<p>En v\u00e4ldig enkel och l\u00e4tt metod, som Per har drivit, f\u00f6r samarbetsutv\u00e4rdering mellan trafikverket och huvudentrepren\u00f6ren (Skanska-Vinci) har anv\u00e4nts under hela projektet d\u00e4r respektive part f\u00e5r s\u00e4tta betyg p\u00e5 varandra. D\u00e4r skillnader fanns beh\u00f6ver \u00e5tg\u00e4rder s\u00e4ttas in. Detta f\u00f6r att hela tiden utveckla och f\u00f6rb\u00e4ttra samarbetet under projektet, dvs. ett kontinuerligt f\u00f6rb\u00e4ttringsarbete inom projektet.<\/p>\n<p>Inom Svenska ProjektAkademien har vi bed\u00f6mt projektet mellan \u00e5ren 2008-2015. Detta \u00e4r ett helt nytt projekt f\u00f6r att bygga en tunnel i Hallands\u00e5sen och g\u00e5r inte att j\u00e4mf\u00f6ra med de andra tv\u00e5 f\u00f6rs\u00f6ken under 1990-talet. Vi har allts\u00e5 inte bed\u00f6mt n\u00e5gon del av de tv\u00e5 f\u00f6rsta f\u00f6rs\u00f6ken avseende resultat, ledaskap eller n\u00e5got annat.<\/p>\n<p><strong>FAKTA<\/strong><\/p>\n<ul>\n<li>Tv\u00e5 stycken 8,7 km l\u00e5nga tunnlar ers\u00e4tter enkelsp\u00e5r fr\u00e5n 1885<\/li>\n<li>Sveriges l\u00e4ngsta j\u00e4rnv\u00e4gstunnel<\/li>\n<li>Arbetet bedrevs 7 dagar i veckan 24 timmar om dygnet i \u00e5tta \u00e5r<\/li>\n<li>Tar bort V\u00e4stkustbanans st\u00f6rsta flaskhals genom att \u00f6ka kapaciteten fr\u00e5n 4 till 24 t\u00e5g per timme och f\u00f6rdubblar godst\u00e5gens m\u00f6jliga vikt.<\/li>\n<li>Totalkostnad per meter tunnel 605 kSEK, n\u00e5got l\u00e4gre \u00e4n snittet f\u00f6r j\u00e4mf\u00f6rbara tunnlar i v\u00e4rlden (lining med betongelement)<\/li>\n<li>Planeringen b\u00f6rjades 1975, tunneldrivningen p\u00e5b\u00f6rjades 1992, \u00e5sen genombr\u00f6ts i sin helhet 2013<\/li>\n<\/ul>\n<p>se \u00e4ven <a href=\"http:\/\/www.trafikverket.se\">Startsida &#8211; Trafikverket<\/a> samt <a href=\"https:\/\/www.youtube.com\/watch?v=tzs-8c8CTks&#038;feature=youtu.be\">Trafikverkets informationsfilm om projektet<\/a><\/p>\n<p>Kontaktperson:<br \/>\nBritt-Marie Ryd\u00e9n, Svenska ProjektAkademien<br \/>\n072-508 2190, Britt-Marie.Ryden@mpa.se<\/p>\n","protected":false},"excerpt":{"rendered":"<p>Projektledaren som v\u00e4nde Projekt Hallands\u00e5s fr\u00e5n fiasko till succ\u00e9! Historien om tunnelprojektet genom Hallands\u00e5sen k\u00e4nner de flesta svenskar till: ett mardr\u00f6msprojekt som kantades av tekniska sv\u00e5righeter, milj\u00f6skandaler, stora f\u00f6rseningar och kraftiga kostnads\u00f6verdrag. Bygget p\u00e5b\u00f6rjades 1992, med en tunnelborrmaskin som k\u00f6rde fast redan efter 13 meter. Stora problem med vattenl\u00e4ckage gjorde att man anv\u00e4nde t\u00e4tningsmedlet Rhoca-Gil [&hellip;]<\/p>\n","protected":false},"author":1,"featured_media":0,"parent":130,"menu_order":30,"comment_status":"open","ping_status":"open","template":"","meta":{"ngg_post_thumbnail":0},"categories":[1],"tags":[],"_links":{"self":[{"href":"https:\/\/www.projektakademien.se\/pa\/wp-json\/wp\/v2\/pages\/2933"}],"collection":[{"href":"https:\/\/www.projektakademien.se\/pa\/wp-json\/wp\/v2\/pages"}],"about":[{"href":"https:\/\/www.projektakademien.se\/pa\/wp-json\/wp\/v2\/types\/page"}],"author":[{"embeddable":true,"href":"https:\/\/www.projektakademien.se\/pa\/wp-json\/wp\/v2\/users\/1"}],"replies":[{"embeddable":true,"href":"https:\/\/www.projektakademien.se\/pa\/wp-json\/wp\/v2\/comments?post=2933"}],"version-history":[{"count":2,"href":"https:\/\/www.projektakademien.se\/pa\/wp-json\/wp\/v2\/pages\/2933\/revisions"}],"predecessor-version":[{"id":2935,"href":"https:\/\/www.projektakademien.se\/pa\/wp-json\/wp\/v2\/pages\/2933\/revisions\/2935"}],"up":[{"embeddable":true,"href":"https:\/\/www.projektakademien.se\/pa\/wp-json\/wp\/v2\/pages\/130"}],"wp:attachment":[{"href":"https:\/\/www.projektakademien.se\/pa\/wp-json\/wp\/v2\/media?parent=2933"}],"wp:term":[{"taxonomy":"category","embeddable":true,"href":"https:\/\/www.projektakademien.se\/pa\/wp-json\/wp\/v2\/categories?post=2933"},{"taxonomy":"post_tag","embeddable":true,"href":"https:\/\/www.projektakademien.se\/pa\/wp-json\/wp\/v2\/tags?post=2933"}],"curies":[{"name":"wp","href":"https:\/\/api.w.org\/{rel}","templated":true}]}}