{"id":2859,"date":"2016-03-01T08:33:36","date_gmt":"2016-03-01T07:33:36","guid":{"rendered":"http:\/\/www.projektakademien.se\/pa\/?page_id=2859"},"modified":"2019-09-08T18:57:22","modified_gmt":"2019-09-08T17:57:22","slug":"bredin-karin","status":"publish","type":"page","link":"https:\/\/www.projektakademien.se\/pa\/ledamoter\/bredin-karin\/","title":{"rendered":"Bredin, Karin"},"content":{"rendered":"<table border=\"0\" cellspacing=\"0\" cellpadding=\"0\">\n<tbody>\n<tr>\n<td align=\"left\" valign=\"top\" width=\"300\">\n<h3>Karin Bredin<\/h3>\n<p>Ek Dr, Docent<br \/>\nLink\u00f6pings Universitet<\/p>\n<p><strong>Telefon<\/strong> 013 &#8211; 281 558<\/p>\n<p><strong>E-post <a href=\"mailto:karin.bredin@liu.se\">karin.bredin@liu.se<\/a><\/strong><\/td>\n<td align=\"right\" valign=\"top\" width=\"300\"><a href=\"http:\/\/www.projektakademien.se\/pa\/wp-content\/uploads\/2016\/03\/Karin-Bredin2-e1456818816833.jpeg\"><img loading=\"lazy\" class=\"alignright size-medium wp-image-2858\" title=\"Karin-Bredin2\" src=\"http:\/\/www.projektakademien.se\/pa\/wp-content\/uploads\/2016\/03\/Karin-Bredin2-e1456818816833-300x287.jpg\" alt=\"\" width=\"300\" height=\"287\" srcset=\"https:\/\/www.projektakademien.se\/pa\/wp-content\/uploads\/2016\/03\/Karin-Bredin2-e1456818816833-300x287.jpg 300w, https:\/\/www.projektakademien.se\/pa\/wp-content\/uploads\/2016\/03\/Karin-Bredin2-e1456818816833-1024x981.jpg 1024w\" sizes=\"(max-width: 300px) 100vw, 300px\" \/><\/a><\/td>\n<\/tr>\n<tr>\n<td colspan=\"2\" width=\"600\" height=\"20\"><\/td>\n<\/tr>\n<\/tbody>\n<\/table>\n<p><strong>Bakgrund <\/strong>Karin \u00e4r docent i f\u00f6retagsekonomi och verksam vid avdelningen F\u00f6retagsekonomi p\u00e5 Institutionen f\u00f6r Ekonomisk och Industriell Utveckling vid Link\u00f6pings Universitet. Hon har \u00f6ver 15 \u00e5rs erfarenhet fr\u00e5n forskning och undervisning som s\u00e4tter fokus p\u00e5 personalfr\u00e5gor (HRM) och kunskapsledning i organisationer som pr\u00e4glas av projektarbete och andra flexibla och tempor\u00e4ra arbetss\u00e4tt. Karin har en rad publikationer i form av b\u00f6cker, bokkapitel, och forskningsartiklar i vetenskapliga journaler, och hennes forskning har blivit prisbel\u00f6nt genom bl a IPMA Research Award (2011) och IPMA Young Research Award (2009), Swedish Society\u2019s HR Research of the year (2009), and Emerald Award for outstanding Doctoral Research (2008). Karin har varit med att driva utvecklingen av grundutbildningsutbudet inom HRM p\u00e5 Link\u00f6pings Universitet, och h\u00e5ller i utbildningar p\u00e5 grund- och avancerad niv\u00e5. Hon har ocks\u00e5 erfarenhet fr\u00e5n s\u00e5v\u00e4l forskarutbildning som uppdragsutbildning av seniora projektledare inom n\u00e4ringslivet.<\/p>\n<p><strong>Speciella intressen<\/strong> HRM i projektbaserade organisationer, roller och strukturer f\u00f6r HRM praktikens v\u00e4rdeskapande i projektintensiva verksamheter, individer som integrat\u00f6rer av kunskap i projektteam, kunskaps\u00f6verf\u00f6ring och \u201dlessons learned\u201d.<\/p>\n","protected":false},"excerpt":{"rendered":"<p>Karin Bredin Ek Dr, Docent Link\u00f6pings Universitet Telefon 013 &#8211; 281 558 E-post karin.bredin@liu.se Bakgrund Karin \u00e4r docent i f\u00f6retagsekonomi och verksam vid avdelningen F\u00f6retagsekonomi p\u00e5 Institutionen f\u00f6r Ekonomisk och Industriell Utveckling vid Link\u00f6pings Universitet. Hon har \u00f6ver 15 \u00e5rs erfarenhet fr\u00e5n forskning och undervisning som s\u00e4tter fokus p\u00e5 personalfr\u00e5gor (HRM) och kunskapsledning i organisationer [&hellip;]<\/p>\n","protected":false},"author":1,"featured_media":0,"parent":88,"menu_order":0,"comment_status":"open","ping_status":"open","template":"","meta":{"ngg_post_thumbnail":0},"categories":[1],"tags":[],"_links":{"self":[{"href":"https:\/\/www.projektakademien.se\/pa\/wp-json\/wp\/v2\/pages\/2859"}],"collection":[{"href":"https:\/\/www.projektakademien.se\/pa\/wp-json\/wp\/v2\/pages"}],"about":[{"href":"https:\/\/www.projektakademien.se\/pa\/wp-json\/wp\/v2\/types\/page"}],"author":[{"embeddable":true,"href":"https:\/\/www.projektakademien.se\/pa\/wp-json\/wp\/v2\/users\/1"}],"replies":[{"embeddable":true,"href":"https:\/\/www.projektakademien.se\/pa\/wp-json\/wp\/v2\/comments?post=2859"}],"version-history":[{"count":16,"href":"https:\/\/www.projektakademien.se\/pa\/wp-json\/wp\/v2\/pages\/2859\/revisions"}],"predecessor-version":[{"id":3974,"href":"https:\/\/www.projektakademien.se\/pa\/wp-json\/wp\/v2\/pages\/2859\/revisions\/3974"}],"up":[{"embeddable":true,"href":"https:\/\/www.projektakademien.se\/pa\/wp-json\/wp\/v2\/pages\/88"}],"wp:attachment":[{"href":"https:\/\/www.projektakademien.se\/pa\/wp-json\/wp\/v2\/media?parent=2859"}],"wp:term":[{"taxonomy":"category","embeddable":true,"href":"https:\/\/www.projektakademien.se\/pa\/wp-json\/wp\/v2\/categories?post=2859"},{"taxonomy":"post_tag","embeddable":true,"href":"https:\/\/www.projektakademien.se\/pa\/wp-json\/wp\/v2\/tags?post=2859"}],"curies":[{"name":"wp","href":"https:\/\/api.w.org\/{rel}","templated":true}]}}