{"id":282,"date":"2010-04-08T21:01:40","date_gmt":"2010-04-08T20:01:40","guid":{"rendered":"http:\/\/www.projektakademien.se\/pa\/?page_id=282"},"modified":"2015-05-29T13:23:37","modified_gmt":"2015-05-29T12:23:37","slug":"vinnare-2003","status":"publish","type":"page","link":"https:\/\/www.projektakademien.se\/pa\/utmarkelser\/arets-projektledare\/vinnare-2003\/","title":{"rendered":"\u00c5rets Projektledare 2003"},"content":{"rendered":"<h3>\u00c5rets projektledare 2003<\/h3>\n<p>Hans Christian Kolsum, SAS har av Svenska ProjektAkademien utn\u00e4mnts till \u00c5rets Projektledare 2003. Han har ansvarat f\u00f6r introduktionen av 4 olika flygplanstyper av modellen Airbus, ett projekt som har blivit en succ\u00e9 inom SAS och som resulterat i m\u00e5nga n\u00f6jda kunder och andra intressenter.<\/p>\n<p>Projektet, som utf\u00f6rts i internationell milj\u00f6 med h\u00f6g komplexitet med h\u00e4nsyn till uppgift, teknik och projektf\u00f6rlopp, har genomf\u00f6rts enligt uppsatta m\u00e5l f\u00f6r alla flygplanstyper. Detta har skett p\u00e5 utsatt tid, till r\u00e4tt kostnad och till f\u00f6rv\u00e4ntad kvalitet.<\/p>\n<p>Hans Christian har med stor integritet, engagemang och ett humanistiskt ledarskap f\u00e5tt projektteamet att l\u00f6sa problemen inom teamet utan att delegera upp\u00e5t.<\/p>\n<p>HC:s f\u00f6rh\u00e5llningss\u00e4tt har gjort att risker har neutraliserats i ett tidigt skede och att resultatet \u00f6vertr\u00e4ffat f\u00f6rv\u00e4ntningarna hos best\u00e4llarna.<\/p>\n<p>Genom att organiseringen av projektet har baserats p\u00e5 linjens processer och ansvar blev projektavslutning enkel n\u00e4r en naturlig mottagare fanns etablerad f\u00f6r varje definierad funktion.<\/p>\n<p>Viktiga faktorer och bakgrundsdata<br \/>\n\u00b7 Fyra flygplanstyper; A321-200, A330-200 (British Midland), A330-300, A340-300<\/p>\n<p>\u00b7 Investeringen motsvarar ca 14 Miljarder SEK<\/p>\n<p>\u00b7 Projektet p\u00e5b\u00f6rjades 1999 och avslutades 2002<\/p>\n<p>\u00b7 Stor geografisk spridning med hela v\u00e4rlden inblandad och m\u00e5nga olika kulturer, ca 10 000 personer i SAS organisation ber\u00f6rs.<\/p>\n<p>\u00b7 Omfattningen innebar att hela SAS organisation engagerades; Technical, Operations, Ground, Business System och Information<\/p>\n<p>\u00b7 Ca 250 medarbetare inom tre divisioner i tre skandinaviska l\u00e4nder ingick i projektgrupperna<\/p>\n<p>\u00b7 Utbildning och \u201dfamilarization\u201d f\u00f6r alla ber\u00f6rda medarbetare inom alla funktioner<\/p>\n<p>\u00b7 Manualer och formella strukturer \u2013 inkl. myndighetsgodk\u00e4nnanden<\/p>\n<p>\u00b7 Utrustning och reservdelar i hela n\u00e4tet<\/p>\n<p>\u00b7 Aktiv riskhantering. Riskerna \u00e4gs av projektmedlemmarna<\/p>\n<p>\u00b7 Tydliga beslutsv\u00e4gar<\/p>\n<p>\u00b7 Generalist som projektledare, han b\u00f6rjade som teaterproducent<\/p>\n<p><a href=\"http:\/\/www.projektakademien.se\/pa\/wp-content\/uploads\/2012\/09\/HC-Kolsum.pdf\">L\u00e4s Torbj\u00f6rn Wenells intervju med Hans Christian Kolsum<\/a><\/p>\n<p>Sedan 1995 delar Svenska ProjektAkademien ut utm\u00e4rkelsen till en person som har fr\u00e4mjat utvecklingen och till\u00e4mpningen av projektformen i svenskt arbetsliv. ProjektAkademien g\u00f6r bed\u00f6mningen efter ledarskapets utf\u00f6rande, resultatet av genomf\u00f6rd verksamhet, projektets omfattning och komplexitet samt nyt\u00e4nkande i projektarbetet.<\/p>\n<p>Svenska ProjektAkademien har till uppgift att fr\u00e4mja utvecklingen och till\u00e4mpningen av projektformen i svenskt arbetsliv. Bland akademiens ledam\u00f6ter finns tekniker, ekonomer, beteendevetare och humanister fr\u00e5n n\u00e4ringsliv, offentlig verksamhet, universitet och h\u00f6gskolor.<\/p>\n","protected":false},"excerpt":{"rendered":"<p>\u00c5rets projektledare 2003 Hans Christian Kolsum, SAS har av Svenska ProjektAkademien utn\u00e4mnts till \u00c5rets Projektledare 2003. Han har ansvarat f\u00f6r introduktionen av 4 olika flygplanstyper av modellen Airbus, ett projekt som har blivit en succ\u00e9 inom SAS och som resulterat i m\u00e5nga n\u00f6jda kunder och andra intressenter. Projektet, som utf\u00f6rts i internationell milj\u00f6 med h\u00f6g [&hellip;]<\/p>\n","protected":false},"author":1,"featured_media":0,"parent":130,"menu_order":42,"comment_status":"open","ping_status":"open","template":"","meta":{"ngg_post_thumbnail":0},"categories":[1],"tags":[],"_links":{"self":[{"href":"https:\/\/www.projektakademien.se\/pa\/wp-json\/wp\/v2\/pages\/282"}],"collection":[{"href":"https:\/\/www.projektakademien.se\/pa\/wp-json\/wp\/v2\/pages"}],"about":[{"href":"https:\/\/www.projektakademien.se\/pa\/wp-json\/wp\/v2\/types\/page"}],"author":[{"embeddable":true,"href":"https:\/\/www.projektakademien.se\/pa\/wp-json\/wp\/v2\/users\/1"}],"replies":[{"embeddable":true,"href":"https:\/\/www.projektakademien.se\/pa\/wp-json\/wp\/v2\/comments?post=282"}],"version-history":[{"count":12,"href":"https:\/\/www.projektakademien.se\/pa\/wp-json\/wp\/v2\/pages\/282\/revisions"}],"predecessor-version":[{"id":2611,"href":"https:\/\/www.projektakademien.se\/pa\/wp-json\/wp\/v2\/pages\/282\/revisions\/2611"}],"up":[{"embeddable":true,"href":"https:\/\/www.projektakademien.se\/pa\/wp-json\/wp\/v2\/pages\/130"}],"wp:attachment":[{"href":"https:\/\/www.projektakademien.se\/pa\/wp-json\/wp\/v2\/media?parent=282"}],"wp:term":[{"taxonomy":"category","embeddable":true,"href":"https:\/\/www.projektakademien.se\/pa\/wp-json\/wp\/v2\/categories?post=282"},{"taxonomy":"post_tag","embeddable":true,"href":"https:\/\/www.projektakademien.se\/pa\/wp-json\/wp\/v2\/tags?post=282"}],"curies":[{"name":"wp","href":"https:\/\/api.w.org\/{rel}","templated":true}]}}