{"id":267,"date":"2010-04-08T20:50:38","date_gmt":"2010-04-08T19:50:38","guid":{"rendered":"http:\/\/www.projektakademien.se\/pa\/?page_id=267"},"modified":"2016-12-02T09:10:37","modified_gmt":"2016-12-02T08:10:37","slug":"pristagare-2004","status":"publish","type":"page","link":"https:\/\/www.projektakademien.se\/pa\/utmarkelser\/uppsatstavling\/pristagare-2004\/","title":{"rendered":"Uppsatspriset 2004"},"content":{"rendered":"<h3>2004 \u00e5rs uppsatspris<\/h3>\n<p>2004 \u00e5rs uppsatspris f\u00f6r b\u00e4sta examensarbete C\/D-niv\u00e5 vid h\u00f6gskola eller universitet har tilldelats Micael Gustafsson och J\u00f6rgen Sundblad f\u00f6r uppsatsen &#8220;Kontinuerlig kunskapsdelning inom och mellan projekt. En fallstudie \u00f6ver kunskapsdelning inom och mellan projekt hos Volvo Aero Corporation i Trollh\u00e4ttan&#8221;.<\/p>\n<p>Uppsatsen f\u00f6rsvarades vid Karlstads universitet och Micael och J\u00f6rgen erh\u00e5ller ett stipendium om 10.000 kronor samt ett diplom som bevis p\u00e5 utm\u00e4rkelsen.<\/p>\n<p>Prismotivering:<\/p>\n<p>Uppsaten behandlar kunskapsdelning och erfarenhetsuppbyggnad inom en projektorganiserad verksamhet. Detta omfattande problemomr\u00e5de hanteras stringent och f\u00f6rfattarna demonstrerar en god kunskap om b\u00e5de teoretiska och praktiska fr\u00e5gest\u00e4llningar. De lyckas \u00e4ven konkretisera de allm\u00e4nna fr\u00e5gest\u00e4llningarna kring l\u00e4rande och kunskap och l\u00e4gger d\u00e4rigenom grunden f\u00f6r en fruktbar analys av kunskapsdelningen vid det valda fallf\u00f6retaget, Volvo Aero. Analysen byggs upp stegvis och g\u00e5r systematiskt igenom kunskap, organisation, teknik och kultur av betydelse f\u00f6r kunskapsdelningen. Framst\u00e4llningen \u00e4r trov\u00e4rdig och informativ och slutsatserna ger v\u00e4rdefull kunskap om situationen vid fallf\u00f6retaget. Slutsatserna ger ocks\u00e5 kunskap av mer allm\u00e4n karakt\u00e4r kring de sv\u00e5righeter och m\u00f6jligheter f\u00f6r kunskapsdelningen som en projektintensiv verksamhet uppvisar. Uppsatsen \u00e4r genomg\u00e5ende v\u00e4lskriven och pedagogiskt upplagd vilket ytterligare st\u00e4rker det positiva intrycket.<\/p>\n<p>Stipendiet och diplom \u00f6verl\u00e4mnades i samband med Akademiens h\u00f6gtidsm\u00f6te i januari 2005.<\/p>\n","protected":false},"excerpt":{"rendered":"<p>2004 \u00e5rs uppsatspris 2004 \u00e5rs uppsatspris f\u00f6r b\u00e4sta examensarbete C\/D-niv\u00e5 vid h\u00f6gskola eller universitet har tilldelats Micael Gustafsson och J\u00f6rgen Sundblad f\u00f6r uppsatsen &#8220;Kontinuerlig kunskapsdelning inom och mellan projekt. En fallstudie \u00f6ver kunskapsdelning inom och mellan projekt hos Volvo Aero Corporation i Trollh\u00e4ttan&#8221;. Uppsatsen f\u00f6rsvarades vid Karlstads universitet och Micael och J\u00f6rgen erh\u00e5ller ett stipendium [&hellip;]<\/p>\n","protected":false},"author":1,"featured_media":0,"parent":141,"menu_order":50,"comment_status":"open","ping_status":"open","template":"","meta":{"ngg_post_thumbnail":0},"categories":[1],"tags":[],"_links":{"self":[{"href":"https:\/\/www.projektakademien.se\/pa\/wp-json\/wp\/v2\/pages\/267"}],"collection":[{"href":"https:\/\/www.projektakademien.se\/pa\/wp-json\/wp\/v2\/pages"}],"about":[{"href":"https:\/\/www.projektakademien.se\/pa\/wp-json\/wp\/v2\/types\/page"}],"author":[{"embeddable":true,"href":"https:\/\/www.projektakademien.se\/pa\/wp-json\/wp\/v2\/users\/1"}],"replies":[{"embeddable":true,"href":"https:\/\/www.projektakademien.se\/pa\/wp-json\/wp\/v2\/comments?post=267"}],"version-history":[{"count":8,"href":"https:\/\/www.projektakademien.se\/pa\/wp-json\/wp\/v2\/pages\/267\/revisions"}],"predecessor-version":[{"id":3023,"href":"https:\/\/www.projektakademien.se\/pa\/wp-json\/wp\/v2\/pages\/267\/revisions\/3023"}],"up":[{"embeddable":true,"href":"https:\/\/www.projektakademien.se\/pa\/wp-json\/wp\/v2\/pages\/141"}],"wp:attachment":[{"href":"https:\/\/www.projektakademien.se\/pa\/wp-json\/wp\/v2\/media?parent=267"}],"wp:term":[{"taxonomy":"category","embeddable":true,"href":"https:\/\/www.projektakademien.se\/pa\/wp-json\/wp\/v2\/categories?post=267"},{"taxonomy":"post_tag","embeddable":true,"href":"https:\/\/www.projektakademien.se\/pa\/wp-json\/wp\/v2\/tags?post=267"}],"curies":[{"name":"wp","href":"https:\/\/api.w.org\/{rel}","templated":true}]}}