{"id":265,"date":"2010-04-08T20:50:17","date_gmt":"2010-04-08T19:50:17","guid":{"rendered":"http:\/\/www.projektakademien.se\/pa\/?page_id=265"},"modified":"2016-12-02T09:10:48","modified_gmt":"2016-12-02T08:10:48","slug":"pristagare-2005","status":"publish","type":"page","link":"https:\/\/www.projektakademien.se\/pa\/utmarkelser\/uppsatstavling\/pristagare-2005\/","title":{"rendered":"Uppsatspriset 2005"},"content":{"rendered":"<h3>2005 \u00e5rs uppsatspris<\/h3>\n<p>Svenska ProjektAkademien har beslutat att Akademiens uppsatspris f\u00f6r b\u00e4sta uppsats l\u00e4s\u00e5ret 2004\/05 tilldelas<\/p>\n<p><strong>Camilla Haglund och Julien Vital <\/strong><\/p>\n<p>f\u00f6r deras uppsats Delivering on time. An investigation of how to facilitate deliveries on time becoming a norm within Chiva framlagd som magisteruppsats vid Handelsh\u00f6gskolan vid G\u00f6teborgs universitet. Priset delas ut i samarbete med forsknings- och utvecklingsn\u00e4tverket <a href=\"http:\/\/www.svenskaprojekt.nu\/\">Svenska Projekt.<\/a><\/p>\n<p><img src=\"http:\/\/www.projektakademien.nu\/images\/uppsats.JPG\" border=\"0\" alt=\"\" hspace=\"0\" align=\"bottom\" \/><\/p>\n<p>Motiveringen \u00e4r f\u00f6ljande:<\/p>\n<p>Uppsatsen behandlar verksamhetsutveckling inom ett internationellt f\u00f6retags projektverksamhet. Mer precist studeras f\u00f6retagets str\u00e4vanden att \u00f6ka punktligheten i projektleveranserna, det vill s\u00e4ga att leverera \u2019on time\u2019, och analysen behandlar dels hur utvecklingsprojektet genomf\u00f6rts och dels vad som har lett fram till projektets utfall samt vad som kan komma att kr\u00e4vas f\u00f6r att uppr\u00e4tth\u00e5lla de goda resultaten.<\/p>\n<p>Analysen visar att f\u00f6retagets haft ett tydligt och kommunicerat fokus p\u00e5 tidsstyrning, tydliggjort olika roller i f\u00f6retaget och lyckats \u00e5stadkomma en b\u00e4ttre integration mellan linje och projekt. Man har ocks\u00e5 l\u00e4ttat p\u00e5 kraven f\u00f6r gate-passager, f\u00f6rhandlat tider med kunder och anv\u00e4nt olika genv\u00e4gar i beslutsprocessen f\u00f6r att uppn\u00e5 de positiva resultaten. Uppsatsen avslutas med ett antal rekommendationer f\u00f6r att forts\u00e4ttningsvis kunna uppr\u00e4tth\u00e5lla f\u00f6retagets f\u00f6rm\u00e5ga att leverera i tid.<\/p>\n<p>Uppsatsen \u00e4r genomg\u00e5ende v\u00e4lskriven och studien \u00e4r systematiskt genomf\u00f6rd och rapporterad. F\u00f6rfattarna visar p\u00e5 stora insikter i den problematik man studerar och en god f\u00f6rm\u00e5ga att kombinera teoretiska modeller och empiriska studier till en djupg\u00e5ende analys av det valda problemomr\u00e5det. F\u00f6rfattarna analyserar inte bara vad som har \u00e4gt rum i f\u00f6retaget utan g\u00e5r ett steg l\u00e4ngre och sp\u00e5rar orsakerna till f\u00f6r\u00e4ndringarna. D\u00e4rvidlag n\u00e5r uppsatsen l\u00e4ngre i analytiskt h\u00e4nseende utan att bli spekulativ eller tentativ. Sammantaget ger studien bidrag till f\u00f6rst\u00e5elsen av f\u00f6r\u00e4ndringsprojekt och hur de kan drivas samt till en \u00f6kad insikt i de utmaningar som projektorganiserade f\u00f6retag har att hantera n\u00e4r det g\u00e4ller tidsstyrningen.\u201d<\/p>\n<p>Priset best\u00e5r av ett stipendium om 10.000 kronor som m\u00f6jliggjorts tack vara finansiering fr\u00e5n forsknings- och utvecklingsn\u00e4tverket <a href=\"http:\/\/www.svenskaprojekt.nu\/\">Svenska Projekt<\/a>. Det delades ut i samband med Svenska ProjektAkademiens h\u00f6gtidsm\u00f6te den 8 december i Stockholm.<\/p>\n","protected":false},"excerpt":{"rendered":"<p>2005 \u00e5rs uppsatspris Svenska ProjektAkademien har beslutat att Akademiens uppsatspris f\u00f6r b\u00e4sta uppsats l\u00e4s\u00e5ret 2004\/05 tilldelas Camilla Haglund och Julien Vital f\u00f6r deras uppsats Delivering on time. An investigation of how to facilitate deliveries on time becoming a norm within Chiva framlagd som magisteruppsats vid Handelsh\u00f6gskolan vid G\u00f6teborgs universitet. Priset delas ut i samarbete med [&hellip;]<\/p>\n","protected":false},"author":1,"featured_media":0,"parent":141,"menu_order":49,"comment_status":"open","ping_status":"open","template":"","meta":{"ngg_post_thumbnail":0},"categories":[1],"tags":[],"_links":{"self":[{"href":"https:\/\/www.projektakademien.se\/pa\/wp-json\/wp\/v2\/pages\/265"}],"collection":[{"href":"https:\/\/www.projektakademien.se\/pa\/wp-json\/wp\/v2\/pages"}],"about":[{"href":"https:\/\/www.projektakademien.se\/pa\/wp-json\/wp\/v2\/types\/page"}],"author":[{"embeddable":true,"href":"https:\/\/www.projektakademien.se\/pa\/wp-json\/wp\/v2\/users\/1"}],"replies":[{"embeddable":true,"href":"https:\/\/www.projektakademien.se\/pa\/wp-json\/wp\/v2\/comments?post=265"}],"version-history":[{"count":8,"href":"https:\/\/www.projektakademien.se\/pa\/wp-json\/wp\/v2\/pages\/265\/revisions"}],"predecessor-version":[{"id":3024,"href":"https:\/\/www.projektakademien.se\/pa\/wp-json\/wp\/v2\/pages\/265\/revisions\/3024"}],"up":[{"embeddable":true,"href":"https:\/\/www.projektakademien.se\/pa\/wp-json\/wp\/v2\/pages\/141"}],"wp:attachment":[{"href":"https:\/\/www.projektakademien.se\/pa\/wp-json\/wp\/v2\/media?parent=265"}],"wp:term":[{"taxonomy":"category","embeddable":true,"href":"https:\/\/www.projektakademien.se\/pa\/wp-json\/wp\/v2\/categories?post=265"},{"taxonomy":"post_tag","embeddable":true,"href":"https:\/\/www.projektakademien.se\/pa\/wp-json\/wp\/v2\/tags?post=265"}],"curies":[{"name":"wp","href":"https:\/\/api.w.org\/{rel}","templated":true}]}}