{"id":2642,"date":"2015-06-30T12:22:49","date_gmt":"2015-06-30T11:22:49","guid":{"rendered":"http:\/\/www.projektakademien.se\/pa\/?page_id=2642"},"modified":"2018-08-22T20:46:15","modified_gmt":"2018-08-22T19:46:15","slug":"claesson-christer","status":"publish","type":"page","link":"https:\/\/www.projektakademien.se\/pa\/ledamoter\/claesson-christer\/","title":{"rendered":"Claesson, Christer"},"content":{"rendered":"<table border=\"0\" cellspacing=\"0\" cellpadding=\"0\">\n<tbody>\n<tr>\n<td align=\"left\" valign=\"top\" width=\"300\">\n<h3>Christer Claesson<\/h3>\n<p>Projektenhetschef<br \/>\nTrafikverket Investering<\/p>\n<p>G\u00f6teborg<\/p>\n<p><strong>Mobil<\/strong> 070 &#8211; 609 39 50<\/p>\n<p><strong>E-post <a href=\"mailto:christer.claesson@trafikverket.se\">christer.claesson@trafikverket.se<\/a><\/strong><\/p>\n<p><strong>Ledamot av HBO<\/strong><\/td>\n<td align=\"right\" valign=\"top\" width=\"300\"><a href=\"http:\/\/www.projektakademien.se\/pa\/wp-content\/uploads\/2015\/06\/Christer.jpeg\"><img loading=\"lazy\" class=\"alignright size-medium wp-image-952\" title=\"Christer Claesson\" src=\"http:\/\/www.projektakademien.se\/pa\/wp-content\/uploads\/2015\/06\/Christer.jpeg\" alt=\"\" width=\"106\" height=\"159\" \/><\/a><\/td>\n<\/tr>\n<tr>\n<td colspan=\"2\" width=\"600\" height=\"20\"><\/td>\n<\/tr>\n<\/tbody>\n<\/table>\n<p><strong>Bakgrund<\/strong> Christer Claesson har arbetat med anl\u00e4ggningsprojekt (projektering och byggande) i statlig regi sedan tidigt 80-tal. B\u00f6rjade p\u00e5 V\u00e4gverket 1983 och har under tiden fram till nu verkat i flera olika roller s\u00e5som projektmedarbetare, projektledare och nu de senaste 12 \u00e5ren som projektenhetschef. Ansvarar nu f\u00f6r en projektenhet p\u00e5 Trafikverket som genomf\u00f6r v\u00e4g- och j\u00e4rnv\u00e4gsprojekt i storstadsmilj\u00f6 ( G\u00f6teborg). 2003 s\u00e5 certifierade sig Christer inom IPMAs B-niv\u00e5 (senior projektledare), ej recertifierad. Christer har \u00e4ven under sin tid p\u00e5 Trafikverket jobbat med utvecklingen av projektledare och har ansvarat f\u00f6r framtagande av en utbildning med fokus p\u00e5 projektledning i best\u00e4llarorganisation i slutet av 2000-talet.<\/p>\n<p><strong>Speciella intressen:<\/strong> Projektledning, samverkan och erfarenhets\u00e5terf\u00f6ring inom projekt<\/p>\n","protected":false},"excerpt":{"rendered":"<p>Christer Claesson Projektenhetschef Trafikverket Investering G\u00f6teborg Mobil 070 &#8211; 609 39 50 E-post christer.claesson@trafikverket.se Ledamot av HBO Bakgrund Christer Claesson har arbetat med anl\u00e4ggningsprojekt (projektering och byggande) i statlig regi sedan tidigt 80-tal. B\u00f6rjade p\u00e5 V\u00e4gverket 1983 och har under tiden fram till nu verkat i flera olika roller s\u00e5som projektmedarbetare, projektledare och nu de [&hellip;]<\/p>\n","protected":false},"author":1,"featured_media":0,"parent":88,"menu_order":0,"comment_status":"open","ping_status":"open","template":"","meta":{"ngg_post_thumbnail":0},"categories":[1],"tags":[],"_links":{"self":[{"href":"https:\/\/www.projektakademien.se\/pa\/wp-json\/wp\/v2\/pages\/2642"}],"collection":[{"href":"https:\/\/www.projektakademien.se\/pa\/wp-json\/wp\/v2\/pages"}],"about":[{"href":"https:\/\/www.projektakademien.se\/pa\/wp-json\/wp\/v2\/types\/page"}],"author":[{"embeddable":true,"href":"https:\/\/www.projektakademien.se\/pa\/wp-json\/wp\/v2\/users\/1"}],"replies":[{"embeddable":true,"href":"https:\/\/www.projektakademien.se\/pa\/wp-json\/wp\/v2\/comments?post=2642"}],"version-history":[{"count":13,"href":"https:\/\/www.projektakademien.se\/pa\/wp-json\/wp\/v2\/pages\/2642\/revisions"}],"predecessor-version":[{"id":3480,"href":"https:\/\/www.projektakademien.se\/pa\/wp-json\/wp\/v2\/pages\/2642\/revisions\/3480"}],"up":[{"embeddable":true,"href":"https:\/\/www.projektakademien.se\/pa\/wp-json\/wp\/v2\/pages\/88"}],"wp:attachment":[{"href":"https:\/\/www.projektakademien.se\/pa\/wp-json\/wp\/v2\/media?parent=2642"}],"wp:term":[{"taxonomy":"category","embeddable":true,"href":"https:\/\/www.projektakademien.se\/pa\/wp-json\/wp\/v2\/categories?post=2642"},{"taxonomy":"post_tag","embeddable":true,"href":"https:\/\/www.projektakademien.se\/pa\/wp-json\/wp\/v2\/tags?post=2642"}],"curies":[{"name":"wp","href":"https:\/\/api.w.org\/{rel}","templated":true}]}}