{"id":263,"date":"2010-04-08T20:49:57","date_gmt":"2010-04-08T19:49:57","guid":{"rendered":"http:\/\/www.projektakademien.se\/pa\/?page_id=263"},"modified":"2016-12-02T09:11:13","modified_gmt":"2016-12-02T08:11:13","slug":"pristagare-2006","status":"publish","type":"page","link":"https:\/\/www.projektakademien.se\/pa\/utmarkelser\/uppsatstavling\/pristagare-2006\/","title":{"rendered":"Uppsatspriset 2006"},"content":{"rendered":"<h3>2006 \u00e5rs uppsatspris<\/h3>\n<p>Till mottagare av uppsatspriset avseende b\u00e4sta kandidat\/magisteruppsats framlagd under l\u00e4s\u00e5ret 2005\/2006 har <strong>Frida B\u00f6rjesson och Jens Nilsson <\/strong>utsetts. De bel\u00f6nas f\u00f6r f\u00f6r uppsatsen <em>\u201dManaging Attention Budgets in a Project-Based Organisation\u201d, <\/em>framlagd vid Ekonomiska institutionen vid Link\u00f6pings universitet.<\/p>\n<p>Motiveringen \u00e4r f\u00f6ljande.<\/p>\n<p><em>F\u00f6rfattarna har studerat vad som avg\u00f6r projektmedlemmars val av kommunikationskanaler. Studien baseras p\u00e5 en realtidstudie, inkluderande s\u00e5v\u00e4l observations- som intervjumetodik, av ett st\u00f6rre f\u00f6rb\u00e4ttringsprojekt inom Tetra Pak. Uppsatsen ger ett mycket ambiti\u00f6st och genomarbetat intryck. Skrivningen \u00e4r bra och vilar p\u00e5 solid teoretisk grund. \u00c4ven det empiriska arbetet \u00e4r rimligt v\u00e4l beskrivet och bottnar p\u00e5 relativt omfattande empiriskt arbete med f\u00f6rh\u00e5llandevis m\u00e5nga intervjuer som ocks\u00e5 \u00e5terges p\u00e5 ett f\u00f6rtj\u00e4nstfullt s\u00e4tt. Uppsatsen f\u00f6rtj\u00e4nar ett mycket gott betyg genom att den p\u00e5 ett insiktsfullt s\u00e4tt behandlar ett komplext teoriomr\u00e5de, genom att den visar p\u00e5 begr\u00e4nsningar i tidigare teori, och inte minst genom att den p\u00e5 ett starkt kreativt s\u00e4tt anvisar hur man i praktiken kan effektivisera projektkommunikation. <\/em><\/p>\n<p>Hedersomn\u00e4mnande g\u00e5r till f\u00f6ljande tv\u00e5 uppsatser:<\/p>\n<p>\u00a0<em>\u201dProjektportf\u00f6ljhantering: fr\u00e5n att g\u00f6ra projekt r\u00e4tt till att g\u00f6ra r\u00e4tt projekt\u201d <\/em>av Anna Nordstr\u00f6m , Handelsh\u00f6gskolan vid Ume\u00e5 universitet<\/p>\n<p><em>Uppsatsen ger ett gott intryck och behandlar ett aktuellt och viktigt omr\u00e5de. Den \u00e4r l\u00e4tt att l\u00e4sa och utg\u00e5r fr\u00e5n forskningsfrontens klassiska skrifter och \u00e4ven n\u00e5gra senare bidrag. Uppsatsen bidrar p\u00e5 flera s\u00e4tt till omr\u00e5det projektportf\u00f6ljhantering och visar tydligt hur detta kan f\u00f6rb\u00e4ttras i praktiken. <\/em><\/p>\n<p><em>\u201dStyrning av processer i en multiprojektmilj\u00f6: en fallstudie p\u00e5 IKEA\u201d <\/em>av Anna Nordell och Carina Sj\u00f6str\u00f6m , Tekniska h\u00f6gskolan, Link\u00f6pings universitet<\/p>\n<p><em>Denna uppsats har tydlig karakt\u00e4r av ett examensarbete. Uppsatsen har skrivits p\u00e5 uppdrag av IKEA och syftar till att analysera verksam\u00adhetsprocesserna inom en multiprojektorganisation. Uppsatsen \u00e4r omfattande och ambiti\u00f6s med rimligt v\u00e4l t\u00e4ckta teorier och god empiri. F\u00f6rfattarna lyckas balansera mellan att skriva ett kritiskt, sj\u00e4lvst\u00e4ndigt arbete och samtidigt g\u00f6ra det p\u00e5 uppdrag \u00e5t ett f\u00f6retag. Inom kategorin examensarbeten s\u00e5 framst\u00e5r dock detta arbete som bra s\u00e5v\u00e4l sett till det praktiska inneh\u00e5llet som val av litteratur och teorier. <\/em><\/p>\n","protected":false},"excerpt":{"rendered":"<p>2006 \u00e5rs uppsatspris Till mottagare av uppsatspriset avseende b\u00e4sta kandidat\/magisteruppsats framlagd under l\u00e4s\u00e5ret 2005\/2006 har Frida B\u00f6rjesson och Jens Nilsson utsetts. De bel\u00f6nas f\u00f6r f\u00f6r uppsatsen \u201dManaging Attention Budgets in a Project-Based Organisation\u201d, framlagd vid Ekonomiska institutionen vid Link\u00f6pings universitet. Motiveringen \u00e4r f\u00f6ljande. F\u00f6rfattarna har studerat vad som avg\u00f6r projektmedlemmars val av kommunikationskanaler. Studien baseras [&hellip;]<\/p>\n","protected":false},"author":1,"featured_media":0,"parent":141,"menu_order":48,"comment_status":"open","ping_status":"open","template":"","meta":{"ngg_post_thumbnail":0},"categories":[1],"tags":[],"_links":{"self":[{"href":"https:\/\/www.projektakademien.se\/pa\/wp-json\/wp\/v2\/pages\/263"}],"collection":[{"href":"https:\/\/www.projektakademien.se\/pa\/wp-json\/wp\/v2\/pages"}],"about":[{"href":"https:\/\/www.projektakademien.se\/pa\/wp-json\/wp\/v2\/types\/page"}],"author":[{"embeddable":true,"href":"https:\/\/www.projektakademien.se\/pa\/wp-json\/wp\/v2\/users\/1"}],"replies":[{"embeddable":true,"href":"https:\/\/www.projektakademien.se\/pa\/wp-json\/wp\/v2\/comments?post=263"}],"version-history":[{"count":9,"href":"https:\/\/www.projektakademien.se\/pa\/wp-json\/wp\/v2\/pages\/263\/revisions"}],"predecessor-version":[{"id":3025,"href":"https:\/\/www.projektakademien.se\/pa\/wp-json\/wp\/v2\/pages\/263\/revisions\/3025"}],"up":[{"embeddable":true,"href":"https:\/\/www.projektakademien.se\/pa\/wp-json\/wp\/v2\/pages\/141"}],"wp:attachment":[{"href":"https:\/\/www.projektakademien.se\/pa\/wp-json\/wp\/v2\/media?parent=263"}],"wp:term":[{"taxonomy":"category","embeddable":true,"href":"https:\/\/www.projektakademien.se\/pa\/wp-json\/wp\/v2\/categories?post=263"},{"taxonomy":"post_tag","embeddable":true,"href":"https:\/\/www.projektakademien.se\/pa\/wp-json\/wp\/v2\/tags?post=263"}],"curies":[{"name":"wp","href":"https:\/\/api.w.org\/{rel}","templated":true}]}}