{"id":261,"date":"2010-04-08T20:49:36","date_gmt":"2010-04-08T19:49:36","guid":{"rendered":"http:\/\/www.projektakademien.se\/pa\/?page_id=261"},"modified":"2016-12-02T09:11:26","modified_gmt":"2016-12-02T08:11:26","slug":"pristagare-2007","status":"publish","type":"page","link":"https:\/\/www.projektakademien.se\/pa\/utmarkelser\/uppsatstavling\/pristagare-2007\/","title":{"rendered":"Uppsatspriset 2007"},"content":{"rendered":"<h3>2007 \u00e5rs uppsatspris<\/h3>\n<p>Till mottagare av Akademiens uppsatspris 2006\/2007 utses Katarina Fornander, Victor Mannerholm Hammar och Johan Ottosson f\u00f6r uppsatsen <em>Projektn\u00e4tverk. Ett nytt s\u00e4tt att organisera l\u00e4kemedelsutveckling<\/em>, framlagd vid Kungliga Tekniska H\u00f6gskolan.<\/p>\n<p>Motiveringen \u00e4r f\u00f6ljande.<\/p>\n<p>&#8220;I uppsatsen studeras projektn\u00e4tverk och hur s\u00e5dana n\u00e4tverk etableras och realiseras i samband med l\u00e4kemedelsutveckling. Projektn\u00e4tverk som en framv\u00e4xande och alltmer central form f\u00f6r innovativ verksamhet f\u00f6ljer bl a av den tilltagande specialiseringen inom m\u00e5nga organisationer. N\u00e4tverken blir s\u00e5ledes n\u00f6dv\u00e4ndiga instrument f\u00f6r m\u00e5nga uppgifter. Uppsatsen tar d\u00e4rmed upp ett mycket aktuellt och relevant tema f\u00f6r m\u00e5nga f\u00f6retag. Empiriskt genomf\u00f6rs ett antal fallstudier inom Karolinska Development (KD) som d\u00e4refter noggrant analyseras med avseende p\u00e5 n\u00e4tverksprocesser och relationer. Analysen visar hur latenta relationer kan aktualiseras i samband med projekten samt hur olika roller \u00f6ver tiden formas i n\u00e4tverket. Bland dessa \u00e5terfinns m\u00f6jligg\u00f6rare, avlastare och f\u00f6renklare. Bland modellens f\u00f6rdelar kan n\u00e4mnas snabbhet, f\u00f6rm\u00e5gan att skapa tillg\u00e5ng till kritiska resurser och f\u00f6rb\u00e4ttrad inl\u00e4rning. Nackdelarna har att g\u00f6ra med koordineringssv\u00e5righeter, inl\u00e5sningseffekter och kunskapsl\u00e4ckor. Uppsatsen avslutas med rekommendationer till KD. Uppsatsen \u00e4r genomg\u00e5ende v\u00e4lskriven och v\u00e4l genomarbetad, om \u00e4n n\u00e5got l\u00e5ng, och \u00e4r konsekvent genomf\u00f6rd, med ett tydligt fokus och ett mycket rikt material.&#8221;<\/p>\n<p>Hedersomn\u00e4mnande g\u00e5r till uppsatsen <em>Det \u00e4r os\u00e4kert vad det beror p\u00e5. Multiprojektstyrning i forsknings- och utvecklingsenheter <\/em>av Nils Gerdes och Daniel Windahl, Link\u00f6pings universitet.<\/p>\n<p>&#8220;Uppsatsen behandlar multiprojektorganisationer och hur styrningen i s\u00e5dana verksamheter kan organiseras. F\u00f6rfattarna g\u00f6r ett f\u00f6red\u00f6mligt arbte vad g\u00e4ller att formulera styrproblematiken i multiprojektmilj\u00f6er och sedan empiriskt kartl\u00e4gga skillnader och likheter mellan olika styrmilj\u00f6er. Resultatet som presenteras \u00e4r en mycket intressant analys av f\u00f6rh\u00e5llandet mellan organisationstyp, verksamhetsf\u00f6ruts\u00e4ttningar och styrproblematik vilket ger vid handen att multiprojektmilj\u00f6er uppvisar skillnader vad g\u00e4ller till exempel koordinering och integration. Utifr\u00e5n detta karakt\u00e4riseras tre olika \u201didealtyper\u201d av verksamhetsstyrning som var och en har sina s\u00e4rskilda egenskaper och m\u00f6jligheter.&#8221;<\/p>\n","protected":false},"excerpt":{"rendered":"<p>2007 \u00e5rs uppsatspris Till mottagare av Akademiens uppsatspris 2006\/2007 utses Katarina Fornander, Victor Mannerholm Hammar och Johan Ottosson f\u00f6r uppsatsen Projektn\u00e4tverk. Ett nytt s\u00e4tt att organisera l\u00e4kemedelsutveckling, framlagd vid Kungliga Tekniska H\u00f6gskolan. Motiveringen \u00e4r f\u00f6ljande. &#8220;I uppsatsen studeras projektn\u00e4tverk och hur s\u00e5dana n\u00e4tverk etableras och realiseras i samband med l\u00e4kemedelsutveckling. Projektn\u00e4tverk som en framv\u00e4xande och [&hellip;]<\/p>\n","protected":false},"author":1,"featured_media":0,"parent":141,"menu_order":47,"comment_status":"open","ping_status":"open","template":"","meta":{"ngg_post_thumbnail":0},"categories":[1],"tags":[],"_links":{"self":[{"href":"https:\/\/www.projektakademien.se\/pa\/wp-json\/wp\/v2\/pages\/261"}],"collection":[{"href":"https:\/\/www.projektakademien.se\/pa\/wp-json\/wp\/v2\/pages"}],"about":[{"href":"https:\/\/www.projektakademien.se\/pa\/wp-json\/wp\/v2\/types\/page"}],"author":[{"embeddable":true,"href":"https:\/\/www.projektakademien.se\/pa\/wp-json\/wp\/v2\/users\/1"}],"replies":[{"embeddable":true,"href":"https:\/\/www.projektakademien.se\/pa\/wp-json\/wp\/v2\/comments?post=261"}],"version-history":[{"count":10,"href":"https:\/\/www.projektakademien.se\/pa\/wp-json\/wp\/v2\/pages\/261\/revisions"}],"predecessor-version":[{"id":3026,"href":"https:\/\/www.projektakademien.se\/pa\/wp-json\/wp\/v2\/pages\/261\/revisions\/3026"}],"up":[{"embeddable":true,"href":"https:\/\/www.projektakademien.se\/pa\/wp-json\/wp\/v2\/pages\/141"}],"wp:attachment":[{"href":"https:\/\/www.projektakademien.se\/pa\/wp-json\/wp\/v2\/media?parent=261"}],"wp:term":[{"taxonomy":"category","embeddable":true,"href":"https:\/\/www.projektakademien.se\/pa\/wp-json\/wp\/v2\/categories?post=261"},{"taxonomy":"post_tag","embeddable":true,"href":"https:\/\/www.projektakademien.se\/pa\/wp-json\/wp\/v2\/tags?post=261"}],"curies":[{"name":"wp","href":"https:\/\/api.w.org\/{rel}","templated":true}]}}