{"id":258,"date":"2010-04-08T20:48:31","date_gmt":"2010-04-08T19:48:31","guid":{"rendered":"http:\/\/www.projektakademien.se\/pa\/?page_id=258"},"modified":"2016-12-02T09:11:43","modified_gmt":"2016-12-02T08:11:43","slug":"uppsatspris-2008","status":"publish","type":"page","link":"https:\/\/www.projektakademien.se\/pa\/utmarkelser\/uppsatstavling\/uppsatspris-2008\/","title":{"rendered":"Uppsatspriset 2008"},"content":{"rendered":"<h3>Svenska Projektakademiens uppsatspris 2008<\/h3>\n<p>tilldelas Maria Landh och H\u00e5kan S\u00f6rin, Link\u00f6pings universitet, f\u00f6r deras uppsats: <em>Choosing survival &#8211; Selecting change: A conceptual map for understanding how project selection principles influence organizational change<\/em>.<\/p>\n<p>Juryns motivering lyder:<\/p>\n<p>&#8220;Detta \u00e4r en mycket ambiti\u00f6s och teoretiskt intressant uppsats. Den f\u00f6rh\u00e5ller sig dels till praktiska till\u00e4mpningar av projekturval dels s\u00e4ttar den in projekturval i ett viktigt sammanhang. Uppsatsen \u00e4r v\u00e4lskriven, behandlar aktuell teori inom omr\u00e5det men nyttjar ocks\u00e5 annan relevant teori f\u00f6r att utveckla resonemangen.&#8221;<\/p>\n<p>Projektakademien gav \u00e4ven hedersomn\u00e4mnande till examensarbetet:<\/p>\n<p><em>Best practices within pipeline management: the next step in project portfolio management <\/em>f\u00f6rfattat av Boqvist och Sigurjonsson, Kungliga Tekniska H\u00f6gskolan.<\/p>\n","protected":false},"excerpt":{"rendered":"<p>Svenska Projektakademiens uppsatspris 2008 tilldelas Maria Landh och H\u00e5kan S\u00f6rin, Link\u00f6pings universitet, f\u00f6r deras uppsats: Choosing survival &#8211; Selecting change: A conceptual map for understanding how project selection principles influence organizational change. Juryns motivering lyder: &#8220;Detta \u00e4r en mycket ambiti\u00f6s och teoretiskt intressant uppsats. Den f\u00f6rh\u00e5ller sig dels till praktiska till\u00e4mpningar av projekturval dels s\u00e4ttar [&hellip;]<\/p>\n","protected":false},"author":1,"featured_media":0,"parent":141,"menu_order":46,"comment_status":"open","ping_status":"open","template":"","meta":{"ngg_post_thumbnail":0},"categories":[1],"tags":[],"_links":{"self":[{"href":"https:\/\/www.projektakademien.se\/pa\/wp-json\/wp\/v2\/pages\/258"}],"collection":[{"href":"https:\/\/www.projektakademien.se\/pa\/wp-json\/wp\/v2\/pages"}],"about":[{"href":"https:\/\/www.projektakademien.se\/pa\/wp-json\/wp\/v2\/types\/page"}],"author":[{"embeddable":true,"href":"https:\/\/www.projektakademien.se\/pa\/wp-json\/wp\/v2\/users\/1"}],"replies":[{"embeddable":true,"href":"https:\/\/www.projektakademien.se\/pa\/wp-json\/wp\/v2\/comments?post=258"}],"version-history":[{"count":12,"href":"https:\/\/www.projektakademien.se\/pa\/wp-json\/wp\/v2\/pages\/258\/revisions"}],"predecessor-version":[{"id":3027,"href":"https:\/\/www.projektakademien.se\/pa\/wp-json\/wp\/v2\/pages\/258\/revisions\/3027"}],"up":[{"embeddable":true,"href":"https:\/\/www.projektakademien.se\/pa\/wp-json\/wp\/v2\/pages\/141"}],"wp:attachment":[{"href":"https:\/\/www.projektakademien.se\/pa\/wp-json\/wp\/v2\/media?parent=258"}],"wp:term":[{"taxonomy":"category","embeddable":true,"href":"https:\/\/www.projektakademien.se\/pa\/wp-json\/wp\/v2\/categories?post=258"},{"taxonomy":"post_tag","embeddable":true,"href":"https:\/\/www.projektakademien.se\/pa\/wp-json\/wp\/v2\/tags?post=258"}],"curies":[{"name":"wp","href":"https:\/\/api.w.org\/{rel}","templated":true}]}}