{"id":2549,"date":"2015-05-11T08:17:08","date_gmt":"2015-05-11T07:17:08","guid":{"rendered":"http:\/\/www.projektakademien.se\/pa\/?page_id=2549"},"modified":"2018-08-22T20:41:20","modified_gmt":"2018-08-22T19:41:20","slug":"lindahl-marcus","status":"publish","type":"page","link":"https:\/\/www.projektakademien.se\/pa\/ledamoter\/lindahl-marcus\/","title":{"rendered":"Lindahl, Marcus"},"content":{"rendered":"<table border=\"0\" cellspacing=\"0\" cellpadding=\"0\">\n<tbody>\n<tr>\n<td width=\"300\" align=\"left\" valign=\"top\">\n<h3>Marcus Lindahl<\/h3>\n<p>Professor<br \/>\nUppsala Universitet, Industriell teknik<\/p>\n<p>Uppsala<\/p>\n<p><strong>Tel:<\/strong> 018-471 31 26<br \/>\n<strong>Mobil:<\/strong> 070-167 92 43<\/p>\n<p><strong>E-post <a href=\"mailto:marcus.lindahl@angstrom.uu.se\">marcus.lindahl@angstrom.uu.se<\/a><\/strong><\/td>\n<td width=\"300\" align=\"right\" valign=\"top\"><a href=\"http:\/\/www.projektakademien.se\/pa\/wp-content\/uploads\/2015\/05\/law_2014_05_27_A_4520286.jpeg\"><img loading=\"lazy\" class=\"alignright size-medium wp-image-952\" title=\"Marcus Lindahl\" src=\"http:\/\/www.projektakademien.se\/pa\/wp-content\/uploads\/2015\/05\/law_2014_05_27_A_4520286.jpeg\" alt=\"\" width=\"300\" height=\"400\" \/><\/a><a href=\"..\/wp-content\/uploads\/2010\/03\/wenell4.jpg\"><\/a><\/td>\n<\/tr>\n<tr>\n<td colspan=\"2\" width=\"600\" height=\"20\"><\/td>\n<\/tr>\n<\/tbody>\n<\/table>\n<p><strong>Bakgrund:<\/strong> Marcus Lindahl har civilingenj\u00f6rsexamen inom Industriell ekonomi fr\u00e5n Kungliga Tekniska H\u00f6gskolan. Efter grundexamen fortsatte Marcus doktorandstudier med fokus p\u00e5 komplexa systemleveranser. I ett samverkansprojekt med W\u00e4rtsil\u00e4 tillsammans med forskare fr\u00e5n KTH och \u00c5bo Akademi studerade han och hans kollegor olika aspekter av projekt och projektledning i samband med W\u00e4rtsil\u00e4s uppf\u00f6rande av dieselkraftverk runt om i v\u00e4rlden. Marcus disputerade 2003 med avhandlingen \u201dProduktion till varje pris\u201d d\u00e4r relationen mellan projektets formella planering och det som kan ben\u00e4mnas professionell improvisation. Forskningen har forts\u00e4ttningsvis utg\u00e5tt fr\u00e5n projekt av olika typer, fr\u00e5n leveransprojekt till \u201dklassiska\u201d produkt- och teknikutveckling och sm\u00e5 entrepren\u00f6riella kommersialiseringsprojekt. Forskningen har skett i n\u00e4ra samarbete med externa samarbetspartners, fr\u00e4mst med industriella men \u00e4ven offentliga partners. Marcus forskning har tematiskt utvecklats mot fr\u00e5gor kring innovation och misslyckande, teknikens betydelse f\u00f6r organisering eller t.ex. heder och hederskultur i modernt ledarskap. Projekt och tempor\u00e4r organisation har alltid varit sammanl\u00e4nkat med Marcus forskning men gradvis g\u00e5tt fr\u00e5n att vara i huvudsak ett intressant empiriskt fenomen till att allt mer bli ett centralt forskningsintresse i sig. Marcus arbetar sedan 2008 vid Uppsala Universitet och \u00e4r sedan 2011 professor och avdelningsf\u00f6rest\u00e5ndare f\u00f6r avdelningen Industriell Teknik.<\/p>\n<p>\n<strong>Inriktning<\/strong>: Marcus forskning fokuserar idag p\u00e5 projektbaserade innovationsprocesser inom konservativa milj\u00f6er d\u00e4r den tunga elektrotekniska och den omfattande sjukv\u00e5rdssektorn utg\u00f6r studieomr\u00e5den. Vid sidan om detta bedriver Marcus \u00e4ven forskning kring projektorganisationen som arbetsplats, arbetsmilj\u00f6 och karri\u00e4r.<\/p>\n<p>\n<strong>Speciella intressen<\/strong>: Svaga styrformer i projekt, kultur och identitetsutveckling som styrformer inom projektbaserade grupper, styr- och ledningsproblematik mellan den permanenta och tempor\u00e4ra organisationen<\/p>\n","protected":false},"excerpt":{"rendered":"<p>Marcus Lindahl Professor Uppsala Universitet, Industriell teknik Uppsala Tel: 018-471 31 26 Mobil: 070-167 92 43 E-post marcus.lindahl@angstrom.uu.se Bakgrund: Marcus Lindahl har civilingenj\u00f6rsexamen inom Industriell ekonomi fr\u00e5n Kungliga Tekniska H\u00f6gskolan. Efter grundexamen fortsatte Marcus doktorandstudier med fokus p\u00e5 komplexa systemleveranser. I ett samverkansprojekt med W\u00e4rtsil\u00e4 tillsammans med forskare fr\u00e5n KTH och \u00c5bo Akademi studerade han [&hellip;]<\/p>\n","protected":false},"author":1,"featured_media":0,"parent":88,"menu_order":0,"comment_status":"open","ping_status":"open","template":"","meta":{"ngg_post_thumbnail":0},"categories":[1],"tags":[],"_links":{"self":[{"href":"https:\/\/www.projektakademien.se\/pa\/wp-json\/wp\/v2\/pages\/2549"}],"collection":[{"href":"https:\/\/www.projektakademien.se\/pa\/wp-json\/wp\/v2\/pages"}],"about":[{"href":"https:\/\/www.projektakademien.se\/pa\/wp-json\/wp\/v2\/types\/page"}],"author":[{"embeddable":true,"href":"https:\/\/www.projektakademien.se\/pa\/wp-json\/wp\/v2\/users\/1"}],"replies":[{"embeddable":true,"href":"https:\/\/www.projektakademien.se\/pa\/wp-json\/wp\/v2\/comments?post=2549"}],"version-history":[{"count":9,"href":"https:\/\/www.projektakademien.se\/pa\/wp-json\/wp\/v2\/pages\/2549\/revisions"}],"predecessor-version":[{"id":3471,"href":"https:\/\/www.projektakademien.se\/pa\/wp-json\/wp\/v2\/pages\/2549\/revisions\/3471"}],"up":[{"embeddable":true,"href":"https:\/\/www.projektakademien.se\/pa\/wp-json\/wp\/v2\/pages\/88"}],"wp:attachment":[{"href":"https:\/\/www.projektakademien.se\/pa\/wp-json\/wp\/v2\/media?parent=2549"}],"wp:term":[{"taxonomy":"category","embeddable":true,"href":"https:\/\/www.projektakademien.se\/pa\/wp-json\/wp\/v2\/categories?post=2549"},{"taxonomy":"post_tag","embeddable":true,"href":"https:\/\/www.projektakademien.se\/pa\/wp-json\/wp\/v2\/tags?post=2549"}],"curies":[{"name":"wp","href":"https:\/\/api.w.org\/{rel}","templated":true}]}}